{"id":8520,"date":"2014-09-30T08:51:30","date_gmt":"2014-09-30T08:51:30","guid":{"rendered":"http:\/\/www2020.vu.lt\/?page_id=8520"},"modified":"2026-02-01T17:00:29","modified_gmt":"2026-02-01T17:00:29","slug":"informacija-teveliams","status":"publish","type":"page","link":"https:\/\/www.mickunai.vilniausr.lm.lt\/?page_id=8520&amp;lang=LT","title":{"rendered":"Informacija t\u0117vams"},"content":{"rendered":"<h2 style=\"text-align: center;\"><span style=\"color: #ff0000;\"><a style=\"color: #ff0000;\" href=\"https:\/\/smsm.lrv.lt\/lt\/naujienos-1\/pranesimai-ziniasklaidai-1\/kokius-egzaminus-laikyti-abiturientai-gali-rinktis-iki-vasario-15-d-4uEL\/\">INFORMACIJA APE EGZAMIN\u0172 PASIRIKIMUS<\/a><\/span><\/h2>\n<p style=\"text-align: center;\">\u0160vietimo, mokslo ir sporto ministerija dalijasi Atmintine abiturientams (-\u0117ms).<br \/>\nAtmintin\u0117je pateikiama \u0161iemetiniams abiturientams aktuali informacija apie valstybini\u0173 brandos egzamin\u0173 sesij\u0105, pri\u0117mim\u0105 \u012f profesinio mokymo \u012fstaigas ir auk\u0161t\u0105sias mokyklas bei kitos naudingos nuorodos.<br \/>\n<a href=\"https:\/\/www.mickunai.vilniausr.lm.lt\/wp-content\/uploads\/2026\/02\/Atmintine_abiturientams_2025-26_01-29.pdf\">ATMINTIN\u0116 ABITURIENTAMS 2025-2026<\/a><\/p>\n<p style=\"text-align: center;\">\n<p style=\"text-align: center;\"><strong>K\u0105 reikia \u017einoti apie egzaminus ir NMPP?<\/strong><\/p>\n<p style=\"text-align: center;\">\ud83d\udccc Kovo m\u0117nes\u012f startuoja vienuoliktok\u0173 pirm\u0173j\u0173 dali\u0173 egzaminai.<\/p>\n<p style=\"text-align: center;\">\u27a1\ufe0f Nacionalin\u0117 \u0161vietimo agent\u016bra (N\u0160A) mokytojams bei mokiniams pareng\u0117 atsakymus \u012f da\u017eniausiai u\u017eduodamus klausimus apie egzaminus:&lt;<a href=\"https:\/\/www.nsa.smsm.lt\/tevams-ir-mokiniams\/\">https:\/\/www.nsa.smsm.lt\/tevams-ir-mokiniams\/<\/a>\/p&gt;<\/p>\n<p style=\"text-align: center;\">Tva\u0161kara\u0161\u010diai:<br \/>\n<a href=\"https:\/\/www.nsa.smsm.lt\/pasiekimu-departamentas\/egzaminai-ir-pasiekimu-patikrinimai\/nacionaliniai-mokiniu-pasiekimu-patikrinimai\/nmpp-tvarkarasciai\/\">NMPP tvarkara\u0161\u010diai<br \/>\n<\/a><a href=\"https:\/\/www.nsa.smsm.lt\/pasiekimu-departamentas\/egzaminai-ir-pasiekimu-patikrinimai\/valstybiniai-brandos-egzaminai\/vbe-tvarkarasciai\/\">VBE tvarkara\u0161\u010diai<\/a><br \/>\n<a href=\"https:\/\/www.nsa.smsm.lt\/pasiekimu-departamentas\/egzaminai-ir-pasiekimu-patikrinimai\/pagrindinio-ugdymo-pasiekimu-patikrinimai\/pupp-tvarkarastis\/\">PUPP tvarkara\u0161\u010diai<\/a><\/p>\n<p style=\"text-align: center;\">\u2705Vis\u0105 informacij\u0105 apie tarpinius patikrinimus ir brandos egzaminus sekite <a href=\"https:\/\/www.nsa.smm.lt\">https:\/\/www.nsa.smm.lt<\/a> ir <a href=\"https:\/\/www.facebook.com\/nsa.smm\">N\u0160A FB<\/a><\/p>\n<p><a href=\"https:\/\/www.e-tar.lt\/portal\/it\/legalAct\/e18db64050a911ee81b8b446907f594f\/asr\">VALSTYBINI\u0172 BRANDOS EGZAMIN\u0172 ORGANIZAVIMO IR VYKDYMO TVARKOS APRA\u0160AS<\/a><\/p>\n<h2 style=\"text-align: center;\"><\/h2>\n<p><a href=\"https:\/\/www.mickunai.vilniausr.lm.lt\/wp-content\/uploads\/2024\/12\/Atmintine.2024.12.-1.pdf\">ATMINTIN\u0116 D\u0116L DOVAN\u0172 NEPRI\u0116MIMO TVARKOS<\/a><br \/>\n<a href=\"https:\/\/www.mickunai.vilniausr.lm.lt\/wp-content\/uploads\/2024\/12\/Atmintine.jpg\"><img decoding=\"async\" loading=\"lazy\" class=\"size-medium wp-image-37864 aligncenter\" src=\"https:\/\/www.mickunai.vilniausr.lm.lt\/wp-content\/uploads\/2024\/12\/Atmintine-236x300.jpg\" alt=\"\" width=\"236\" height=\"300\" srcset=\"https:\/\/www.mickunai.vilniausr.lm.lt\/wp-content\/uploads\/2024\/12\/Atmintine-236x300.jpg 236w, https:\/\/www.mickunai.vilniausr.lm.lt\/wp-content\/uploads\/2024\/12\/Atmintine.jpg 527w\" sizes=\"(max-width: 236px) 100vw, 236px\" \/><\/a><\/p>\n<p><a href=\"https:\/\/socmin.lrv.lt\/lt\/veiklos-sritys\/socialine-integracija\/pagalba-nuo-nusikalstamos-veikos-nukentejusiems-asmenims\">Aktualiausia informacija d\u0117l pagalbos nukent\u0117jusiems asmenims<\/a><br \/>\n<a href=\"https:\/\/socmin.lrv.lt\/lt\/veiklos-sritys\/socialine-integracija\/pagalba-nuo-nusikalstamos-veikos-nukentejusiems-asmenims\/elektroninis-leidinys-ka-turi-zinoti-nukentejes-asmuo\">K\u0105 turi \u017einoti nukent\u0117j\u0119s asmuo?<\/a><\/p>\n<p><strong>Nemokama ir konfidenciali pagalba nukent\u0117jusiems nuo nusikalstam\u0173 veik\u0173 <\/strong><\/p>\n<p><a href=\"http:\/\/www2020.vu.lt\/wp-content\/uploads\/2022\/07\/Lankstinukas-nukent\u0117jusiems-asmenims.pdf\">Lankstinukas nukent\u0117jusiems asmenims<\/a><br \/>\n<a href=\"http:\/\/www2020.vu.lt\/wp-content\/uploads\/2022\/07\/Pagalbos-s\u0105ra\u0161as-nukent\u0117jusiems.pdf\">Pagalbos s\u0105ra\u0161as nukent\u0117jusiems <\/a><br \/>\n<a href=\"http:\/\/www2020.vu.lt\/wp-content\/uploads\/2022\/07\/Pagalbos_akredituotu_istaigu_sarasas.docx\">Pagalbos akredituot\u0173 \u012fstaig\u0173 s\u0105ra\u0161as<\/a><\/p>\n<h1 style=\"text-align: center;\"><a href=\"http:\/\/www2020.vu.lt\/?page_id=31123&amp;lang=LT\">UTA (ugdymo turinio atnaujinimas)<\/a><\/h1>\n<p><a href=\"https:\/\/pagalbasau.lt\/patarimai-tevams\/\">Atmintin\u0117s t\u0117vams apie vaik\u0173 emocin\u0119 sveikat\u0105<\/a><\/p>\n<p><strong>Informuojame, kad Vyriausybei paskelbus karantin\u0105, vaikai, kurie ugdomi pagal ikimokyklinio ir prie\u0161mokyklinio ugdymo programas, lankys dar\u017eelius ir mokyklas \u012fprastai. \u012estaigos n\u0117ra u\u017edaromos.<\/strong><\/p>\n<p>Mokestis u\u017e vaiko maitinim\u0105 ir ugdymo reikmi\u0173 tenkinim\u0105 Vilniaus rajono savivaldyb\u0117s \u0161vietimo \u012fstaigose, \u012fgyvendinan\u010diose ikimokyklinio ir prie\u0161mokyklinio ugdymo programas, nustatomas vadovaujantis tvarkos apra\u0161u (toliau \u2013 Tvarka), patvirtintu Vilniaus rajono savivaldyb\u0117s tarybos 2017 m. bir\u017eelio 30 d. sprendimu Nr. T3-279.<\/p>\n<p>Vadovaujantis Tvarkos 13.8. punktu T\u0117vai (glob\u0117jai, r\u016bpintojai) nemoka mokes\u010dio u\u017e vaiko maitinim\u0105 u\u017e nelankytas dienas \u0161vietimo \u012fstaigose, \u012fgyvendinan\u010diose ikimokyklinio ir prie\u0161mokyklinio ugdymo programas, u\u017e kiekvien\u0105 m\u0117nesio dien\u0105, jei vaikas nelanko \u012fstaigos d\u0117l ekstremali\u0173 \u012fvyki\u0173. Mokestis u\u017e ugdym\u0105 yra mokamas ir toliau, nes \u012fstaigos n\u0117ra u\u017edarytos, ugdymas vykdomas.<\/p>\n<p>Primename, kad prie\u0161mokyklinis ugdymas yra privalomas, tod\u0117l vadovaujantis \u0160vietimo \u012fstatymu t\u0117vai privalo u\u017etikrinti vaiko punktual\u0173 ir reguliar\u0173 \u0161vietimo \u012fstaigos lankym\u0105.<em><br \/>\n<a href=\"http:\/\/www2020.vu.lt\/wp-content\/uploads\/2020\/03\/covidd-19.jpg\"><img decoding=\"async\" loading=\"lazy\" class=\"aligncenter size-full wp-image-26725\" src=\"http:\/\/www2020.vu.lt\/wp-content\/uploads\/2020\/03\/covidd-19.jpg\" alt=\"covidd-19\" width=\"1600\" height=\"880\" srcset=\"https:\/\/www.mickunai.vilniausr.lm.lt\/wp-content\/uploads\/2020\/03\/covidd-19.jpg 1600w, https:\/\/www.mickunai.vilniausr.lm.lt\/wp-content\/uploads\/2020\/03\/covidd-19-300x165.jpg 300w, https:\/\/www.mickunai.vilniausr.lm.lt\/wp-content\/uploads\/2020\/03\/covidd-19-768x422.jpg 768w, https:\/\/www.mickunai.vilniausr.lm.lt\/wp-content\/uploads\/2020\/03\/covidd-19-1024x563.jpg 1024w\" sizes=\"(max-width: 1600px) 100vw, 1600px\" \/><\/a><\/em><\/p>\n<p style=\"text-align: left;\">\n<p><strong>Nuo rugs\u0117jo 1 d. prie\u0161mokyklinukai ir pirmokai pietaus nemokamai<br \/>\n<\/strong><br \/>\n2019 m. gruod\u017eio 5 d. \u012fsigaliojus Lietuvos Respublikos socialin\u0117s paramos mokiniams \u012fstatymo pakeitimams nuo 2020 m. rugs\u0117jo 1 d. visi prie\u0161mokyklinukai ir pirmokai visose Vilniaus rajono savivaldyb\u0117s mokyklose, \u012fskaitant ikimokyklinio ugdymo mokyklas, turi teis\u0119 \u012f nemokamus pietus, nevertinat j\u0173 t\u0117v\u0173 (glob\u0117j\u0173, r\u016bpintoj\u0173) gaunam\u0173 pajam\u0173.<\/p>\n<p>Atkreipiame d\u0117mes\u012f, kad d\u0117l nemokam\u0173 piet\u0173 (nevertinant gaunam\u0173 pajam\u0173) vienas i\u0161 prie\u0161mokyklinio am\u017eiaus grup\u0117s ar pirmos klas\u0117s mokinio t\u0117v\u0173 (glob\u0117j\u0173, r\u016bpintoj\u0173) jau nuo \u0161. m. liepos 1 d. gali kreiptis \u012f gyvenamosios vietos seni\u016bnij\u0105 (jeigu gyvenamoji vieta nedeklaruot\u0105 \u2013 \u012f seni\u016bnij\u0105, kurioje fakti\u0161kai (gyvena) arba pateikti pra\u0161ym\u0105 elektroniniu b\u016bdu per Socialines paramos \u0161eimai informacin\u0119 sistem\u0105 www.spis.lt.<br \/>\nApie \u012fstatymo pakeitimus skaitykite: parama mokiniams<br \/>\n**************************************************************************<br \/>\n<strong>Aktual\u016bs dokumentai mokini\u0173 t\u0117vams:<\/strong><\/p>\n<p><a href=\"http:\/\/www2020.vu.lt\/wp-content\/uploads\/2019\/05\/Pri\u0117mimas-\u012f-mokykl\u0105-pra\u0161ymo-forma-1.doc\">Pri\u0117mimo \u012f mokykl\u0105 pra\u0161ymo forma<\/a><\/p>\n<p><a href=\"http:\/\/www2020.vu.lt\/wp-content\/uploads\/2014\/08\/VILNIAUS-R.-MICK\u016aN\u0172-GIMNAZIJOS-MOKINI\u0172-ELGESIO-TAISYKL\u0116S.doc\">Vilniaus r. Mick\u016bn\u0173 gimnazijos mokini\u0173 elgesio taisykl\u0117s<\/a><\/p>\n<p><a href=\"http:\/\/www2020.vu.lt\/wp-content\/uploads\/2020\/08\/VILNIAUS-R.-MICK\u016aN\u0172-GIMNAZIJOS-NUOSTATAI.doc\">Vilniaus r. Mick\u016bn\u0173 gimnazijos nuostatai<\/a><\/p>\n<p><a href=\"http:\/\/www2020.vu.lt\/wp-content\/uploads\/2020\/03\/gimnazijos-nuotolinio-mokymo-taisykles-1.docx\">Mick\u016bn\u0173 gimnazijos nuotolinio mokymo taisykl\u0117s<\/a><\/p>\n<p><a href=\"http:\/\/www2020.vu.lt\/wp-content\/uploads\/2020\/03\/NM_elgesio_internete_taisykles-1.docx\">Nuotolinio mokymosi elgesio internete taisykl\u0117s<\/a><\/p>\n<p>*************************************************************************<\/p>\n<p><strong>Naudinga nuoroda: <a href=\"http:\/\/www2020.vu.lt\/wp-content\/uploads\/2014\/09\/Psichologo-informacija-t\u0117vams.docx\">Psichologo informacija t\u0117vams<br \/>\n<\/a><\/strong><\/p>\n<p><strong>Naudinga nuoroda:\u00a0<a href=\"http:\/\/www2020.vu.lt\/wp-content\/uploads\/2014\/09\/Socialinio-pedagogo-informacija-t\u0117vams.rar\">Socialinio pedagogo informacija t\u0117vams<\/a><\/strong><\/p>\n<table border=\"1\" cellspacing=\"0\" cellpadding=\"0\">\n<tbody>\n<tr>\n<td valign=\"top\" width=\"161\"><\/td>\n<\/tr>\n<\/tbody>\n<\/table>\n<p align=\"center\"><strong>Naudingos nuorodos t\u0117vams:<\/strong><\/p>\n<p>Bendras pagalbos telefonas \u2013 <span style=\"color: #ff0000;\">112.<\/span><\/p>\n<p>Mokyklos direktor\u0117 Malgo\u017eata Radevi\u010d <span style=\"color: #ff0000;\">8 5 2386 387.<\/span><\/p>\n<p>Mokyklos direktoriaus pavaduotojas Beata Narunec <span style=\"color: #ff0000;\">8 5 2386 269.<\/span><\/p>\n<p><strong>Esate mama, t\u0117tis ar glob\u0117jas, susir\u016bpin\u0119s savo vaiko sveikata ar aukl\u0117jimu? \u010cia rasite \u012fvairi\u0173 paslaug\u0173, projekt\u0173 ir program\u0173, kurios teikiamos vaikams ir visai \u0161eimai. <\/strong><a href=\"http:\/\/www.ssinstitut.lt\/\"><strong>www.ssinstitut.lt\/<\/strong><\/a><\/p>\n<p><strong>Norite geriau suprasti, su kokiomis problemomis susiduria j\u016bs\u0173 vaikai ir kaip jiems galite pad\u0117ti? Apsilankykite tinklalapyje <\/strong><a href=\"http:\/\/www.psichologai-psichiatrai.lt\/\"><strong>www.psichologai-psichiatrai.lt\/<\/strong><\/a><\/p>\n<p><strong>J\u016bs\u0173 artimieji patyr\u0117 sukre\u010dian\u010di\u0173 \u012fvyki\u0173 ir jiems reikalinga profesionali specializuota psicholog\u0173 pagalba? Nemokamos konsultacijos <\/strong><a href=\"http:\/\/www.psichotraumatologija.fsf.vu.lt\/\"><strong>http:\/\/www.psichotraumatologija.fsf.vu.lt<\/strong>\/<\/a><\/p>\n<p><strong>Jei r\u016bpes\u010diai trukdo gyventi \u2013 dirbti, mokytis, ils\u0117tis, bendrauti, atlikti kasdienius darbus, o atsakym\u0173 \u012f r\u016bpimus klausimus nerandate knygose ir reikalinga nuomon\u0117 i\u0161 \u0161alies, kreipkit\u0117s \u012f specialistus: <\/strong><a href=\"http:\/\/www.seimospsichologas.org\/\"><strong>www.seimospsichologas.org\/<\/strong><\/a><\/p>\n<p><strong>Siekiate su\u017einoti, kaip tinkamai drausminti vaikus ir pad\u0117ti valdyti pykt\u012f? Domit\u0117s vaik\u0173 emocinio intelekto lavinimu? U\u017esukite \u012f tinklalap\u012f <\/strong><a href=\"http:\/\/www.egu.lt\/\"><strong>www.egu.lt\/<\/strong><\/a><\/p>\n<p><strong>Reikia pagalbos nukent\u0117jusiems d\u0117l teis\u0117s pa\u017eeidim\u0173, stichini\u0173 nelaimi\u0173 ar pan.? Turite klausim\u0173 apie teisi\u0173 ir laisvi\u0173 apsaug\u0105, saugumo u\u017etikrinim\u0105, veiksni\u0173 ar saugaus eismo prie\u017ei\u016br\u0105? Apsilankykite svetain\u0117je <\/strong><a href=\"http:\/\/www.policija.lt\/\"><strong>www.policija.lt<\/strong><\/a><\/p>\n<p><strong>Nesate tikras, k\u0105 naujo dar gali atrasti internete benar\u0161ydami j\u016bs\u0173 vaikai? U\u017esukite <\/strong><a href=\"http:\/\/www.draugiskasinternetas.lt\/\"><strong>www.draugiskasinternetas.lt<\/strong><\/a> <strong>ir su\u017einokite tai, k\u0105 jau seniai tur\u0117jote \u017einoti.<\/strong><\/p>\n<p><strong>Jeigu jums svarbu, kaip gerinama vaik\u0173 pad\u0117tis, j\u0173 vystymosi, aukl\u0117jimo, ugdymo ir gyvenimo s\u0105lygos, tinklalapyje<\/strong><a href=\"http:\/\/www3.lrs.lt\/pls\/inter\/vaikai\"><strong>http:\/\/www3.lrs.lt\/pls\/inter\/vaikai<\/strong><\/a><strong>rasite vis\u0105 naujausi\u0105 informacij\u0105.<\/strong><\/p>\n<p><strong>Turite klausim\u0173 d\u0117l socialin\u0117s paramos? Visus atsakymus rasite svetain\u0117je <\/strong><a href=\"http:\/\/www.spcentras.lt\/Apie-mus-677.html\">http:\/\/www.spcentras.lt\/Apie-mus-677.html<\/a><strong>.<\/strong><\/p>\n<p><strong>Reikia skubios pagalbos vaiko asmenyb\u0117s savireguliacijos, sutrikusios raidos, mokymosi ar profesijos pasirinkimo klausimais? Skambinkite \u012f Vilniaus rajono psichologin\u0119-pedagogin\u0119 tarnyb\u0105 tel. <\/strong><span style=\"color: #ff0000;\"><strong>8 5 243 9429.<\/strong><\/span><\/p>\n<p><strong>Neramu d\u0117l sutrikusio vaik\u0173 maitinimosi? Jums pad\u0117s Valgymo sutrikim\u0173 centro darbuotojai<span style=\"color: #ff0000;\"> (tel.<\/span><\/strong>\u00a0<span style=\"color: #ff0000;\"><strong> 8 5) 26 2 59 79).<\/strong><\/span><\/p>\n","protected":false},"excerpt":{"rendered":"<p>INFORMACIJA APE EGZAMIN\u0172 PASIRIKIMUS \u0160vietimo, mokslo ir sporto ministerija dalijasi Atmintine abiturientams (-\u0117ms). Atmintin\u0117je pateikiama \u0161iemetiniams abiturientams aktuali informacija apie valstybini\u0173 brandos egzamin\u0173 sesij\u0105, pri\u0117mim\u0105 \u012f profesinio mokymo \u012fstaigas ir auk\u0161t\u0105sias mokyklas bei kitos naudingos nuorodos. ATMINTIN\u0116 ABITURIENTAMS 2025-2026 K\u0105 &hellip; <a href=\"https:\/\/www.mickunai.vilniausr.lm.lt\/?page_id=8520&#038;lang=LT\">Skaitykite toliau <span class=\"meta-nav\">&rarr;<\/span><\/a><\/p>\n","protected":false},"author":1,"featured_media":0,"parent":828,"menu_order":0,"comment_status":"closed","ping_status":"closed","template":"","meta":[],"_links":{"self":[{"href":"https:\/\/www.mickunai.vilniausr.lm.lt\/index.php?rest_route=\/wp\/v2\/pages\/8520"}],"collection":[{"href":"https:\/\/www.mickunai.vilniausr.lm.lt\/index.php?rest_route=\/wp\/v2\/pages"}],"about":[{"href":"https:\/\/www.mickunai.vilniausr.lm.lt\/index.php?rest_route=\/wp\/v2\/types\/page"}],"author":[{"embeddable":true,"href":"https:\/\/www.mickunai.vilniausr.lm.lt\/index.php?rest_route=\/wp\/v2\/users\/1"}],"replies":[{"embeddable":true,"href":"https:\/\/www.mickunai.vilniausr.lm.lt\/index.php?rest_route=%2Fwp%2Fv2%2Fcomments&post=8520"}],"version-history":[{"count":54,"href":"https:\/\/www.mickunai.vilniausr.lm.lt\/index.php?rest_route=\/wp\/v2\/pages\/8520\/revisions"}],"predecessor-version":[{"id":40683,"href":"https:\/\/www.mickunai.vilniausr.lm.lt\/index.php?rest_route=\/wp\/v2\/pages\/8520\/revisions\/40683"}],"up":[{"embeddable":true,"href":"https:\/\/www.mickunai.vilniausr.lm.lt\/index.php?rest_route=\/wp\/v2\/pages\/828"}],"wp:attachment":[{"href":"https:\/\/www.mickunai.vilniausr.lm.lt\/index.php?rest_route=%2Fwp%2Fv2%2Fmedia&parent=8520"}],"curies":[{"name":"wp","href":"https:\/\/api.w.org\/{rel}","templated":true}]}}