{"id":830,"date":"2012-01-31T23:05:41","date_gmt":"2012-01-31T23:05:41","guid":{"rendered":"http:\/\/www2020.vu.lt\/?page_id=830"},"modified":"2026-03-10T13:45:30","modified_gmt":"2026-03-10T13:45:30","slug":"priemimo-tvarka","status":"publish","type":"page","link":"https:\/\/www.mickunai.vilniausr.lm.lt\/?page_id=830&amp;lang=LT","title":{"rendered":"Vaik\u0173 pri\u0117mimas"},"content":{"rendered":"<p style=\"text-align: justify;\"><strong>Pri\u0117mimo taisykl\u0117s<\/strong><br \/>\nAsmuo, pageidaujantis mokytis Savivaldyb\u0117s bendrojo ugdymo mokyklose pagal pradinio, pagrindinio, vidurinio ugdymo programas, pasirinktai mokyklai nuo kovo 1 d. iki gegu\u017e\u0117s 31 d. pateikia pra\u0161ym\u0105 mokyklos direktoriaus nustatyta tvarka. Pra\u0161ym\u0105 u\u017e vaik\u0105 iki 14 met\u0173 pateikia vienas i\u0161 t\u0117v\u0173, 14\u201318 met\u0173 vaikas pra\u0161ym\u0105 gali pateikti pats, tur\u0117damas vieno i\u0161 t\u0117v\u0173 ra\u0161ytin\u012f sutikim\u0105. Nuo bir\u017eelio 1 d. iki mokslo met\u0173 pabaigos ir per mokslo metus asmenys priimami tik \u012f laisvas mokyklos vietas.<\/p>\n<p>Mokykla priima vis\u0173 pageidaujan\u010di\u0173 t\u0117v\u0173 vaikus pateikiant \u0161iuos dokumentus:<\/p>\n<ul>\n<li>Pra\u0161ymas <a href=\"https:\/\/www.mickunai.vilniausr.lm.lt\/wp-content\/uploads\/2012\/01\/Pri\u0117mimas-\u012f-mokykl\u0105-pra\u0161ymo-forma-1-2.doc\">Pri\u0117mimo \u012f mokykl\u0105 pra\u0161ymo forma<\/a><\/li>\n<li>Elektroninis mokinio sveikatos pa\u017eym\u0117jimas. FORMOS NR. 027-1\/A \u201eVAIKO SVEIKATOS PA\u017dYM\u0116JIMAS\u201c .<\/li>\n<li>\u012egyto i\u0161silavinimo pa\u017eym\u0117jimas (i\u0161skyrus \u012f 1 klas\u0119)<\/li>\n<\/ul>\n<p>Po to sudaroma mokymosi sutartis.<br \/>\n______________________________________________________________________________________________________<\/p>\n<p style=\"text-align: center;\"><strong><span style=\"color: #ff0000;\">SVARB\u016aS PASIKEITIMAI<\/span><\/strong><\/p>\n<p><a href=\"https:\/\/www.mickunai.vilniausr.lm.lt\/wp-content\/uploads\/2025\/02\/Del-priemimo-tvarkos-patvirtinimo-2025-02-27.pdf\">D\u0117l pri\u0117mimo tvarkos patvirtinimo 2025-02-27<\/a><\/p>\n<p><a href=\"https:\/\/www.mickunai.vilniausr.lm.lt\/wp-content\/uploads\/2025\/02\/Sprendimas-del-priemimo-tvarkos-panaikinimo-2025-02-21.pdf\">Sprendimas d\u0117l pri\u0117mimo tvarkos panaikinimo 2025-02-21<\/a><\/p>\n<p>______________________________________________________________________________________________________<\/p>\n<p>Pra\u0161ymai priimti vaikus \u012f Vilniaus rajono savivaldyb\u0117s \u0161vietimo \u012fstaig\u0173 ikimokyklinio ir prie\u0161mokyklinio ugdymo grupes teikiami informacin\u0117je sistemoje<br \/>\n<a href=\"http:\/\/www.registruok.lt\">www.registruok.lt<\/a>\u00a0Vilniaus rajono savivaldyb\u0117.<\/p>\n<p>Vilniaus rajono registracija \u012f ikimokyklinio ir prie\u0161mokyklinio ugdymo grupes<br \/>\n<a href=\"https:\/\/www.registruok.lt\/go.php\/VILNIAUS-RAJONO-SAVIVALDYBE19015221898\">REGISTRACIJA<\/a><\/p>\n<p>Daugiau informacijos apie vaik\u0173 pri\u0117mim\u0105 \u012f Vilniaus rajono \u0161vietimo \u012fstaig\u0173 ikimokyklinio ir prie\u0161mokyklinio ugdymo grupes galima rasti \u0161iuo interneto adresu<br \/>\n<a href=\"http:\/\/&lt;a href=\">https:\/\/www.vrsa.lt\/svietimas\/ikimokyklinis-ir-priesmokyklinis-ugdymas\/437<\/a><\/p>\n<p>Centralizuoto vaik\u0173 pri\u0117mimo \u012f \u0160vietimo, mokslo ir sporto ministerijos ir Vilniaus rajono savivaldyb\u0117s \u0161vietimo \u012fstaig\u0173 ikimokyklinio ir prie\u0161mokyklinio ugdymo grupes organizavimo tvarkos apra\u0161as bei aptarnavimo teritorijos<br \/>\n<a href=\"https:\/\/www.e-tar.lt\/portal\/lt\/legalAct\/403031704d6411ea8aceeadd0c5b168c\">https:\/\/www.e-tar.lt\/portal\/lt\/legalAct\/403031704d6411ea8aceeadd0c5b168c<\/a><\/p>\n<p>Pri\u0117mimo \u012f Vilniaus rajono savivaldyb\u0117s bendrojo ugdymo mokyklas tvarkos apra\u0161as<br \/>\n<a href=\"https:\/\/www.e-tar.lt\/portal\/lt\/legalAct\/a3ed7ce04d6411ea8aceeadd0c5b168c\">https:\/\/www.e-tar.lt\/portal\/lt\/legalAct\/a3ed7ce04d6411ea8aceeadd0c5b168c<\/a><\/p>\n<p>Vilniaus rajono savivaldyb\u0117s bendrojo ugdymo mokykl\u0173 aptarnaujamos teritorijos<br \/>\n<a href=\"https:\/\/www.e-tar.lt\/portal\/lt\/legalAct\/403031704d6411ea8aceeadd0c5b168c\">https:\/\/www.e-tar.lt\/portal\/lt\/legalAct\/403031704d6411ea8aceeadd0c5b168c<\/a><\/p>\n<p>Mokini\u0173 pri\u0117mimo \u012f Vilniaus rajono neformaliojo vaik\u0173 \u0161vietimo mokyklas ir formal\u0173j\u012f \u0161vietim\u0105 papildan\u010dio ugdymo mokyklas tvarkos apra\u0161as<br \/>\n<a href=\"https:\/\/www.e-tar.lt\/portal\/lt\/legalAct\/ba2479b0469a11e7846ef01bfffb9b64\">https:\/\/www.e-tar.lt\/portal\/lt\/legalAct\/ba2479b0469a11e7846ef01bfffb9b64<\/a><\/p>\n","protected":false},"excerpt":{"rendered":"<p>Pri\u0117mimo taisykl\u0117s Asmuo, pageidaujantis mokytis Savivaldyb\u0117s bendrojo ugdymo mokyklose pagal pradinio, pagrindinio, vidurinio ugdymo programas, pasirinktai mokyklai nuo kovo 1 d. iki gegu\u017e\u0117s 31 d. pateikia pra\u0161ym\u0105 mokyklos direktoriaus nustatyta tvarka. Pra\u0161ym\u0105 u\u017e vaik\u0105 iki 14 met\u0173 pateikia vienas i\u0161 &hellip; <a href=\"https:\/\/www.mickunai.vilniausr.lm.lt\/?page_id=830&#038;lang=LT\">Skaitykite toliau <span class=\"meta-nav\">&rarr;<\/span><\/a><\/p>\n","protected":false},"author":1,"featured_media":0,"parent":828,"menu_order":0,"comment_status":"closed","ping_status":"closed","template":"","meta":[],"_links":{"self":[{"href":"https:\/\/www.mickunai.vilniausr.lm.lt\/index.php?rest_route=\/wp\/v2\/pages\/830"}],"collection":[{"href":"https:\/\/www.mickunai.vilniausr.lm.lt\/index.php?rest_route=\/wp\/v2\/pages"}],"about":[{"href":"https:\/\/www.mickunai.vilniausr.lm.lt\/index.php?rest_route=\/wp\/v2\/types\/page"}],"author":[{"embeddable":true,"href":"https:\/\/www.mickunai.vilniausr.lm.lt\/index.php?rest_route=\/wp\/v2\/users\/1"}],"replies":[{"embeddable":true,"href":"https:\/\/www.mickunai.vilniausr.lm.lt\/index.php?rest_route=%2Fwp%2Fv2%2Fcomments&post=830"}],"version-history":[{"count":35,"href":"https:\/\/www.mickunai.vilniausr.lm.lt\/index.php?rest_route=\/wp\/v2\/pages\/830\/revisions"}],"predecessor-version":[{"id":40937,"href":"https:\/\/www.mickunai.vilniausr.lm.lt\/index.php?rest_route=\/wp\/v2\/pages\/830\/revisions\/40937"}],"up":[{"embeddable":true,"href":"https:\/\/www.mickunai.vilniausr.lm.lt\/index.php?rest_route=\/wp\/v2\/pages\/828"}],"wp:attachment":[{"href":"https:\/\/www.mickunai.vilniausr.lm.lt\/index.php?rest_route=%2Fwp%2Fv2%2Fmedia&parent=830"}],"curies":[{"name":"wp","href":"https:\/\/api.w.org\/{rel}","templated":true}]}}