{"id":8023,"date":"2014-05-07T13:00:18","date_gmt":"2014-05-07T13:00:18","guid":{"rendered":"http:\/\/www2020.vu.lt\/?page_id=8023"},"modified":"2020-01-23T13:54:38","modified_gmt":"2020-01-23T13:54:38","slug":"mokyklos-spec-pedagogas","status":"publish","type":"page","link":"https:\/\/www.mickunai.vilniausr.lm.lt\/?page_id=8023&amp;lang=LT","title":{"rendered":"Gimnazijos specialusis pedagogas"},"content":{"rendered":"<p><strong><br \/>\n<\/strong><strong>Mokyklos specialioji pedagog\u0117 dirba 19 kabinete<\/strong><br \/>\nTikslai:<br \/>\n1.\tTeikti speciali\u0105j\u0105 pedagogin\u0119 pagalb\u0105 mokiniams, turintiems speciali\u0173j\u0173 ugdymo(si) poreiki\u0173.<br \/>\n2.\t Bendradarbiauti su mokytojais, speciali\u0173j\u0173 ugdymo(si) poreiki\u0173 turin\u010di\u0173 mokini\u0173 t\u0117vais (glob\u0117jais, r\u016bpintojais, \u012ft\u0117viais), kitais asmenimis, tiesiogiai dalyvaujan\u010diais ugdymo(si) procese, mokykl\u0105 aptarnaujan\u010diais pedagogin\u0117s psichologin\u0117s tarnybos specialistais.<br \/>\nU\u017edaviniai:<br \/>\n1.\tPad\u0117ti speciali\u0173j\u0173 ugdymo(si) poreiki\u0173 turintiems mokiniams \u012fsisavinti ugdymo turin\u012f ir lavinti j\u0173 sutrikusias funkcijas, atsi\u017evelgiant \u012f kiekvieno speciali\u0173j\u0173 ugdymo(si) poreiki\u0173 turin\u010dio mokinio geb\u0117jimus, ugdymo galimybes, mokymosi ypatumus.<br \/>\n2.\tPad\u0117ti gimnazijos pedagogams atpa\u017einti mokini\u0173 vystymosi ypatingumus ir j\u0173 specialiuosius ugdymo(si) poreikius.<br \/>\n3.\tAtlikti steb\u0117jimus, tyrimus, \u012fvertinti vaik\u0173 geb\u0117jimus, kuo jaunesniame am\u017eiuje ai\u0161kintis j\u0173 nes\u0117kmi\u0173 prie\u017eastis.<br \/>\n4.\tTeikti mokytojams, t\u0117vams (glob\u0117jams, r\u016bpintojams, \u012ft\u0117viams) kvalifikuot\u0105 pedagogin\u0119 pagalb\u0105.<br \/>\n5.\tKonsultuoti mokytojus, t\u0117vus (glob\u0117jus, r\u016bpintojus, \u012ft\u0117vius) pagalbos mokiniams teikimo klausimais.<br \/>\n6.\tBendradarbiauti su pedagogine psichologine tarnyba.<br \/>\n7.\tDalyvauti specialiems pedagogams skirtuose kursuose, seminaruose, konferencijose.<br \/>\n8.\tTobulinti asmenin\u0119 kompetencij\u0105.<\/p>\n<p>Pla\u010diau susipa\u017einsite paspaud\u0119 nuorod\u0105:<br \/>\n<a href=\"http:\/\/www2020.vu.lt\/wp-content\/uploads\/2014\/05\/Mick\u016bn\u0173-veikols-programa-spec.-pedagog\u0117.docx\">Specialiosios pedagog\u0117s detalusis veiklos planas metams<\/a><\/p>\n<p><strong>Naudingos nuorodos:<\/strong><br \/>\nwww.saugus-vaikas.lt\u00a0&#8211; Saugaus vaiko centras, kuriuo pagrindinis veiklos tikslas yra vaik\u0173 prievartos ir kit\u0173 vaik\u0173 krizi\u0173 prevencija bei intervencija, suteikiant\u00a0 kvalifikuot\u0105 pagalb\u0105, mokant specialistus, \u0161vie\u010diant vaikus, t\u0117vus ir visuomen\u0119.<\/p>\n<p>www.children.lt\u00a0&#8211; \u201eVAIKO NAMAS&#8221; \u2013 tai nevyriausybin\u0117, nesiekianti pelno organizacija, veikianti psichologin\u0117s-socialin\u0117s, informavimo, \u0161vietimo srityse, siekianti u\u017ekirsti keli\u0105 vaik\u0173 prievartai bei teikti visapusi\u0161k\u0105 pagalb\u0105 nukent\u0117jusiems nuo prievartos vaikams ir j\u0173 \u0161eimos nariams.<\/p>\n<p>www.raida.lt- centras teikiantis vaik\u0173 psichiatrijos, psichologin\u0117s, logopedin\u0117s pagalbos paslaugas.<\/p>\n<p>www.vaikulinija.lt\u00a0&#8211;\u00a0\u00a0 Tarnyba teikianti psichologin\u0119 pagalb\u0105 vaikams ir paaugliams<\/p>\n<p>www.jppc.lt\u00a0&#8211; nevyriausybinis, ne pelno siekiantis jaunimo psichologin\u0117s paramos centras, kuriuo pagrindinis\u00a0 tikslas \u2013 teikti vaikams ir jaunimui psichologin\u0119 \u2013 socialin\u0119 param\u0105.<\/p>\n<p>www.moters-pagalba.lt\u00a0&#8211; Psichologin\u0117 pagalba moterims, savitarpio palaikymo ir savivert\u0117s atstatymo grup\u0117s.<\/p>\n<p>www.augink.lt\u00a0&#8211; Socialin\u0117 iniciatyva siekianti, kad vaikai augt\u0173 \u0161eimoje, kurioje netr\u016bksta bendravimo bei \u0161ilumos. Puslapyje yra nema\u017eai patarim\u0173 t\u0117vams, galima pasikonsultuoti su\u00a0 psichologu arba advokatu.<\/p>\n<p>http:\/\/www.austejosblogas.lt\u00a0&#8211; \u010cia gausu nesud\u0117ting\u0173 praktini\u0173 darbeli\u0173, \u017eaidim\u0173 ir id\u0117j\u0173 turiningiems pokalbiams su vaikais. Tai praktin\u0117 ikimokyklinuk\u0173 lavinimo enciklopedija.<\/p>\n<p>Lietuvos telefonin\u0117s psichologin\u0117s pagalbos tarnyb\u0173 asociacijos telefon\u0173 numeriai ir darbo laikas<br \/>\nPokalbiai telefonais, kuri\u0173 numeriai prasideda 8 800 xxxxx, skambinantiems NEMOKAMI. \u0160iais numeriais galima skambinti i\u0161 visos Lietuvos<\/p>\n<table border=\"0\" cellspacing=\"0\" cellpadding=\"0\">\n<tbody>\n<tr>\n<td valign=\"bottom\" width=\"67\"><strong>Nr.<\/strong><\/td>\n<td valign=\"bottom\" width=\"235\"><strong>Psichologin<\/strong><strong>\u0117s pagalbos tarnyba<\/strong><\/td>\n<td valign=\"bottom\" width=\"148\"><strong>Telefono numeris<\/strong><\/td>\n<td valign=\"bottom\" width=\"189\"><strong>Darbo laikas<\/strong><\/td>\n<\/tr>\n<tr>\n<td valign=\"bottom\" width=\"67\"><strong>1<\/strong><\/td>\n<td valign=\"bottom\" width=\"235\"><strong>Jaunimo linija; <\/strong>Budi savanoriai \u00a0konsultantai<\/td>\n<td valign=\"bottom\" width=\"148\">8 800 28888<\/td>\n<td valign=\"bottom\" width=\"189\">I-V\u00a0 16:00-7:00,I-VII\u00a0 vis\u0105 par\u0105<\/td>\n<\/tr>\n<tr>\n<td valign=\"bottom\" width=\"67\"><strong>2<\/strong><\/td>\n<td valign=\"bottom\" width=\"235\"><strong>Vaik<\/strong><strong>\u0173 linija; <\/strong>Budi savanoriai konsultantai<\/td>\n<td valign=\"bottom\" width=\"148\">11 61 11<\/td>\n<td valign=\"bottom\" width=\"189\">I-VII 11:00\u201321:00<\/td>\n<\/tr>\n<tr>\n<td valign=\"bottom\" width=\"67\"><strong>3<\/strong><\/td>\n<td valign=\"bottom\" width=\"235\"><strong>Rusakalbi<\/strong><strong>\u0173 linija; <\/strong>Budi savanoriai konsultantai<\/td>\n<td valign=\"bottom\" width=\"148\">8 800 77277<\/td>\n<td valign=\"bottom\" width=\"189\">I-V\u00a0 13:00-18:00<\/td>\n<\/tr>\n<tr>\n<td valign=\"bottom\" width=\"67\"><strong>4<\/strong><\/td>\n<td valign=\"bottom\" width=\"235\"><strong>Pagalbos moterims linija; <\/strong>Budi savanor\u0117s konsultant\u0117s<\/td>\n<td valign=\"bottom\" width=\"148\">8 800 66366<\/td>\n<td valign=\"bottom\" width=\"189\">I-V\u00a0 18:00-21:00<\/td>\n<\/tr>\n<tr>\n<td valign=\"bottom\" width=\"67\"><strong>5<\/strong><\/td>\n<td valign=\"bottom\" width=\"235\"><strong>Vilties linija; <\/strong>Budi profesionalai, savanoriai konsultantai<\/td>\n<td valign=\"bottom\" width=\"148\">8 800 60700<\/td>\n<td valign=\"bottom\" width=\"189\">I-VII\u00a0 10:00-06:00<\/td>\n<\/tr>\n<\/tbody>\n<\/table>\n<p>.<\/p>\n","protected":false},"excerpt":{"rendered":"<p>Mokyklos specialioji pedagog\u0117 dirba 19 kabinete Tikslai: 1. Teikti speciali\u0105j\u0105 pedagogin\u0119 pagalb\u0105 mokiniams, turintiems speciali\u0173j\u0173 ugdymo(si) poreiki\u0173. 2. Bendradarbiauti su mokytojais, speciali\u0173j\u0173 ugdymo(si) poreiki\u0173 turin\u010di\u0173 mokini\u0173 t\u0117vais (glob\u0117jais, r\u016bpintojais, \u012ft\u0117viais), kitais asmenimis, tiesiogiai dalyvaujan\u010diais ugdymo(si) procese, mokykl\u0105 aptarnaujan\u010diais pedagogin\u0117s psichologin\u0117s &hellip; <a href=\"https:\/\/www.mickunai.vilniausr.lm.lt\/?page_id=8023&#038;lang=LT\">Skaitykite toliau <span class=\"meta-nav\">&rarr;<\/span><\/a><\/p>\n","protected":false},"author":1,"featured_media":0,"parent":4830,"menu_order":0,"comment_status":"closed","ping_status":"closed","template":"","meta":[],"_links":{"self":[{"href":"https:\/\/www.mickunai.vilniausr.lm.lt\/index.php?rest_route=\/wp\/v2\/pages\/8023"}],"collection":[{"href":"https:\/\/www.mickunai.vilniausr.lm.lt\/index.php?rest_route=\/wp\/v2\/pages"}],"about":[{"href":"https:\/\/www.mickunai.vilniausr.lm.lt\/index.php?rest_route=\/wp\/v2\/types\/page"}],"author":[{"embeddable":true,"href":"https:\/\/www.mickunai.vilniausr.lm.lt\/index.php?rest_route=\/wp\/v2\/users\/1"}],"replies":[{"embeddable":true,"href":"https:\/\/www.mickunai.vilniausr.lm.lt\/index.php?rest_route=%2Fwp%2Fv2%2Fcomments&post=8023"}],"version-history":[{"count":18,"href":"https:\/\/www.mickunai.vilniausr.lm.lt\/index.php?rest_route=\/wp\/v2\/pages\/8023\/revisions"}],"predecessor-version":[{"id":24757,"href":"https:\/\/www.mickunai.vilniausr.lm.lt\/index.php?rest_route=\/wp\/v2\/pages\/8023\/revisions\/24757"}],"up":[{"embeddable":true,"href":"https:\/\/www.mickunai.vilniausr.lm.lt\/index.php?rest_route=\/wp\/v2\/pages\/4830"}],"wp:attachment":[{"href":"https:\/\/www.mickunai.vilniausr.lm.lt\/index.php?rest_route=%2Fwp%2Fv2%2Fmedia&parent=8023"}],"curies":[{"name":"wp","href":"https:\/\/api.w.org\/{rel}","templated":true}]}}