{"id":7936,"date":"2014-04-30T12:41:43","date_gmt":"2014-04-30T12:41:43","guid":{"rendered":"http:\/\/www2020.vu.lt\/?page_id=7936"},"modified":"2014-05-08T11:50:56","modified_gmt":"2014-05-08T11:50:56","slug":"muziejus","status":"publish","type":"page","link":"https:\/\/www.mickunai.vilniausr.lm.lt\/?page_id=7936&amp;lang=LT","title":{"rendered":"Muziejus"},"content":{"rendered":"<p> 2013 m. \u012fkurtas mokyklos muziejus. \u012ek\u016br\u0117jas \u2013 mokyklos direktorius Bernard Avlasevi\u010d.<br \/>\nVadov\u0117 \u2013 geografijos mokytoja Tatjana Ko\u017eenevska.<br \/>\n <strong>Muziejuje pateikta informatyvi med\u017eiaga apie:<\/strong><br \/>\nMick\u016bn\u0173 gyvenviet\u0117s ir mokyklos istorij\u0105;<br \/>\nMick\u016bn\u0173 apylink\u0117s faun\u0105 ir flor\u0105.<br \/>\n<strong>Muziejuje galima pamatyti:<\/strong><br \/>\n vadov\u0173, pedagog\u0173 kolektyvo, geriausi\u0173 mokini\u0173, abiturient\u0173 laid\u0173 nuotraukas;<br \/>\n stend\u0105 apie bendradarbiavim\u0105 su u\u017esienio \u0161alimis;<br \/>\nsporto pasiekimus;<br \/>\ngausius mokyklos apdovanojimus, suvenyrus.<\/p>\n<p>Muziejuje nuolat organizuojami edukaciniai renginiai, susitikimai.<br \/>\n<div id='gallery-1' class='gallery galleryid-7936 gallery-columns-4 gallery-size-thumbnail'><dl class='gallery-item'>\n\t\t\t<dt class='gallery-icon landscape'>\n\t\t\t\t<a href='https:\/\/www.mickunai.vilniausr.lm.lt\/?attachment_id=7937'><img width=\"150\" height=\"150\" src=\"https:\/\/www.mickunai.vilniausr.lm.lt\/wp-content\/uploads\/2014\/04\/IMG_3699-150x150.jpg\" class=\"attachment-thumbnail size-thumbnail\" alt=\"\" decoding=\"async\" loading=\"lazy\" \/><\/a>\n\t\t\t<\/dt><\/dl><dl class='gallery-item'>\n\t\t\t<dt class='gallery-icon landscape'>\n\t\t\t\t<a href='https:\/\/www.mickunai.vilniausr.lm.lt\/?attachment_id=7938'><img width=\"150\" height=\"150\" src=\"https:\/\/www.mickunai.vilniausr.lm.lt\/wp-content\/uploads\/2014\/04\/IMG_3700-150x150.jpg\" class=\"attachment-thumbnail size-thumbnail\" alt=\"\" decoding=\"async\" loading=\"lazy\" \/><\/a>\n\t\t\t<\/dt><\/dl><dl class='gallery-item'>\n\t\t\t<dt class='gallery-icon landscape'>\n\t\t\t\t<a href='https:\/\/www.mickunai.vilniausr.lm.lt\/?attachment_id=7939'><img width=\"150\" height=\"150\" src=\"https:\/\/www.mickunai.vilniausr.lm.lt\/wp-content\/uploads\/2014\/04\/IMG_3701-150x150.jpg\" class=\"attachment-thumbnail size-thumbnail\" alt=\"\" decoding=\"async\" loading=\"lazy\" \/><\/a>\n\t\t\t<\/dt><\/dl><dl class='gallery-item'>\n\t\t\t<dt class='gallery-icon portrait'>\n\t\t\t\t<a href='https:\/\/www.mickunai.vilniausr.lm.lt\/?attachment_id=7940'><img width=\"150\" height=\"150\" src=\"https:\/\/www.mickunai.vilniausr.lm.lt\/wp-content\/uploads\/2014\/04\/IMG_3702-150x150.jpg\" class=\"attachment-thumbnail size-thumbnail\" alt=\"\" decoding=\"async\" loading=\"lazy\" \/><\/a>\n\t\t\t<\/dt><\/dl><br style=\"clear: both\" \/><dl class='gallery-item'>\n\t\t\t<dt class='gallery-icon landscape'>\n\t\t\t\t<a href='https:\/\/www.mickunai.vilniausr.lm.lt\/?attachment_id=7941'><img width=\"150\" height=\"150\" src=\"https:\/\/www.mickunai.vilniausr.lm.lt\/wp-content\/uploads\/2014\/04\/IMG_3703-150x150.jpg\" class=\"attachment-thumbnail size-thumbnail\" alt=\"\" decoding=\"async\" loading=\"lazy\" \/><\/a>\n\t\t\t<\/dt><\/dl><dl class='gallery-item'>\n\t\t\t<dt class='gallery-icon landscape'>\n\t\t\t\t<a href='https:\/\/www.mickunai.vilniausr.lm.lt\/?attachment_id=7942'><img width=\"150\" height=\"150\" src=\"https:\/\/www.mickunai.vilniausr.lm.lt\/wp-content\/uploads\/2014\/04\/IMG_3704-150x150.jpg\" class=\"attachment-thumbnail size-thumbnail\" alt=\"\" decoding=\"async\" loading=\"lazy\" \/><\/a>\n\t\t\t<\/dt><\/dl><dl class='gallery-item'>\n\t\t\t<dt class='gallery-icon landscape'>\n\t\t\t\t<a href='https:\/\/www.mickunai.vilniausr.lm.lt\/?attachment_id=7943'><img width=\"150\" height=\"150\" src=\"https:\/\/www.mickunai.vilniausr.lm.lt\/wp-content\/uploads\/2014\/04\/IMG_3705-150x150.jpg\" class=\"attachment-thumbnail size-thumbnail\" alt=\"\" decoding=\"async\" loading=\"lazy\" \/><\/a>\n\t\t\t<\/dt><\/dl><dl class='gallery-item'>\n\t\t\t<dt class='gallery-icon landscape'>\n\t\t\t\t<a href='https:\/\/www.mickunai.vilniausr.lm.lt\/?attachment_id=7944'><img width=\"150\" height=\"150\" src=\"https:\/\/www.mickunai.vilniausr.lm.lt\/wp-content\/uploads\/2014\/04\/IMG_3706-150x150.jpg\" class=\"attachment-thumbnail size-thumbnail\" alt=\"\" decoding=\"async\" loading=\"lazy\" \/><\/a>\n\t\t\t<\/dt><\/dl><br style=\"clear: both\" \/><dl class='gallery-item'>\n\t\t\t<dt class='gallery-icon landscape'>\n\t\t\t\t<a href='https:\/\/www.mickunai.vilniausr.lm.lt\/?attachment_id=7945'><img width=\"150\" height=\"150\" src=\"https:\/\/www.mickunai.vilniausr.lm.lt\/wp-content\/uploads\/2014\/04\/IMG_3707-150x150.jpg\" class=\"attachment-thumbnail size-thumbnail\" alt=\"\" decoding=\"async\" loading=\"lazy\" \/><\/a>\n\t\t\t<\/dt><\/dl><dl class='gallery-item'>\n\t\t\t<dt class='gallery-icon landscape'>\n\t\t\t\t<a href='https:\/\/www.mickunai.vilniausr.lm.lt\/?attachment_id=7946'><img width=\"150\" height=\"150\" src=\"https:\/\/www.mickunai.vilniausr.lm.lt\/wp-content\/uploads\/2014\/04\/IMG_3709-150x150.jpg\" class=\"attachment-thumbnail size-thumbnail\" alt=\"\" decoding=\"async\" loading=\"lazy\" \/><\/a>\n\t\t\t<\/dt><\/dl><dl class='gallery-item'>\n\t\t\t<dt class='gallery-icon landscape'>\n\t\t\t\t<a href='https:\/\/www.mickunai.vilniausr.lm.lt\/?attachment_id=7947'><img width=\"150\" height=\"150\" src=\"https:\/\/www.mickunai.vilniausr.lm.lt\/wp-content\/uploads\/2014\/04\/IMG_3710-150x150.jpg\" class=\"attachment-thumbnail size-thumbnail\" alt=\"\" decoding=\"async\" loading=\"lazy\" \/><\/a>\n\t\t\t<\/dt><\/dl><dl class='gallery-item'>\n\t\t\t<dt class='gallery-icon landscape'>\n\t\t\t\t<a href='https:\/\/www.mickunai.vilniausr.lm.lt\/?attachment_id=7948'><img width=\"150\" height=\"150\" src=\"https:\/\/www.mickunai.vilniausr.lm.lt\/wp-content\/uploads\/2014\/04\/IMG_3711-150x150.jpg\" class=\"attachment-thumbnail size-thumbnail\" alt=\"\" decoding=\"async\" loading=\"lazy\" \/><\/a>\n\t\t\t<\/dt><\/dl><br style=\"clear: both\" \/><dl class='gallery-item'>\n\t\t\t<dt class='gallery-icon landscape'>\n\t\t\t\t<a href='https:\/\/www.mickunai.vilniausr.lm.lt\/?attachment_id=7949'><img width=\"150\" height=\"150\" src=\"https:\/\/www.mickunai.vilniausr.lm.lt\/wp-content\/uploads\/2014\/04\/IMG_3712-150x150.jpg\" class=\"attachment-thumbnail size-thumbnail\" alt=\"\" decoding=\"async\" loading=\"lazy\" \/><\/a>\n\t\t\t<\/dt><\/dl><dl class='gallery-item'>\n\t\t\t<dt class='gallery-icon landscape'>\n\t\t\t\t<a href='https:\/\/www.mickunai.vilniausr.lm.lt\/?attachment_id=7950'><img width=\"150\" height=\"150\" src=\"https:\/\/www.mickunai.vilniausr.lm.lt\/wp-content\/uploads\/2014\/04\/IMG_3715-150x150.jpg\" class=\"attachment-thumbnail size-thumbnail\" alt=\"\" decoding=\"async\" loading=\"lazy\" \/><\/a>\n\t\t\t<\/dt><\/dl><dl class='gallery-item'>\n\t\t\t<dt class='gallery-icon landscape'>\n\t\t\t\t<a href='https:\/\/www.mickunai.vilniausr.lm.lt\/?attachment_id=7951'><img width=\"150\" height=\"150\" src=\"https:\/\/www.mickunai.vilniausr.lm.lt\/wp-content\/uploads\/2014\/04\/IMG_3716-150x150.jpg\" class=\"attachment-thumbnail size-thumbnail\" alt=\"\" decoding=\"async\" loading=\"lazy\" \/><\/a>\n\t\t\t<\/dt><\/dl><dl class='gallery-item'>\n\t\t\t<dt class='gallery-icon landscape'>\n\t\t\t\t<a href='https:\/\/www.mickunai.vilniausr.lm.lt\/?attachment_id=7952'><img width=\"150\" height=\"150\" src=\"https:\/\/www.mickunai.vilniausr.lm.lt\/wp-content\/uploads\/2014\/04\/IMG_3718-150x150.jpg\" class=\"attachment-thumbnail size-thumbnail\" alt=\"\" decoding=\"async\" loading=\"lazy\" \/><\/a>\n\t\t\t<\/dt><\/dl><br style=\"clear: both\" \/>\n\t\t<\/div>\n<\/p>\n","protected":false},"excerpt":{"rendered":"<p>2013 m. \u012fkurtas mokyklos muziejus. \u012ek\u016br\u0117jas \u2013 mokyklos direktorius Bernard Avlasevi\u010d. Vadov\u0117 \u2013 geografijos mokytoja Tatjana Ko\u017eenevska. Muziejuje pateikta informatyvi med\u017eiaga apie: Mick\u016bn\u0173 gyvenviet\u0117s ir mokyklos istorij\u0105; Mick\u016bn\u0173 apylink\u0117s faun\u0105 ir flor\u0105. Muziejuje galima pamatyti: vadov\u0173, pedagog\u0173 kolektyvo, geriausi\u0173 mokini\u0173, &hellip; <a href=\"https:\/\/www.mickunai.vilniausr.lm.lt\/?page_id=7936&#038;lang=LT\">Skaitykite toliau <span class=\"meta-nav\">&rarr;<\/span><\/a><\/p>\n","protected":false},"author":1,"featured_media":0,"parent":620,"menu_order":0,"comment_status":"closed","ping_status":"closed","template":"","meta":[],"_links":{"self":[{"href":"https:\/\/www.mickunai.vilniausr.lm.lt\/index.php?rest_route=\/wp\/v2\/pages\/7936"}],"collection":[{"href":"https:\/\/www.mickunai.vilniausr.lm.lt\/index.php?rest_route=\/wp\/v2\/pages"}],"about":[{"href":"https:\/\/www.mickunai.vilniausr.lm.lt\/index.php?rest_route=\/wp\/v2\/types\/page"}],"author":[{"embeddable":true,"href":"https:\/\/www.mickunai.vilniausr.lm.lt\/index.php?rest_route=\/wp\/v2\/users\/1"}],"replies":[{"embeddable":true,"href":"https:\/\/www.mickunai.vilniausr.lm.lt\/index.php?rest_route=%2Fwp%2Fv2%2Fcomments&post=7936"}],"version-history":[{"count":4,"href":"https:\/\/www.mickunai.vilniausr.lm.lt\/index.php?rest_route=\/wp\/v2\/pages\/7936\/revisions"}],"predecessor-version":[{"id":8030,"href":"https:\/\/www.mickunai.vilniausr.lm.lt\/index.php?rest_route=\/wp\/v2\/pages\/7936\/revisions\/8030"}],"up":[{"embeddable":true,"href":"https:\/\/www.mickunai.vilniausr.lm.lt\/index.php?rest_route=\/wp\/v2\/pages\/620"}],"wp:attachment":[{"href":"https:\/\/www.mickunai.vilniausr.lm.lt\/index.php?rest_route=%2Fwp%2Fv2%2Fmedia&parent=7936"}],"curies":[{"name":"wp","href":"https:\/\/api.w.org\/{rel}","templated":true}]}}