{"id":7684,"date":"2014-04-02T11:00:36","date_gmt":"2014-04-02T11:00:36","guid":{"rendered":"http:\/\/www2020.vu.lt\/?page_id=7684"},"modified":"2023-08-31T11:22:07","modified_gmt":"2023-08-31T11:22:07","slug":"laisvos-darbo-vietos","status":"publish","type":"page","link":"https:\/\/www.mickunai.vilniausr.lm.lt\/?page_id=7684&amp;lang=LT","title":{"rendered":"Laisvos darbo vietos"},"content":{"rendered":"<p>Mick\u016bn\u0173 gimnazija skelbia atrank\u0105 <strong>psichologo pareigoms<\/strong>\u00a0 u\u017eimti (0,5 etato, nuolatinis darbas)<br \/>\n<strong>Darbo apra\u0161ymas:<\/strong><br \/>\n\u2022 Mokini\u0173 konsultavimas, bendradarbiavimas su t\u0117vais (glob\u0117jais, r\u016bpintojais),<br \/>\nmokytojais ir kitais su mokinio ugdymu susijusiais asmenimis,<br \/>\nrekomendacij\u0173 jiems teikimas, j\u0173 konsultavimas;<br \/>\n\u2022 \u012evertinimas: mokinio asmenyb\u0117s ir ugdymosi problem\u0173, gali\u0173 ir sunkum\u0173<br \/>\nnustatymas, psichologinis mokinio \u012fvertinimas atliekant pirmin\u012f speciali\u0173j\u0173<br \/>\nugdymosi poreiki\u0173 vertinim\u0105;<br \/>\n\u2022 \u0160vietimas: mokini\u0173, t\u0117v\u0173 (glob\u0117j\u0173, r\u016bpintoj\u0173), mokytoj\u0173 \u0161vietimas vaiko raidos<br \/>\npsichologijos, pedagogin\u0117s ir socialin\u0117s psichologijos klausimais;<br \/>\n\u2022 Psichologini\u0173 problem\u0173 prevencija: psichologini\u0173 problem\u0173 prevencijos<br \/>\nporeikio \u012fvertinimas (mokyklos bendruomen\u0117s grupi\u0173 tyrimas), prevencini\u0173<br \/>\npriemoni\u0173 bei program\u0173 rengimas ir \u012fgyvendinimas, psichologini\u0173 krizi\u0173<br \/>\nprevencija, intervencija, postvencija;<br \/>\n\u2022 Tyrimai.<\/p>\n<p><strong>Reikalavimai:<\/strong><\/p>\n<ul>\n<li>auk\u0161tasis universitetinis psichologo i\u0161silavinimas;<\/li>\n<li>geri komunikaciniai \u012fg\u016bd\u017eiai, geb\u0117jimas bendrauti, bendradarbiauti ir konstruktyviai spr\u0119sti problemas;<\/li>\n<li>k\u016brybi\u0161kumas, iniciatyvumas.<\/li>\n<\/ul>\n<p><strong>Privalumas <\/strong>darbo su IKT patirtis.<\/p>\n<p><strong>\u00a0Reikalingi dokumentai:<\/strong><\/p>\n<ul>\n<li>pra\u0161ymas;<\/li>\n<li>asmens tapatyb\u0119 patvirtinantis dokumentas;<\/li>\n<li>i\u0161silavinim\u0105 patvirtinantis dokumentas;<\/li>\n<li>gyvenimo apra\u0161ymas (CV);<\/li>\n<li>sveikatos dokumentas;<\/li>\n<li>galima pateikti buvusi\u0173 darbovie\u010di\u0173 rekomendacijas.<\/li>\n<\/ul>\n<p>CV su nuoroda \u201ePsichologo\u201c lauksime el. pa\u0161to adresu mickunu.gimnazija@gmail.com<\/p>\n<p>Geriausiai reikalavimus atitinkan\u010dius kandidatus informuosime el. pa\u0161tu ir su reikalingais dokumentais pakviesime pokalbiui.<br \/>\n________________________________________________________________<\/p>\n<p>_____<\/p>\n","protected":false},"excerpt":{"rendered":"<p>Mick\u016bn\u0173 gimnazija skelbia atrank\u0105 psichologo pareigoms\u00a0 u\u017eimti (0,5 etato, nuolatinis darbas) Darbo apra\u0161ymas: \u2022 Mokini\u0173 konsultavimas, bendradarbiavimas su t\u0117vais (glob\u0117jais, r\u016bpintojais), mokytojais ir kitais su mokinio ugdymu susijusiais asmenimis, rekomendacij\u0173 jiems teikimas, j\u0173 konsultavimas; \u2022 \u012evertinimas: mokinio asmenyb\u0117s ir ugdymosi &hellip; <a href=\"https:\/\/www.mickunai.vilniausr.lm.lt\/?page_id=7684&#038;lang=LT\">Skaitykite toliau <span class=\"meta-nav\">&rarr;<\/span><\/a><\/p>\n","protected":false},"author":1,"featured_media":0,"parent":8297,"menu_order":0,"comment_status":"closed","ping_status":"closed","template":"","meta":[],"_links":{"self":[{"href":"https:\/\/www.mickunai.vilniausr.lm.lt\/index.php?rest_route=\/wp\/v2\/pages\/7684"}],"collection":[{"href":"https:\/\/www.mickunai.vilniausr.lm.lt\/index.php?rest_route=\/wp\/v2\/pages"}],"about":[{"href":"https:\/\/www.mickunai.vilniausr.lm.lt\/index.php?rest_route=\/wp\/v2\/types\/page"}],"author":[{"embeddable":true,"href":"https:\/\/www.mickunai.vilniausr.lm.lt\/index.php?rest_route=\/wp\/v2\/users\/1"}],"replies":[{"embeddable":true,"href":"https:\/\/www.mickunai.vilniausr.lm.lt\/index.php?rest_route=%2Fwp%2Fv2%2Fcomments&post=7684"}],"version-history":[{"count":27,"href":"https:\/\/www.mickunai.vilniausr.lm.lt\/index.php?rest_route=\/wp\/v2\/pages\/7684\/revisions"}],"predecessor-version":[{"id":33844,"href":"https:\/\/www.mickunai.vilniausr.lm.lt\/index.php?rest_route=\/wp\/v2\/pages\/7684\/revisions\/33844"}],"up":[{"embeddable":true,"href":"https:\/\/www.mickunai.vilniausr.lm.lt\/index.php?rest_route=\/wp\/v2\/pages\/8297"}],"wp:attachment":[{"href":"https:\/\/www.mickunai.vilniausr.lm.lt\/index.php?rest_route=%2Fwp%2Fv2%2Fmedia&parent=7684"}],"curies":[{"name":"wp","href":"https:\/\/api.w.org\/{rel}","templated":true}]}}