{"id":7637,"date":"2014-04-01T09:14:06","date_gmt":"2014-04-01T09:14:06","guid":{"rendered":"http:\/\/www2020.vu.lt\/?page_id=7637"},"modified":"2026-01-12T07:05:35","modified_gmt":"2026-01-12T07:05:35","slug":"uniformos-nuo-rugsejo-1-osios","status":"publish","type":"page","link":"https:\/\/www.mickunai.vilniausr.lm.lt\/?page_id=7637&amp;lang=LT","title":{"rendered":"Uniformos"},"content":{"rendered":"<h3 style=\"text-align: center;\">\n<p>U\u017esakym\u0173 atmintin\u0119 su pavyzd\u017eiais rasite \u010dia:<\/p>\n<p><a href=\"https:\/\/www.mickunai.vilniausr.lm.lt\/wp-content\/uploads\/2026\/01\/SUTARTIES-PRIEDAS-NR.1.pdf\">U\u017dSAKYM\u0172 LAPAS SU PAVYZD\u017dIAIS<\/a><br \/>\n<a href=\"https:\/\/www.mickunai.vilniausr.lm.lt\/wp-content\/uploads\/2026\/01\/1.jpg\"><img decoding=\"async\" loading=\"lazy\" src=\"https:\/\/www.mickunai.vilniausr.lm.lt\/wp-content\/uploads\/2026\/01\/1-694x1024.jpg\" alt=\"\" width=\"640\" height=\"944\" class=\"aligncenter size-large wp-image-40501\" srcset=\"https:\/\/www.mickunai.vilniausr.lm.lt\/wp-content\/uploads\/2026\/01\/1-694x1024.jpg 694w, https:\/\/www.mickunai.vilniausr.lm.lt\/wp-content\/uploads\/2026\/01\/1-203x300.jpg 203w, https:\/\/www.mickunai.vilniausr.lm.lt\/wp-content\/uploads\/2026\/01\/1-768x1133.jpg 768w, https:\/\/www.mickunai.vilniausr.lm.lt\/wp-content\/uploads\/2026\/01\/1-1041x1536.jpg 1041w, https:\/\/www.mickunai.vilniausr.lm.lt\/wp-content\/uploads\/2026\/01\/1.jpg 1064w\" sizes=\"(max-width: 640px) 100vw, 640px\" \/><\/a><br \/>\n&nbsp;<\/p>\n<\/h3>\n","protected":false},"excerpt":{"rendered":"<p>U\u017esakym\u0173 atmintin\u0119 su pavyzd\u017eiais rasite \u010dia: U\u017dSAKYM\u0172 LAPAS SU PAVYZD\u017dIAIS &nbsp;<\/p>\n","protected":false},"author":1,"featured_media":0,"parent":828,"menu_order":0,"comment_status":"closed","ping_status":"closed","template":"","meta":[],"_links":{"self":[{"href":"https:\/\/www.mickunai.vilniausr.lm.lt\/index.php?rest_route=\/wp\/v2\/pages\/7637"}],"collection":[{"href":"https:\/\/www.mickunai.vilniausr.lm.lt\/index.php?rest_route=\/wp\/v2\/pages"}],"about":[{"href":"https:\/\/www.mickunai.vilniausr.lm.lt\/index.php?rest_route=\/wp\/v2\/types\/page"}],"author":[{"embeddable":true,"href":"https:\/\/www.mickunai.vilniausr.lm.lt\/index.php?rest_route=\/wp\/v2\/users\/1"}],"replies":[{"embeddable":true,"href":"https:\/\/www.mickunai.vilniausr.lm.lt\/index.php?rest_route=%2Fwp%2Fv2%2Fcomments&post=7637"}],"version-history":[{"count":28,"href":"https:\/\/www.mickunai.vilniausr.lm.lt\/index.php?rest_route=\/wp\/v2\/pages\/7637\/revisions"}],"predecessor-version":[{"id":40504,"href":"https:\/\/www.mickunai.vilniausr.lm.lt\/index.php?rest_route=\/wp\/v2\/pages\/7637\/revisions\/40504"}],"up":[{"embeddable":true,"href":"https:\/\/www.mickunai.vilniausr.lm.lt\/index.php?rest_route=\/wp\/v2\/pages\/828"}],"wp:attachment":[{"href":"https:\/\/www.mickunai.vilniausr.lm.lt\/index.php?rest_route=%2Fwp%2Fv2%2Fmedia&parent=7637"}],"curies":[{"name":"wp","href":"https:\/\/api.w.org\/{rel}","templated":true}]}}