{"id":762,"date":"2012-01-31T21:52:03","date_gmt":"2012-01-31T21:52:03","guid":{"rendered":"http:\/\/www2020.vu.lt\/?page_id=762"},"modified":"2026-01-12T13:56:52","modified_gmt":"2026-01-12T13:56:52","slug":"mokyklos-taryba","status":"publish","type":"page","link":"https:\/\/www.mickunai.vilniausr.lm.lt\/?page_id=762&amp;lang=LT","title":{"rendered":"Gimnazijos taryba"},"content":{"rendered":"<p>Gimnazijos taryba (toliau &#8211; Taryba) \u2013 auk\u0161\u010diausioji Gimnazijos savivaldos institucija, sudaryta i\u0161 mokini\u0173, mokytoj\u0173, t\u0117v\u0173 (glob\u0117j\u0173, r\u016bpintoj\u0173) ir vietos bendruomen\u0117s atstov\u0173.<br \/>\nTaryba sudaroma i\u0161 10 nari\u0173: 3 mokiniai, 3 mokytojai, 3 t\u0117vai (glob\u0117jai, r\u016bpintojai) ir 1 vietos bendruomen\u0117s atstovas.<br \/>\nTarybos  kompetencija:<br \/>\n\t   1. numato Gimnazijos veiklos perspektyvas, pagrindines veiklos kryptis;<br \/>\n           2. teikia si\u016blymus d\u0117l Gimnazijos strategini\u0173 tiksl\u0173, u\u017edavini\u0173 ir j\u0173 \u012fgyvendinimo priemoni\u0173, Nuostat\u0173 pakeitim\u0173 ar papildym\u0173;<br \/>\n           3. pritaria Gimnazijos strateginiam planui, Gimnazijos metiniam veiklos planui, Gimnazijos ugdymo planui, Gimnazijos darbo ir vidaus tvarkos taisykl\u0117ms, kitiems Gimnazijos veikl\u0105 reglamentuojantiems dokumentams, teikiamiems Gimnazijos direktoriaus;<br \/>\n           4. svarsto ir teikia si\u016blymus direktoriui d\u0117l Gimnazijos l\u0117\u0161\u0173 naudojimo<br \/>\n\t   5. aptaria si\u016blymus d\u0117l vadov\u0117li\u0173 u\u017esakymo, neformaliojo \u0161vietimo, papildomos veiklos ir rengini\u0173 organizavimo, Gimnazijos materialinio apr\u016bpinimo ir veiklos tobulinimo;<br \/>\n\t   6. inicijuoja Gimnazijos bendruomen\u0117s ir visuomen\u0117s bendradarbiavim\u0105;<br \/>\n           7. svarsto mokini\u0173,  neturin\u010di\u0173 mokymosi motyvacijos, problemas;<br \/>\n\t   8. skiria atstovus \u012f Mokytoj\u0173 ir pagalbos mokiniui specialist\u0173 atestacijos komisij\u0105 ir steb\u0117toj\u0105 (-us) \u012f vie\u0161o konkurso laisvai direktoriaus vietai u\u017eimti komisij\u0105;<br \/>\n\t   9. inicijuoja \u0161eimos ir Gimnazijos bendradarbiavim\u0105;<br \/>\n\t  10. kontroliuoja Gimnazijos finansin\u0119 ir \u016bkin\u0119 veikl\u0105;<br \/>\n          11. padeda organizuoti Gimnazijos renginius, akcijas, savivaldos institucij\u0173 ar Gimnazijos bendruomen\u0117s nari\u0173 iniciatyvas;<br \/>\n\t  12.  kiekvienais metais svarsto ir vertina Gimnazijos direktoriaus met\u0173 veiklos ataskait\u0105, teikia savo sprendim\u0105 d\u0117l ataskaitos Gimnazijos savininko teises ir pareigas \u012fgyvendinan\u010diai institucijai;<br \/>\n\t  13. gali sustabdyti kit\u0173 Gimnazijos savivaldos institucij\u0173 sprendim\u0173 \u012fgyvendinim\u0105, kol j\u0173 teis\u0117tum\u0105 i\u0161tirs kompetentingos institucijos.<br \/>\n          14. svarsto kitus teis\u0117s aktuose nustatytus arba Gimnazijos direktoriaus teikiamus klausimus, teikia si\u016blymus d\u0117l Gimnazijos darbo tobulinimo, saugi\u0173 mokini\u0173 ugdymo ir darbo s\u0105lyg\u0173 sudarymo.<br \/>\n\t Gimnazijos taryba u\u017e savo veikl\u0105 atsiskaito j\u0105 rinkusiems Gimnazijos bendruomen\u0117s nariams.<\/p>\n<p>Mokytojai<br \/>\n1. Tatjana Ko\u017eenevska &#8211; geografijos mokytoja metodinink\u0117<br \/>\n2. Ala Lebedeva &#8211; rus\u0173 kalbos vyresnioji mokytoja<br \/>\n3. Teresa Pavlovska &#8211; pradini\u0173 klasi\u0173 mokytoja metodinink\u0117<br \/>\nMokiniai:<\/p>\n<p>T\u0117vai:<br \/>\n1. Chalkovskien\u0117<br \/>\n2. Pu\u010dko<br \/>\n3. Mialdun<\/p>\n","protected":false},"excerpt":{"rendered":"<p>Gimnazijos taryba (toliau &#8211; Taryba) \u2013 auk\u0161\u010diausioji Gimnazijos savivaldos institucija, sudaryta i\u0161 mokini\u0173, mokytoj\u0173, t\u0117v\u0173 (glob\u0117j\u0173, r\u016bpintoj\u0173) ir vietos bendruomen\u0117s atstov\u0173. Taryba sudaroma i\u0161 10 nari\u0173: 3 mokiniai, 3 mokytojai, 3 t\u0117vai (glob\u0117jai, r\u016bpintojai) ir 1 vietos bendruomen\u0117s atstovas. Tarybos &hellip; <a href=\"https:\/\/www.mickunai.vilniausr.lm.lt\/?page_id=762&#038;lang=LT\">Skaitykite toliau <span class=\"meta-nav\">&rarr;<\/span><\/a><\/p>\n","protected":false},"author":1,"featured_media":0,"parent":25145,"menu_order":0,"comment_status":"closed","ping_status":"closed","template":"","meta":[],"_links":{"self":[{"href":"https:\/\/www.mickunai.vilniausr.lm.lt\/index.php?rest_route=\/wp\/v2\/pages\/762"}],"collection":[{"href":"https:\/\/www.mickunai.vilniausr.lm.lt\/index.php?rest_route=\/wp\/v2\/pages"}],"about":[{"href":"https:\/\/www.mickunai.vilniausr.lm.lt\/index.php?rest_route=\/wp\/v2\/types\/page"}],"author":[{"embeddable":true,"href":"https:\/\/www.mickunai.vilniausr.lm.lt\/index.php?rest_route=\/wp\/v2\/users\/1"}],"replies":[{"embeddable":true,"href":"https:\/\/www.mickunai.vilniausr.lm.lt\/index.php?rest_route=%2Fwp%2Fv2%2Fcomments&post=762"}],"version-history":[{"count":45,"href":"https:\/\/www.mickunai.vilniausr.lm.lt\/index.php?rest_route=\/wp\/v2\/pages\/762\/revisions"}],"predecessor-version":[{"id":40515,"href":"https:\/\/www.mickunai.vilniausr.lm.lt\/index.php?rest_route=\/wp\/v2\/pages\/762\/revisions\/40515"}],"up":[{"embeddable":true,"href":"https:\/\/www.mickunai.vilniausr.lm.lt\/index.php?rest_route=\/wp\/v2\/pages\/25145"}],"wp:attachment":[{"href":"https:\/\/www.mickunai.vilniausr.lm.lt\/index.php?rest_route=%2Fwp%2Fv2%2Fmedia&parent=762"}],"curies":[{"name":"wp","href":"https:\/\/api.w.org\/{rel}","templated":true}]}}