{"id":736,"date":"2012-01-31T20:32:09","date_gmt":"2012-01-31T20:32:09","guid":{"rendered":"http:\/\/www2020.vu.lt\/?page_id=736"},"modified":"2023-07-03T07:40:29","modified_gmt":"2023-07-03T07:40:29","slug":"administracija","status":"publish","type":"page","link":"https:\/\/www.mickunai.vilniausr.lm.lt\/?page_id=736&amp;lang=LT","title":{"rendered":"Administracija"},"content":{"rendered":"<p><a href=\"http:\/\/www2020.vu.lt\/wp-content\/uploads\/2012\/01\/Administracja.jpg\"><img decoding=\"async\" loading=\"lazy\" class=\"aligncenter size-full wp-image-15217\" src=\"http:\/\/www2020.vu.lt\/wp-content\/uploads\/2012\/01\/Administracja.jpg\" alt=\"administracja\" width=\"210\" height=\"300\" \/><\/a><\/p>\n<p>Direktor\u0117<br \/>\nMalgo\u017eata Radevi\u010d<br \/>\ntel.: 852386387<br \/>\nIstorijos vyresnioji mokytoja<\/p>\n<p><a href=\"http:\/\/www2020.vu.lt\/wp-content\/uploads\/2012\/01\/beata.jpg\"><img decoding=\"async\" loading=\"lazy\" class=\"aligncenter size-medium wp-image-15200\" src=\"http:\/\/www2020.vu.lt\/wp-content\/uploads\/2012\/01\/beata-210x300.jpg\" alt=\"beata\" width=\"210\" height=\"300\" srcset=\"https:\/\/www.mickunai.vilniausr.lm.lt\/wp-content\/uploads\/2012\/01\/beata-210x300.jpg 210w, https:\/\/www.mickunai.vilniausr.lm.lt\/wp-content\/uploads\/2012\/01\/beata.jpg 447w\" sizes=\"(max-width: 210px) 100vw, 210px\" \/><\/a><\/p>\n<p>Direktoriaus pavaduotoja ugdymui<br \/>\nLenk\u0173 vyresnioji kalbos mokytoja<br \/>\nBeata Narunec<br \/>\ntel.: 852386269<\/p>\n<p><a href=\"http:\/\/www2020.vu.lt\/wp-content\/uploads\/2012\/01\/julia.jpg\"><img decoding=\"async\" loading=\"lazy\" class=\"aligncenter size-full wp-image-15201\" src=\"http:\/\/www2020.vu.lt\/wp-content\/uploads\/2012\/01\/julia.jpg\" alt=\"julia\" width=\"210\" height=\"300\" srcset=\"https:\/\/www.mickunai.vilniausr.lm.lt\/wp-content\/uploads\/2012\/01\/julia.jpg 448w, https:\/\/www.mickunai.vilniausr.lm.lt\/wp-content\/uploads\/2012\/01\/julia-210x300.jpg 210w\" sizes=\"(max-width: 210px) 100vw, 210px\" \/><\/a><br \/>\nDirektoriaus pavaduotoja ugdymui<br \/>\nLenk\u0173 vyresnioji kalbos mokytoja<br \/>\nJulija Agafonova<br \/>\ntel.: 852386387<\/p>\n<p><a href=\"http:\/\/www2020.vu.lt\/wp-content\/uploads\/2012\/01\/sektretor\u0117.jpg\"><img decoding=\"async\" loading=\"lazy\" src=\"http:\/\/www2020.vu.lt\/wp-content\/uploads\/2012\/01\/sektretor\u0117.jpg\" alt=\"sektretore\" width=\"178\" height=\"258\" class=\"aligncenter size-full wp-image-33659\" \/><\/a><br \/>\nDirektoriaus pavaduotoja \u016bkio reikalams<br \/>\nRa\u0161tin\u0117s ved\u0117ja<br \/>\nSne\u017eana Skaiva<br \/>\ntel.: 852386387<\/p>\n<p><a href=\"http:\/\/www2020.vu.lt\/wp-content\/uploads\/2012\/01\/eduardo.jpg\"><img decoding=\"async\" loading=\"lazy\" class=\"aligncenter size-full wp-image-15198\" src=\"http:\/\/www2020.vu.lt\/wp-content\/uploads\/2012\/01\/eduardo.jpg\" alt=\"eduardo\" width=\"210\" height=\"300\" \/><\/a><\/p>\n<p>Direktoriaus pavaduotojas \u016bkio reikalams<br \/>\nEduard S\u010densnovi\u010d<br \/>\ntel.: 852386387<\/p>\n","protected":false},"excerpt":{"rendered":"<p>Direktor\u0117 Malgo\u017eata Radevi\u010d tel.: 852386387 Istorijos vyresnioji mokytoja Direktoriaus pavaduotoja ugdymui Lenk\u0173 vyresnioji kalbos mokytoja Beata Narunec tel.: 852386269 Direktoriaus pavaduotoja ugdymui Lenk\u0173 vyresnioji kalbos mokytoja Julija Agafonova tel.: 852386387 Direktoriaus pavaduotoja \u016bkio reikalams Ra\u0161tin\u0117s ved\u0117ja Sne\u017eana Skaiva tel.: 852386387 &hellip; <a href=\"https:\/\/www.mickunai.vilniausr.lm.lt\/?page_id=736&#038;lang=LT\">Skaitykite toliau <span class=\"meta-nav\">&rarr;<\/span><\/a><\/p>\n","protected":false},"author":1,"featured_media":0,"parent":25145,"menu_order":0,"comment_status":"closed","ping_status":"closed","template":"","meta":[],"_links":{"self":[{"href":"https:\/\/www.mickunai.vilniausr.lm.lt\/index.php?rest_route=\/wp\/v2\/pages\/736"}],"collection":[{"href":"https:\/\/www.mickunai.vilniausr.lm.lt\/index.php?rest_route=\/wp\/v2\/pages"}],"about":[{"href":"https:\/\/www.mickunai.vilniausr.lm.lt\/index.php?rest_route=\/wp\/v2\/types\/page"}],"author":[{"embeddable":true,"href":"https:\/\/www.mickunai.vilniausr.lm.lt\/index.php?rest_route=\/wp\/v2\/users\/1"}],"replies":[{"embeddable":true,"href":"https:\/\/www.mickunai.vilniausr.lm.lt\/index.php?rest_route=%2Fwp%2Fv2%2Fcomments&post=736"}],"version-history":[{"count":50,"href":"https:\/\/www.mickunai.vilniausr.lm.lt\/index.php?rest_route=\/wp\/v2\/pages\/736\/revisions"}],"predecessor-version":[{"id":33661,"href":"https:\/\/www.mickunai.vilniausr.lm.lt\/index.php?rest_route=\/wp\/v2\/pages\/736\/revisions\/33661"}],"up":[{"embeddable":true,"href":"https:\/\/www.mickunai.vilniausr.lm.lt\/index.php?rest_route=\/wp\/v2\/pages\/25145"}],"wp:attachment":[{"href":"https:\/\/www.mickunai.vilniausr.lm.lt\/index.php?rest_route=%2Fwp%2Fv2%2Fmedia&parent=736"}],"curies":[{"name":"wp","href":"https:\/\/api.w.org\/{rel}","templated":true}]}}