{"id":733,"date":"2012-01-31T20:13:38","date_gmt":"2012-01-31T20:13:38","guid":{"rendered":"http:\/\/www2020.vu.lt\/?page_id=733"},"modified":"2020-08-03T12:01:53","modified_gmt":"2020-08-03T12:01:53","slug":"mokyklos-misija-ir-vizija","status":"publish","type":"page","link":"https:\/\/www.mickunai.vilniausr.lm.lt\/?page_id=733&amp;lang=LT","title":{"rendered":"Gimnazijos misija ir vizija"},"content":{"rendered":"<p><strong>Vizija<\/strong><br \/>\nTeikti kokybi\u0161k\u0105 prie\u0161mokyklin\u012f, pradin\u012f, pagrindin\u012f ir vidurin\u012f i\u0161silavinim\u0105 mokiniams, skatinanti savirai\u0161k\u0105, iniciatyvum\u0105, ugdyti socialin\u0119 ir moralin\u0119 brand\u0105 besikei\u010dian\u010dioje ir besimokan\u010dioje visuomen\u0117je.<\/p>\n<p><strong>Misija<\/strong><br \/>\nKokybi\u0161ko ugdymo ir ugdymosi moderni, nuolat tobul\u0117janti \u0161vietimo institucija, padedanti jaunam \u017emogui, \u012fkvepianti vis\u0105 bendruomen\u0119 s\u0117kmingai veikti  besikei\u010dian\u010dioje ir nuolat besimokan\u010dioje visuomen\u0117je\t\t\t\t\t\t<\/p>\n<p><strong>Filosofija<\/strong><br \/>\n: \u201eVisk\u0105, k\u0105 tenka i\u0161mokti daryti, mes i\u0161mokstame darydami.\u201c Aristotelis<\/p>\n<p><strong>Gimnazijos vertyb\u0117s:<\/strong><br \/>\nmokymasis, bendravimas ir bendradarbiavimas, tolerancija, atsakomyb\u0117<\/p>\n","protected":false},"excerpt":{"rendered":"<p>Vizija Teikti kokybi\u0161k\u0105 prie\u0161mokyklin\u012f, pradin\u012f, pagrindin\u012f ir vidurin\u012f i\u0161silavinim\u0105 mokiniams, skatinanti savirai\u0161k\u0105, iniciatyvum\u0105, ugdyti socialin\u0119 ir moralin\u0119 brand\u0105 besikei\u010dian\u010dioje ir besimokan\u010dioje visuomen\u0117je. Misija Kokybi\u0161ko ugdymo ir ugdymosi moderni, nuolat tobul\u0117janti \u0161vietimo institucija, padedanti jaunam \u017emogui, \u012fkvepianti vis\u0105 bendruomen\u0119 s\u0117kmingai veikti &hellip; <a href=\"https:\/\/www.mickunai.vilniausr.lm.lt\/?page_id=733&#038;lang=LT\">Skaitykite toliau <span class=\"meta-nav\">&rarr;<\/span><\/a><\/p>\n","protected":false},"author":1,"featured_media":0,"parent":620,"menu_order":2,"comment_status":"closed","ping_status":"closed","template":"","meta":[],"_links":{"self":[{"href":"https:\/\/www.mickunai.vilniausr.lm.lt\/index.php?rest_route=\/wp\/v2\/pages\/733"}],"collection":[{"href":"https:\/\/www.mickunai.vilniausr.lm.lt\/index.php?rest_route=\/wp\/v2\/pages"}],"about":[{"href":"https:\/\/www.mickunai.vilniausr.lm.lt\/index.php?rest_route=\/wp\/v2\/types\/page"}],"author":[{"embeddable":true,"href":"https:\/\/www.mickunai.vilniausr.lm.lt\/index.php?rest_route=\/wp\/v2\/users\/1"}],"replies":[{"embeddable":true,"href":"https:\/\/www.mickunai.vilniausr.lm.lt\/index.php?rest_route=%2Fwp%2Fv2%2Fcomments&post=733"}],"version-history":[{"count":12,"href":"https:\/\/www.mickunai.vilniausr.lm.lt\/index.php?rest_route=\/wp\/v2\/pages\/733\/revisions"}],"predecessor-version":[{"id":26192,"href":"https:\/\/www.mickunai.vilniausr.lm.lt\/index.php?rest_route=\/wp\/v2\/pages\/733\/revisions\/26192"}],"up":[{"embeddable":true,"href":"https:\/\/www.mickunai.vilniausr.lm.lt\/index.php?rest_route=\/wp\/v2\/pages\/620"}],"wp:attachment":[{"href":"https:\/\/www.mickunai.vilniausr.lm.lt\/index.php?rest_route=%2Fwp%2Fv2%2Fmedia&parent=733"}],"curies":[{"name":"wp","href":"https:\/\/api.w.org\/{rel}","templated":true}]}}