{"id":730,"date":"2012-01-31T20:10:19","date_gmt":"2012-01-31T20:10:19","guid":{"rendered":"http:\/\/www2020.vu.lt\/?page_id=730"},"modified":"2015-09-02T19:53:58","modified_gmt":"2015-09-02T19:53:58","slug":"mokyklos-istorija","status":"publish","type":"page","link":"https:\/\/www.mickunai.vilniausr.lm.lt\/?page_id=730&amp;lang=LT","title":{"rendered":"Gimnazijos istorija"},"content":{"rendered":"<\/p>\n<p> Mick\u016bnai \u012fsik\u016br\u0119 17 km \u012f rytus nuo Vilniaus, prie gra\u017eaus pu\u0161yno ir Vilnios up\u0117s. 1867 metais \u012fsteigta pradin\u0117 (rus\u0173 mokom\u0105ja kalba) mokykla (istorinis \u0161altinis: 1911 m. sausio 18 d. \u201e\u0421\u0442\u0430\u0442\u0438\u0441\u0442\u0438\u0447\u0435\u0441\u043a\u043e\u0435 \u043e\u0431\u0441\u043b\u0435\u0434\u043e\u0432\u0430\u043d\u0438\u0435 \u043d\u0430\u0447\u0430\u043b\u044c\u043d\u044b\u0445 \u0443\u0447\u0438\u043b\u0438\u0449 \u0420\u043e\u0441\u0441\u0438\u0439\u0441\u043a\u043e\u0439 \u0438\u043c\u043f\u0435\u0440\u0438\u0438\u201d, i\u0161duotas Lietuvos valstybinio istorinio (LVIA,F.567 AP.8B8L23}323V) archyvo <a href=\"http:\/\/www2020.vu.lt\/wp-content\/uploads\/2012\/01\/Istorinis-\u0161altinis.jpg\"><img decoding=\"async\" loading=\"lazy\" src=\"http:\/\/www2020.vu.lt\/wp-content\/uploads\/2012\/01\/Istorinis-\u0161altinis.-150x150.jpg\" alt=\"\" title=\"Istorinis \u0161altinis.\" width=\"150\" height=\"150\" class=\"alignleft size-thumbnail wp-image-1684\" \/><\/a><a href=\"http:\/\/www2020.vu.lt\/wp-content\/uploads\/2012\/01\/Istorinis-\u0161altinis..jpg\"><img decoding=\"async\" loading=\"lazy\" src=\"http:\/\/www2020.vu.lt\/wp-content\/uploads\/2012\/01\/Istorinis-\u0161altinis.-150x150.jpg\" alt=\"\" title=\"Istorinis \u0161altinis.\" width=\"150\" height=\"150\" class=\"alignleft size-thumbnail wp-image-1684\" \/><\/a>), 1957 metais ji tapo vidurine mokykla. 1984 metais mokykloje \u012fkurta pirmoji (lietuvi\u0173 gimtoji klaba) klas\u0117.<\/p>\n<p>     Seniausias i\u0161lik\u0119s mokyklos pastatas \u2013 medinis, pastatytas 1936 m. 1965 metais prie medin\u0117s mokyklos pristatytas m\u016brinis priestatas. O 1978 metais i\u0161kilo naujoji mokykla su sporto sale, valgykla, naujais kabinetais.<\/p>\n<p>     Mick\u016bn\u0173 gimnazija yra Mick\u016bn\u0173 gyvenviet\u0117je, nutolusioje nuo Vilniaus Naujosios Vilnios mikrorajono 7 kilometrus Polocko plento linkme. Mick\u016bnai turi turting\u0105 istorin\u0119 praeit\u012f. Didysis Lietuvos kunigaik\u0161tis Vytautas padovanojo \u0161ias \u017eemes Vilniaus kapitulai. 1818 \u2013 1824 m. Mick\u016bn\u0173 gyvenviet\u0117s savininkas buvo Vilniaus universiteto profesorius A. Bekiu \u2013 garsaus lenk\u0173 poeto Julijaus Slovackio pat\u0117vis. Slovackis da\u017enai b\u016bdavo Mick\u016bnuose, kurdavo savo eil\u0117ra\u0161\u010dius. XIX a. Mick\u016bn\u0173 savininku tapo baronas A. Piler.<\/p>\n<p>     Netoli Mick\u016bn\u0173, Bork\u0173 dvare, buvo Lenkijos premjero A. Prystoro sodyba. 1935-1936 metais Janina Prystorova, talkinant vietiniams gyventojams, pastat\u0117 medin\u012f mokyklos 7 klasi\u0173 pastat\u0105.<\/p>\n<p>     Pokario metais, nuo 1945 m. iki 1956 m., \u010dia buvo septynmet\u0117 mokykla, nuo 1957 m. ji tapo vidurine.<br \/>\n<a href='http:\/\/www2020.vu.lt\/wp-content\/uploads\/2012\/01\/Mokiniai-baig\u0119-mokykl\u0105-su-pagyrimu.doc'>Mokiniai baig\u0119 mokykl\u0105 su pagyrimu<\/a><br \/>\n<a href=\"http:\/\/www2020.vu.lt\/wp-content\/uploads\/2012\/01\/Mokyklos-medalininkai.jpg\"><img decoding=\"async\" loading=\"lazy\" src=\"http:\/\/www2020.vu.lt\/wp-content\/uploads\/2012\/01\/Mokyklos-medalininkai-150x150.jpg\" alt=\"\" title=\"Mokyklos medalininkai\" width=\"150\" height=\"150\" class=\"alignleft size-thumbnail wp-image-1681\" \/><\/a><\/p>\n","protected":false},"excerpt":{"rendered":"<p>Mick\u016bnai \u012fsik\u016br\u0119 17 km \u012f rytus nuo Vilniaus, prie gra\u017eaus pu\u0161yno ir Vilnios up\u0117s. 1867 metais \u012fsteigta pradin\u0117 (rus\u0173 mokom\u0105ja kalba) mokykla (istorinis \u0161altinis: 1911 m. sausio 18 d. \u201e\u0421\u0442\u0430\u0442\u0438\u0441\u0442\u0438\u0447\u0435\u0441\u043a\u043e\u0435 \u043e\u0431\u0441\u043b\u0435\u0434\u043e\u0432\u0430\u043d\u0438\u0435 \u043d\u0430\u0447\u0430\u043b\u044c\u043d\u044b\u0445 \u0443\u0447\u0438\u043b\u0438\u0449 \u0420\u043e\u0441\u0441\u0438\u0439\u0441\u043a\u043e\u0439 \u0438\u043c\u043f\u0435\u0440\u0438\u0438\u201d, i\u0161duotas Lietuvos valstybinio istorinio (LVIA,F.567 &hellip; <a href=\"https:\/\/www.mickunai.vilniausr.lm.lt\/?page_id=730&#038;lang=LT\">Skaitykite toliau <span class=\"meta-nav\">&rarr;<\/span><\/a><\/p>\n","protected":false},"author":1,"featured_media":0,"parent":620,"menu_order":1,"comment_status":"closed","ping_status":"closed","template":"","meta":[],"_links":{"self":[{"href":"https:\/\/www.mickunai.vilniausr.lm.lt\/index.php?rest_route=\/wp\/v2\/pages\/730"}],"collection":[{"href":"https:\/\/www.mickunai.vilniausr.lm.lt\/index.php?rest_route=\/wp\/v2\/pages"}],"about":[{"href":"https:\/\/www.mickunai.vilniausr.lm.lt\/index.php?rest_route=\/wp\/v2\/types\/page"}],"author":[{"embeddable":true,"href":"https:\/\/www.mickunai.vilniausr.lm.lt\/index.php?rest_route=\/wp\/v2\/users\/1"}],"replies":[{"embeddable":true,"href":"https:\/\/www.mickunai.vilniausr.lm.lt\/index.php?rest_route=%2Fwp%2Fv2%2Fcomments&post=730"}],"version-history":[{"count":16,"href":"https:\/\/www.mickunai.vilniausr.lm.lt\/index.php?rest_route=\/wp\/v2\/pages\/730\/revisions"}],"predecessor-version":[{"id":11094,"href":"https:\/\/www.mickunai.vilniausr.lm.lt\/index.php?rest_route=\/wp\/v2\/pages\/730\/revisions\/11094"}],"up":[{"embeddable":true,"href":"https:\/\/www.mickunai.vilniausr.lm.lt\/index.php?rest_route=\/wp\/v2\/pages\/620"}],"wp:attachment":[{"href":"https:\/\/www.mickunai.vilniausr.lm.lt\/index.php?rest_route=%2Fwp%2Fv2%2Fmedia&parent=730"}],"curies":[{"name":"wp","href":"https:\/\/api.w.org\/{rel}","templated":true}]}}