{"id":504,"date":"2012-01-23T11:42:24","date_gmt":"2012-01-23T11:42:24","guid":{"rendered":"http:\/\/www2020.vu.lt\/?page_id=504"},"modified":"2020-02-27T15:57:47","modified_gmt":"2020-02-27T15:57:47","slug":"biblioteka","status":"publish","type":"page","link":"https:\/\/www.mickunai.vilniausr.lm.lt\/?page_id=504&amp;lang=LT","title":{"rendered":"Biblioteka"},"content":{"rendered":"<p><a href=\"http:\/\/www2020.vu.lt\/wp-content\/uploads\/2012\/01\/IMG_2050.jpg\"><img decoding=\"async\" loading=\"lazy\" class=\"alignleft size-thumbnail wp-image-1668\" title=\"IMG_2050\" src=\"http:\/\/www2020.vu.lt\/wp-content\/uploads\/2012\/01\/IMG_2050-150x150.jpg\" alt=\"\" width=\"150\" height=\"150\" \/><\/a><br \/>\nBibliotekinink\u0117 Alia Lebedeva<br \/>\nRus\u0173 k. mokytoja<br \/>\nVokie\u010di\u0173 k. vyresnioji mokytoja<br \/>\nTel. Nr.: 867401385<\/p>\n<p>Einu tamsiu ilgu koridoriumi&#8230;Prieinu prie metalini\u0173 dur\u0173 ir klausausi&#8230; Tyla. Bet tokia \u012ftartina, tokia trapi, kad bijau j\u0105 paliesti. O reikia&#8230; Reikia i\u0161traukti i\u0161 ki\u0161en\u0117s raktus, \u012fki\u0161ti \u012f spyn\u0105 ir pasukti&#8230;<br \/>\nPavasar\u012f ir ankstyv\u0105 ruden\u012f b\u016bna ne taip baisu, bet \u017eiem\u0105&#8230; Ka\u017ekur dega lemput\u0117, pirmame auk\u0161te pilna vaiki\u0161ko \u0161urmulio ir pikto valytojos balso. O \u010dia, tre\u010diame, dar tylu ir tamsu. Rytas&#8230;<br \/>\nI\u0161traukiu rakt\u0105, \u012fki\u0161u \u012f spyn\u0105 ir pasuku. Metalin\u0117s durys atsidaro ir a\u0161 v\u0117l j\u012f matau. Kartais jisai s\u0117di prie mano stalo ir atrodo kaip Severis Sneipas. Ilgu tamsiu apsiaustu, ilgais ir riebaluotais plaukais. Tik baltas veidas, tarsi d\u0117m\u0117 tamsoje traukia \u017evilgsn\u012f. Kartais jisai s\u0117di ant suolo ir linksmai maskatuoja kojomis. Jo \u0161ypsena ir strazdanotas veidas toks mielas. Tr\u016bksta tik jo draugo Hekelberio, ir porel\u0117 gali leistis \u012f nuotykius. O kartais tai kruvina galva karalien\u0117s Margo rankose. O gal tai tik ma\u017ea mergait\u0117 raudona kepure ir tada pakvimpa pyragai\u010diais jos pintin\u0117je&#8230;<br \/>\nTai t\u0119siasi tik akimirk\u0105, kol a\u0161 atveriu duris \u012f m\u016bs\u0173 mokyklos bibliotek\u0105. Jie visi gyvena \u010dia, senose ir naujose knygose, laikra\u0161\u010diuose, DVD-diskuose, paveiksluose, enciklopedijose ir \u017eodynuose. Juos galima pamatyti tik vien\u0105 akimirk\u0105, o taip norisi pakalb\u0117ti apie bibliotek\u0105 nakt\u012f&#8230; O gal man pavyks ir a\u0161 sugeb\u0117siu ateiti \u010dia ir pa\u0161nekinti vien\u0105 i\u0161 gyvenan\u010di\u0173 m\u016bs\u0173 bibliotekoje \u0161m\u0117kl\u0173. <a href=\"http:\/\/www2020.vu.lt\/wp-content\/uploads\/2012\/01\/vaiduoklis.jpg\"><img decoding=\"async\" loading=\"lazy\" class=\"aligncenter size-full wp-image-1706\" title=\"vaiduoklis\" src=\"http:\/\/www2020.vu.lt\/wp-content\/uploads\/2012\/01\/vaiduoklis.jpg\" alt=\"\" width=\"188\" height=\"258\" \/><\/a><br \/>\n<strong>Interviu su m\u016bs\u0173 mokyklos bibliotekoje gyvenan\u010diu vaiduokliu.<\/strong><br \/>\n&#8211;<em> Laba naktis, malonu, kad J\u016bs radote laik\u0105 m\u016bs\u0173 pokalbiui.<\/em><br \/>\n<em> &#8211; Laba, nieko ypatinga a\u0161 nepadariau. Visada ir man buvo smalsu, ar i\u0161dr\u012fsite ateiti \u010dia taip v\u0117lai.<\/em><br \/>\n<em> &#8211; Gal prisistatytum\u0117te?<\/em><br \/>\n<em> &#8211; O. \u0160iandien a\u0161 karalius Lyras, o rytoj gal b\u016bsiu Hamletas&#8230; Bet man jisai nelabai patinka, geriau a\u0161 b\u016bsiu Don Kichotas. Tokie keistuoliai mane visada traukdavo. Bet da\u017eniausiai a\u0161 tampu tuo, k\u0105 labiausiai skaito vaikai. O jie dabar visi nori b\u016bti Hariais Poteriais, taigi b\u016bsiu rytoj juo&#8230; O gal man dabar pasikeisti&#8230;?<\/em><br \/>\n<em> &#8211; G-G-Geriau nereikia, man ir taip baisu. Bet, jeigu J\u016bs b\u016bsite Haris, tai j\u016bs\u0173 namas, taigi m\u016bs\u0173 biblioteka, bus Hogvartso pilis?<\/em><br \/>\n<em> &#8211; Ne, manau, ne taip&#8230; Biblioteka tampa Kambariu Iki Pareikalavimo, priklausomai nuo to, ko ateina skaitytojas pas mus. A\u0161 gi galiu kalb\u0117ti taip, apibendrindamas J\u016bs\u0173 ir mano darb\u0105?<\/em><br \/>\n<em> &#8211; Be abejo. Man tai labai patinka. O tas Kambarys Iki Pareikalavimo \u2013 koks jisai b\u016bna?<\/em><br \/>\n<em> &#8211; O. Kartais, kada ateina 11-tokai, jis tampa skaitykla, kur tylu ir tik girdisi, kaip jaunuoliai ra\u0161o ar sprend\u017eia matematikos u\u017edavinius. Kartais ateina ma\u017eiukai ir bando nura\u0161yti nam\u0173 darbus, tada a\u0161 labai jiems trukdau, tai draug\u0173 b\u016br\u012f atsiun\u010diu, tai mokytojui pa\u0161nib\u017edu. M\u0117gstu, kada biblioteka tampa kino sale, kada ir a\u0161 galiu pa\u017ei\u016br\u0117ti nauj\u0105 film\u0105 ar prisiminti savo draugus, klausydamasis kokio ,,mandro,, referato.<\/em><br \/>\n<em> &#8211; O darbo laikas? Ar J\u016bs\u0173 darbo diena, tai yra naktis, yra formali?<\/em><br \/>\n<em> &#8211; Nelabai.<\/em> <strong>Pas Jus ateina skaitytojai nuo 8 valandos ryto iki 15 valandos, bet a\u0161 kaip ir J\u016bs lieku ilgiau bibliotekoje.<\/strong><em> Reikia gi sutvarkyti visas lentynas, nes vaikai ie\u0161kodami reikalingos knygos, padaro chaos\u0105. Bet tai pats malonumas, kada jie ima knyg\u0105 \u012f namus, tada a\u0161 turiu daug komandiruo\u010di\u0173 ir i\u0161vyk\u0173, a\u0161 b\u016bnu nuolat kur nors, pas k\u0105 nors ir taip labai malonu.<\/em><br \/>\n<em> &#8211; Ar Jums patinka gyventi m\u016bs\u0173 bibliotekoje?<\/em><br \/>\n<em> &#8211; O taip, tokius malonius vaikus ir mokytojus, kurie taip da\u017enai ateina pas mus, visad \u012fdomu g\u0105sdinti ir juos lyd\u0117ti&#8230;<\/em><br \/>\n<em> &#8211; Hm&#8230; Geros nakties.<\/em><br \/>\n<em> &#8211; Iki&#8230;<\/em><br \/>\n__________________________________________________________________________________________________________<br \/>\n\u201eVyturio leidyklos\u201c ekspertai atrinko beveik (<a title=\"Vyturys\" href=\"http:\/\/www.vyturys.lt\/\" target=\"_blank\">http:\/\/www.vyturys.lt\/<\/a>)200 verting\u0173, laiko patikrint\u0173 knyg\u0173 (<a title=\"Vyturys\" href=\"http:\/\/www.vyturys.lt\/\" target=\"_blank\">http:\/\/www.vyturys.lt\/<\/a>),<br \/>\ndidinan\u010di\u0173 5 &#8211; 18 m. vaik\u0173 susidom\u0117jim\u0105 skaitymu. Kvie\u010diame J\u016bs\u0173 mokyklos bendruomen\u0119 NEMOKAMAI i\u0161m\u0117ginti \u00a0(<a title=\"Vyturys\" href=\"http:\/\/www.vyturys.lt\/\" target=\"_blank\">http:\/\/www.vyturys.lt<\/a>) ir pridedame kod\u0105,<br \/>\nleid\u017eiant\u012f skaityti knygas mobiliajame telefone, plan\u0161etiniame ar paprastame<br \/>\nkompiuteryje:<strong>09b0736404<\/strong> Dovanos kodas<br \/>\nleid\u017eia nemokamai skaityti el. knygas iki gruod\u017eio 1 d.Savo<br \/>\npaskyroje skaitytojai gal\u0117s sekti skaitymo trukm\u0119, da\u017enum\u0105 ir kitus<br \/>\nparametrus.Kurdami<br \/>\npaskyr\u0105 <a title=\"www.vyturys.lt\" href=\"www.vyturys.lt\" target=\"_blank\">www.vyturys.lt<\/a> (<a title=\"http:\/\/www.vyturys.lt\/\" href=\"http:\/\/www.vyturys.lt\/\" target=\"_blank\">http:\/\/www.vyturys.lt\/<\/a>),<br \/>\ndovanos kod\u0105 \u012fra\u0161ykite \u012f laukel\u012f \u201eDovanos kodas\u201c.Dovanos kodu<br \/>\nkvie\u010diame pasidalyti su kuo didesniu mokini\u0173 ir t\u0117veli\u0173 skai\u010diumi.Ar vaikams<br \/>\npatinka Vyturio knygos? Daugiau su\u017einosite \u010dia: <a title=\"www.vyturys.lt\/mokykloms\" href=\"www.vyturys.lt\/mokykloms\" target=\"_blank\">www.vyturys.lt\/mokykloms<\/a> (<a title=\"Vyturys\/Mokykloms\" href=\"http:\/\/www.vyturys.lt\/mokykloms\" target=\"_blank\">http:\/\/www.vyturys.lt\/mokykloms<\/a>)Linkime gra\u017ei\u0173 rudens vakar\u0173 ir malonaus skaitymo!<\/p>\n","protected":false},"excerpt":{"rendered":"<p>Bibliotekinink\u0117 Alia Lebedeva Rus\u0173 k. mokytoja Vokie\u010di\u0173 k. vyresnioji mokytoja Tel. Nr.: 867401385 Einu tamsiu ilgu koridoriumi&#8230;Prieinu prie metalini\u0173 dur\u0173 ir klausausi&#8230; Tyla. Bet tokia \u012ftartina, tokia trapi, kad bijau j\u0105 paliesti. O reikia&#8230; Reikia i\u0161traukti i\u0161 ki\u0161en\u0117s raktus, \u012fki\u0161ti &hellip; <a href=\"https:\/\/www.mickunai.vilniausr.lm.lt\/?page_id=504&#038;lang=LT\">Skaitykite toliau <span class=\"meta-nav\">&rarr;<\/span><\/a><\/p>\n","protected":false},"author":1,"featured_media":0,"parent":828,"menu_order":0,"comment_status":"closed","ping_status":"closed","template":"","meta":[],"_links":{"self":[{"href":"https:\/\/www.mickunai.vilniausr.lm.lt\/index.php?rest_route=\/wp\/v2\/pages\/504"}],"collection":[{"href":"https:\/\/www.mickunai.vilniausr.lm.lt\/index.php?rest_route=\/wp\/v2\/pages"}],"about":[{"href":"https:\/\/www.mickunai.vilniausr.lm.lt\/index.php?rest_route=\/wp\/v2\/types\/page"}],"author":[{"embeddable":true,"href":"https:\/\/www.mickunai.vilniausr.lm.lt\/index.php?rest_route=\/wp\/v2\/users\/1"}],"replies":[{"embeddable":true,"href":"https:\/\/www.mickunai.vilniausr.lm.lt\/index.php?rest_route=%2Fwp%2Fv2%2Fcomments&post=504"}],"version-history":[{"count":26,"href":"https:\/\/www.mickunai.vilniausr.lm.lt\/index.php?rest_route=\/wp\/v2\/pages\/504\/revisions"}],"predecessor-version":[{"id":25151,"href":"https:\/\/www.mickunai.vilniausr.lm.lt\/index.php?rest_route=\/wp\/v2\/pages\/504\/revisions\/25151"}],"up":[{"embeddable":true,"href":"https:\/\/www.mickunai.vilniausr.lm.lt\/index.php?rest_route=\/wp\/v2\/pages\/828"}],"wp:attachment":[{"href":"https:\/\/www.mickunai.vilniausr.lm.lt\/index.php?rest_route=%2Fwp%2Fv2%2Fmedia&parent=504"}],"curies":[{"name":"wp","href":"https:\/\/api.w.org\/{rel}","templated":true}]}}