{"id":4850,"date":"2013-03-13T08:28:43","date_gmt":"2013-03-13T08:28:43","guid":{"rendered":"http:\/\/www2020.vu.lt\/?page_id=4850"},"modified":"2025-10-27T13:01:29","modified_gmt":"2025-10-27T13:01:29","slug":"ugdymas-karjerai","status":"publish","type":"page","link":"https:\/\/www.mickunai.vilniausr.lm.lt\/?page_id=4850&amp;lang=LT","title":{"rendered":"Ugdymas karjerai"},"content":{"rendered":"<p>\u201e\u017dmogui, kuris \u017eino, kur eina, pasaulis duoda keli\u0105. Keli\u0105 \u012f asmenin\u0119 laim\u0119, keli\u0105 \u012f<br \/>\ns\u0117kmingos karjeros vir\u0161\u016bn\u0119\u201c (D. S. D\u017eordonas)<\/p>\n<p>Karjeros specialist\u0117 gimnazijoje:<br \/>\n<strong>Barbara Rynkun<\/strong><br \/>\nbarbara.rynkun@gmail.com<\/p>\n<p>Ugdymo karjerai specialisto tikslas\u202f\u2013 ugdyti mokini\u0173 karjeros kompetencijas, pad\u0117ti jiems spr\u0119sti karjeros klausimus taip, kad jie geb\u0117t\u0173 s\u0117kmingai pl\u0117toti asmenin\u0119 karjer\u0105, \u012fgyvendinti sprendimus d\u0117l mokymosi, savirai\u0161kos ir darbo, s\u0117kmingai pasirinkti mokymosi krypt\u012f, profesij\u0105 ar darbo veikl\u0105, pereiti i\u0161 mokymosi aplinkos \u012f darbo aplink\u0105.<br \/>\nMokini\u0173 karjeros kompetencijos ugdomos \u0161iose srityse:<br \/>\nsav\u0119s pa\u017einimo;<br \/>\nkarjeros galimybi\u0173 pa\u017einimo;<br \/>\nkarjeros planavimo;<br \/>\nkarjeros \u012fgyvendinimo.<\/p>\n<p>Mokiniams teikiamas profesinio orientavimo paslaugas sudaro trys paslaug\u0173 grup\u0117s:<br \/>\nugdymas karjerai;<br \/>\nprofesinis konsultavimas;<br \/>\nprofesinis informavimas (\u012fskaitant ir profesin\u012f veiklinim\u0105).<br \/>\nProfesinio orientavimo paslaugos mokiniams teikiamos:<br \/>\nkarjeros specialistui dirbant kartu su mokiniais;<br \/>\nkeliant u\u017edavinius ir padedant veikloje;<br \/>\nindividualiai arba grup\u0117je;<br \/>\nbendraujant su mokiniais tiesiogiai arba nuotoliniu b\u016bdu.<\/p>\n<p>Ugdymo karjerai specialist\u0117 tau pad\u0117s:<br \/>\ngeriau pa\u017einti savo geb\u0117jimus, pom\u0117gius ir \u012fg\u016bd\u017eius;<br \/>\nrinkti informacij\u0105 apie auk\u0161t\u0105j\u012f moksl\u0105, susipa\u017einti su \u012fvairiomis profesijomis;<br \/>\nsusipa\u017einti su \u012fvairiomis internetin\u0117mis svetain\u0117mis ir atsirinkti darbo, praktikos ir<br \/>\nsavanoryst\u0117s pasi\u016blymus;<br \/>\nsukurti cv, motyvacin\u012f lai\u0161k\u0105, karjeros plan\u0105.<\/p>\n<p><a href=\"http:\/\/www2020.vu.lt\/wp-content\/uploads\/2013\/03\/Ugdymo-karjerai-programa-ministro-\u012fsakymas.doc\">Ugdymo karjerai programa, ministro \u012fsakymas<\/a><br \/>\n<a href=\"http:\/\/www2020.vu.lt\/wp-content\/uploads\/2013\/03\/Ugdymo-karjerai-tvarkos-apra\u0161as.docx\">Ugdymo-karjerai-tvarkos-apra\u0161as<\/a><br \/>\n<a href=\"http:\/\/www2020.vu.lt\/wp-content\/uploads\/2013\/03\/BENDROJO-UGDYMO-MOKYKL\u0172-IR-PROFESINIO-MOKYMO-\u012eSTAIG\u0172-MOKINI\u0172-UGDYMO-KARJERAI-MODELIS.doc\">BENDROJO UGDYMO MOKYKL\u0172 IR PROFESINIO MOKYMO \u012eSTAIG\u0172 MOKINI\u0172 UGDYMO KARJERAI MODELIS<\/a><\/p>\n<p>Profesinio orientavimo paskirtis \u2013 teikiant ugdymo karjerai, profesinio informavimo ir profesinio konsultavimo paslaugas pad\u0117ti asmeniui rinktis jam tinkamas \u0161vietimo ir u\u017eimtumo galimybes, sudaryti s\u0105lygas \u012fgyti karjeros kompetencij\u0173 ir aktyviai kurti savo karjer\u0105.<br \/>\nKarjeros specialistas(-i) gimnazijoje mokiniams teikia profesinio informavimo ir konsultavimo, ugdymo karjerai paslaugas.<br \/>\nMokini\u0173 ugdymo karjerai informacin\u0117 svetain\u0117 <a href=\"http:\/\/www.mukis.lt\/lt\/pradzia.html\">http:\/\/www.mukis.lt\/lt\/pradzia.html<\/a><br \/>\nOrientavimas karjerai <a href=\"http:\/\/www.euroguidance.lt\">http:\/\/www.euroguidance.lt<\/a><\/p>\n<p><strong>Informacija stojantiesiems<\/strong><\/p>\n<p><a href=\"https:\/\/lamabpo.lt\/pirmosios-pakopos-ir-vientisosios-studijos\/konkursinio-balo-skaiciuokle\/\">Konkursinio balo skai\u010diuokl\u0117<\/a><br \/>\nBendrasis pri\u0117mimas \u012f Lietuvos auk\u0161t\u0105sias mokyklas ir profesinio mokymo<br \/>\n\u012fstaigas (LAMA BPO) <a href=\"https:\/\/bakalauras.lamabpo.lt\">https:\/\/bakalauras.lamabpo.lt<\/a><br \/>\nStudij\u0173 programos (AIKOS) <a href=\"https:\/\/www.aikos.smm.lt\/studijuoti\/SitePages\/Noriu%20studijuoti.aspx?ss=b4284c3d-73c7- 4fc8-8fc4-c9bb8d03317e\">https:\/\/www.aikos.smm.lt\/studijuoti\/<\/a><\/p>\n<p>Valstybinis studij\u0173 fondas <a href=\"https:\/\/vsf.lrv.lt\">https:\/\/vsf.lrv.lt<\/a><br \/>\nStudij\u0173 kokyb\u0117s vertinimo centras <a href=\"https:\/\/www.skvc.lt\">https:\/\/www.skvc.lt<\/a><br \/>\n<strong>Studijos u\u017esienyje<\/strong><br \/>\n<a href=\"https:\/\/www.kastu.lt\">https:\/\/www.kastu.lt<\/a><br \/>\n<a href=\"https:\/\/kalba.lt\">https:\/\/kalba.lt<\/a><br \/>\n<a href=\"https:\/\/europa.eu\/europass\/select-language?destination=\/node\/1\">https:\/\/europa.eu\/europass\/select-language?destination=\/node\/1<\/a><br \/>\n<strong>Darbo paie\u0161ka<\/strong><br \/>\nU\u017eimtumo tarnyba \u2013 Jaunimui <a href=\"https:\/\/uzt.lt\/jaunimui\/17\">https:\/\/uzt.lt\/jaunimui\/17<\/a><br \/>\nRegioninis karjeros centras Karjeras <a href=\"https:\/\/karjerastau.lt\/youth\">https:\/\/karjerastau.lt\/youth<\/a><br \/>\nKarjeros valdymo informacin\u0117 sistema <a href=\"https:\/\/karjera.lt\">https:\/\/karjera.lt<\/a><br \/>\nLietuvos karjeros portalas <a href=\"http:\/\/www.cv.lt\">http:\/\/www.cv.lt<\/a><br \/>\nDarbo skelbimai <a href=\"https:\/\/www.cvmarket.lt\">https:\/\/www.cvmarket.lt<\/a><br \/>\nMobilumo portalas EURES <a href=\"https:\/\/eures.uzt.lt\">https:\/\/eures.uzt.lt<\/a><br \/>\nGyvenimo apra\u0161ymo rengimas (Europass) <a href=\"http:\/\/www.europass.lt\/cv\">http:\/\/www.europass.lt\/cv<\/a><\/p>\n<p align=\"center\"><strong>LAMABPO tinklapis <a href=\"http:\/\/www.lamabpo.lt\/\">http:\/\/www.lamabpo.lt<\/a>\u00a0<\/strong><\/p>\n<p align=\"center\"><strong>LIETUVOS UNIVERSITETAI<\/strong><\/p>\n<p align=\"center\"><strong>Valstybiniai universitetai<\/strong><\/p>\n<div align=\"center\">\n<table style=\"width: 714px;\" border=\"1\" cellspacing=\"0\" cellpadding=\"0\">\n<tbody>\n<tr>\n<td valign=\"top\" width=\"308\">\n<p align=\"center\"><strong>Pavadinimas<\/strong><\/p>\n<\/td>\n<td valign=\"top\" width=\"406\">\n<p align=\"center\"><strong>Daugiau \u00a0 informacijos<\/strong><\/p>\n<\/td>\n<\/tr>\n<tr>\n<td valign=\"top\" width=\"308\">Generolo J.\u017demai\u010dio Lietuvos karo akademija<\/td>\n<td valign=\"top\" width=\"406\"><a href=\"http:\/\/www.lka.lt\/index.php\/lt\/100955\/\">http:\/\/www.lka.lt\/index.php\/lt\/100955\/<\/a><\/td>\n<\/tr>\n<tr>\n<td valign=\"top\" width=\"308\">Kauno technologijos universitetas<\/td>\n<td valign=\"top\" width=\"406\"><a href=\"http:\/\/www.ktu.lt\/lt\/informacija_stojantiesiems\/ktu_priemimas.asp\">http:\/\/www.ktu.lt\/lt\/informacija_stojantiesiems\/ktu_priemimas.asp<\/a><\/td>\n<\/tr>\n<tr>\n<td valign=\"top\" width=\"308\">Klaip\u0117dos universitetas<\/td>\n<td valign=\"top\" width=\"406\"><a href=\"http:\/\/www.ku.lt\/studijos\/\">http:\/\/www.ku.lt\/studijos\/<\/a><\/td>\n<\/tr>\n<tr>\n<td valign=\"top\" width=\"308\">Lietuvos k\u016bno kult\u016bros akademija<\/td>\n<td valign=\"top\" width=\"406\"><a href=\"http:\/\/www.lkka.lt\/priemimas\/2011\">http:\/\/www.lkka.lt\/priemimas\/2011<\/a><\/td>\n<\/tr>\n<tr>\n<td valign=\"top\" width=\"308\">Lietuvos muzikos ir teatro akademija<\/td>\n<td valign=\"top\" width=\"406\"><a href=\"http:\/\/lmta.lt\/web\/?page_id=120\">http:\/\/lmta.lt\/web\/?page_id=120<\/a><\/td>\n<\/tr>\n<tr>\n<td valign=\"top\" width=\"308\">Lietuvos sveikatos moksl\u0173 universitetas<\/td>\n<td valign=\"top\" width=\"406\"><a href=\"http:\/\/www.lsmuni.lt\/studentams\/lsmu-studiju-programos-1\">http:\/\/www.lsmuni.lt\/studentams\/lsmu-studiju-programos-1<\/a><\/td>\n<\/tr>\n<tr>\n<td valign=\"top\" width=\"308\">Aleksandro Stulginskio universitetas<\/td>\n<td valign=\"top\" width=\"406\"><a href=\"http:\/\/www.lzuu.lt\/noriu_studijuoti_lzuu\/lt\/\">http:\/\/www.lzuu.lt\/noriu_studijuoti_lzuu\/lt\/<\/a><\/td>\n<\/tr>\n<tr>\n<td valign=\"top\" width=\"308\">Mykolo Romerio universitetas<\/td>\n<td valign=\"top\" width=\"406\"><a href=\"http:\/\/www.mruni.eu\/lt\/norintiems_studijuoti\/\">http:\/\/www.mruni.eu\/lt\/norintiems_studijuoti\/<\/a><\/td>\n<\/tr>\n<tr>\n<td valign=\"top\" width=\"308\">\u0160iauli\u0173 universitetas<\/td>\n<td valign=\"top\" width=\"406\"><a href=\"http:\/\/su.lt\/stojantiesiems\/priemimas\">http:\/\/su.lt\/stojantiesiems\/priemimas<\/a><\/td>\n<\/tr>\n<tr>\n<td valign=\"top\" width=\"308\">Vilniaus dail\u0117s akademija<\/td>\n<td valign=\"top\" width=\"406\"><a href=\"http:\/\/www.vda.lt\/index.php\/pageid\/869\">http:\/\/www.vda.lt\/index.php\/pageid\/869<\/a><\/td>\n<\/tr>\n<tr>\n<td valign=\"top\" width=\"308\">Vilniaus Gedimino technikos universitetas<\/td>\n<td valign=\"top\" width=\"406\"><a href=\"http:\/\/www.vgtu.lt\/lt\/priemimas\/\">http:\/\/www.vgtu.lt\/lt\/priemimas\/<\/a><\/td>\n<\/tr>\n<tr>\n<td valign=\"top\" width=\"308\">Lietuvos edukologijos universitetas<\/td>\n<td valign=\"top\" width=\"406\"><a href=\"http:\/\/www.vpu.lt\/priemimo_komisija\/Page.aspx?pageID=3512\">http:\/\/www.vpu.lt\/priemimo_komisija\/Page.aspx?pageID=3512<\/a><\/td>\n<\/tr>\n<tr>\n<td valign=\"top\" width=\"308\">Vytauto Did\u017eiojo universitetas<\/td>\n<td valign=\"top\" width=\"406\"><a href=\"http:\/\/www.vdu.lt\/studijos\/priemimas-i-studijas-vdu.html\">http:\/\/www.vdu.lt\/studijos\/priemimas-i-studijas-vdu.html<\/a><\/td>\n<\/tr>\n<\/tbody>\n<\/table>\n<\/div>\n<p align=\"center\"><strong>Nevalstybiniai universitetai<\/strong><\/p>\n<div align=\"center\">\n<table border=\"1\" cellspacing=\"0\" cellpadding=\"0\">\n<tbody>\n<tr>\n<td valign=\"top\" width=\"309\">\n<p align=\"center\"><strong>Pavadinimas<\/strong><\/p>\n<\/td>\n<td valign=\"top\" width=\"403\">\n<p align=\"center\"><strong>Daugiau informacijos<\/strong><\/p>\n<\/td>\n<\/tr>\n<tr>\n<td valign=\"top\" width=\"309\">Europos humanitarinis universitetas<\/td>\n<td valign=\"top\" width=\"403\"><a href=\"http:\/\/lt.ehu.lt\/studies\/bachelor\/programs\/\">http:\/\/lt.ehu.lt\/studies\/bachelor\/programs\/<\/a><\/td>\n<\/tr>\n<tr>\n<td valign=\"top\" width=\"309\">ISM Vadybos ir ekonomikos\u00a0universitetas<\/td>\n<td valign=\"top\" width=\"403\"><a href=\"http:\/\/www.ism.lt\/index.php\/bakalauro_studijos\/723\">http:\/\/www.ism.lt\/index.php\/bakalauro_studijos\/723<\/a><\/td>\n<\/tr>\n<tr>\n<td valign=\"top\" width=\"309\">LCC tarptautinis universitetas<\/td>\n<td valign=\"top\" width=\"403\"><a href=\"http:\/\/www.lcc.lt\/lt\/bendrasis-priemimas\">http:\/\/www.lcc.lt\/lt\/bendrasis-priemimas<\/a><\/td>\n<\/tr>\n<tr>\n<td valign=\"top\" width=\"309\">Verslo ir vadybos akademija<\/td>\n<td valign=\"top\" width=\"403\"><a href=\"http:\/\/www.vva.lt\/index.php\/priemimas\">http:\/\/www.vva.lt\/index.php\/priemimas<\/a><\/td>\n<\/tr>\n<tr>\n<td valign=\"top\" width=\"309\">Vilniaus universiteto Tarptautinio\u00a0verslo mokykla<\/td>\n<td valign=\"top\" width=\"403\"><a href=\"http:\/\/busimiems.tvm.lt\/lt\">http:\/\/busimiems.tvm.lt\/lt<\/a><\/td>\n<\/tr>\n<tr>\n<td valign=\"top\" width=\"309\">Kauno Kazimiero Simonai\u010dio universitetas<\/td>\n<td valign=\"top\" width=\"403\"><a href=\"http:\/\/www.ksu.lt\">www.ksu.lt<\/a><\/td>\n<\/tr>\n<\/tbody>\n<\/table>\n<\/div>\n<p style=\"text-align: center;\">______________________________________________________________________________________________<br \/>\n<span style=\"font-size: large;\"><em><strong>NAUDINGOS NUORODOS MOKINIAMS<\/strong><\/em><\/span><\/p>\n<table border=\"1\" cellspacing=\"0\" cellpadding=\"0\">\n<tbody>\n<tr>\n<td valign=\"top\" width=\"638\">\n<p align=\"center\"><strong>TESTAI<\/strong><\/p>\n<\/td>\n<\/tr>\n<tr>\n<td valign=\"top\" width=\"638\"><\/td>\n<\/tr>\n<tr>\n<td valign=\"top\" width=\"638\"><strong>Profesijos pasirinkimo testas<\/strong><\/td>\n<\/tr>\n<tr>\n<td valign=\"top\" width=\"638\"><a href=\"http:\/\/www.euroguidance.lt\/profesijosvadovas\/single.php?content=testas1\">http:\/\/www.euroguidance.lt\/profesijosvadovas\/single.php?content=testas1<\/a><\/td>\n<\/tr>\n<tr>\n<td valign=\"top\" width=\"638\"><strong>Asmenyb\u0117s kryptingumo testas<\/strong><\/td>\n<\/tr>\n<tr>\n<td valign=\"top\" width=\"638\"><a href=\"http:\/\/www.euroguidance.lt\/profesijosvadovas\/single.php?content=testas3\">http:\/\/www.euroguidance.lt\/profesijosvadovas\/single.php?content=testas3<\/a><\/td>\n<\/tr>\n<tr>\n<td valign=\"top\" width=\"638\"><strong>Komunikacini\u0173-organizacini\u0173 polinki\u0173 \u012fvertinimo testas<\/strong><\/td>\n<\/tr>\n<tr>\n<td valign=\"top\" width=\"638\"><a href=\"http:\/\/www.euroguidance.lt\/profesijosvadovas\/single.php?content=testas2\">http:\/\/www.euroguidance.lt\/profesijosvadovas\/single.php?content=testas2<\/a><\/td>\n<\/tr>\n<\/tbody>\n<\/table>\n<p align=\"center\"><strong>\u00a0<\/strong><\/p>\n<table border=\"1\" cellspacing=\"0\" cellpadding=\"0\">\n<tbody>\n<tr>\n<td valign=\"top\" width=\"638\">\n<p align=\"center\"><strong>INFORMACIJA APIE PROFESIJAS<\/strong><\/p>\n<\/td>\n<\/tr>\n<tr>\n<td valign=\"top\" width=\"638\"><strong>Profesij\u0173 vadovas<\/strong><\/td>\n<\/tr>\n<tr>\n<td valign=\"top\" width=\"638\"><a href=\"http:\/\/www.euroguidance.lt\/profesijosvadovas\/\">http:\/\/www.euroguidance.lt\/profesijosvadovas\/<\/a><\/td>\n<\/tr>\n<tr>\n<td valign=\"top\" width=\"638\"><strong>Profesij\u0173 klasifikatorius<\/strong><\/td>\n<\/tr>\n<tr>\n<td valign=\"top\" width=\"638\"><a href=\"http:\/\/www.darborinka.lt\/mod\/klasifikatorius\/\">http:\/\/www.darborinka.lt\/mod\/klasifikatorius\/<\/a><\/td>\n<\/tr>\n<\/tbody>\n<\/table>\n<table border=\"1\" cellspacing=\"0\" cellpadding=\"0\">\n<tbody>\n<tr>\n<td valign=\"top\" width=\"638\">\n<p align=\"center\"><strong>\u00a0INFORMACIJA APIE EGZAMINUS<\/strong><\/p>\n<\/td>\n<\/tr>\n<tr>\n<td valign=\"top\" width=\"638\"><strong>Nacionalinis egzamin\u0173 centras<\/strong><\/td>\n<\/tr>\n<tr>\n<td valign=\"top\" width=\"638\"><strong><a href=\"http:\/\/www.egzaminai.lt\/naujienos\/\">http:\/\/www.egzaminai.lt\/naujienos\/<\/a><\/strong><\/td>\n<\/tr>\n<\/tbody>\n<\/table>\n<p>&nbsp;<\/p>\n<table border=\"1\" cellspacing=\"0\" cellpadding=\"0\">\n<tbody>\n<tr>\n<td valign=\"top\" width=\"638\">\n<p align=\"center\"><strong>INFORMACIJA APIE STUDIJAS<\/strong><\/p>\n<\/td>\n<\/tr>\n<tr>\n<td valign=\"top\" width=\"638\"><a href=\"http:\/\/www.aikos.smm.lt\">www.aikos.smm.lt<\/a><\/td>\n<\/tr>\n<tr>\n<td valign=\"top\" width=\"638\"><a href=\"http:\/\/www.lamabpo.lt\/std_programos.html\">www.lamabpo.lt\/std_programos.html<\/a><\/td>\n<\/tr>\n<tr>\n<td valign=\"top\" width=\"638\"><a href=\"http:\/\/www.studijos.lt\/mokymo_programos\">www.studijos.lt\/mokymo_programos<\/a><\/td>\n<\/tr>\n<\/tbody>\n<\/table>\n<p>&nbsp;<\/p>\n<table border=\"1\" cellspacing=\"0\" cellpadding=\"0\">\n<tbody>\n<tr>\n<td valign=\"top\" width=\"638\">\n<p align=\"center\"><strong>STOJAMOJO BALO SKAI\u010cIUOKL\u0116S<\/strong><\/p>\n<\/td>\n<\/tr>\n<tr>\n<td valign=\"top\" width=\"638\"><a href=\"http:\/\/www.studijos.lt\/busimiems_studentams\/balu_skaiciuokle\">http:\/\/www.studijos.lt\/busimiems_studentams\/balu_skaiciuokle<\/a><\/td>\n<\/tr>\n<tr>\n<td valign=\"top\" width=\"638\"><a href=\"http:\/\/baluskaiciuokle.lt\/\">http:\/\/baluskaiciuokle.lt\/<\/a><\/td>\n<\/tr>\n<\/tbody>\n<\/table>\n<p>&nbsp;<\/p>\n<table border=\"1\" cellspacing=\"0\" cellpadding=\"0\">\n<tbody>\n<tr>\n<td valign=\"top\" width=\"638\">\n<p align=\"center\"><strong>BENDRAS PRI\u0116MIMAS \u012e AUK\u0160TOJO MOKSLO INSTITUCIJAS LIETUVOJE<\/strong><\/p>\n<\/td>\n<\/tr>\n<tr>\n<td valign=\"top\" width=\"638\"><a href=\"http:\/\/www.lamabpo.lt\">www.lamabpo.lt<\/a><\/td>\n<\/tr>\n<\/tbody>\n<\/table>\n<p>&nbsp;<\/p>\n<table border=\"1\" cellspacing=\"0\" cellpadding=\"0\">\n<tbody>\n<tr>\n<td valign=\"top\" width=\"638\">\n<p align=\"center\"><strong>STUDIJOS U\u017dSIENYJE<\/strong><\/p>\n<\/td>\n<\/tr>\n<tr>\n<td valign=\"top\" width=\"638\"><a href=\"http:\/\/ec.europa.eu\/ploteus\/home.jsp?language=lt\">http:\/\/ec.europa.eu\/ploteus\/home.jsp?language=lt<\/a><\/td>\n<\/tr>\n<tr>\n<td valign=\"top\" width=\"638\"><a href=\"http:\/\/kalba.lt\/\">http:\/\/kalba.lt\/<\/a><\/td>\n<\/tr>\n<tr>\n<td valign=\"top\" width=\"638\"><a href=\"http:\/\/eac.osf.lt\">http:\/\/eac.osf.lt<\/a><\/td>\n<\/tr>\n<tr>\n<td valign=\"top\" width=\"638\"><a href=\"http:\/\/www.balticstudent.lt\">www.balticstudent.lt<\/a><\/td>\n<\/tr>\n<\/tbody>\n<\/table>\n<p>M\u016bs\u0173 mokyklos bibliotekoje yra leidinys <strong>&#8222;Kur stoti u\u017esienyje 2012 m.&#8221;<\/strong><\/p>\n<p>&nbsp;<\/p>\n<table border=\"1\" cellspacing=\"0\" cellpadding=\"0\">\n<tbody>\n<tr>\n<td valign=\"top\" width=\"638\">\n<p align=\"center\"><strong>GYVENIMO APRA\u0160YMO RENGIMAS<\/strong><\/p>\n<\/td>\n<\/tr>\n<tr>\n<td valign=\"top\" width=\"638\"><strong>Europass gyvenimo apra\u0161ymo forma ir rengimo rekomendacijos<\/strong><\/td>\n<\/tr>\n<tr>\n<td valign=\"top\" width=\"638\"><a href=\"http:\/\/www.europass.lt\/cv\">http:\/\/www.europass.lt\/cv<\/a><\/td>\n<\/tr>\n<\/tbody>\n<\/table>\n<p>&nbsp;<\/p>\n<table border=\"1\" cellspacing=\"0\" cellpadding=\"0\">\n<tbody>\n<tr>\n<td valign=\"top\" width=\"638\">\n<p align=\"center\"><strong>DARBO IE\u0160KA<\/strong><\/p>\n<\/td>\n<\/tr>\n<tr>\n<td valign=\"top\" width=\"638\"><strong>Lietuvos darbo bir\u017ea<\/strong><\/td>\n<\/tr>\n<tr>\n<td valign=\"top\" width=\"638\"><a href=\"http:\/\/www.ldb.lt\/Informacija\/Puslapiai\/default.aspx\">http:\/\/www.ldb.lt\/Informacija\/Puslapiai\/default.aspx<\/a><\/td>\n<\/tr>\n<tr>\n<td valign=\"top\" width=\"638\"><strong>Darbo ie\u0161kos portalai<\/strong><\/td>\n<\/tr>\n<tr>\n<td valign=\"top\" width=\"638\"><a href=\"http:\/\/www.cv.lt\/index.do\">http:\/\/www.cv.lt\/index.do<\/a><\/td>\n<\/tr>\n<tr>\n<td valign=\"top\" width=\"638\"><a href=\"http:\/\/www.cvonline.lt\/\">http:\/\/www.cvonline.lt\/<\/a><\/td>\n<\/tr>\n<tr>\n<td valign=\"top\" width=\"638\"><a href=\"http:\/\/www.cvmarket.lt\/\">http:\/\/www.cvmarket.lt\/<\/a><\/td>\n<\/tr>\n<tr>\n<td valign=\"top\" width=\"638\"><a href=\"http:\/\/www.manager.lt\/\">http:\/\/www.manager.lt\/<\/a><\/td>\n<\/tr>\n<tr>\n<td valign=\"top\" width=\"638\"><a href=\"http:\/\/www.cvbankas.lt\/darbo-skelbimai\">http:\/\/www.cvbankas.lt\/darbo-skelbimai<\/a><\/td>\n<\/tr>\n<tr>\n<td valign=\"top\" width=\"638\"><a href=\"http:\/\/www.jtba.lt\/europos_savanoriu_tarnyba\">http:\/\/www.jtba.lt\/europos_savanoriu_tarnyba<\/a><\/td>\n<\/tr>\n<\/tbody>\n<\/table>\n","protected":false},"excerpt":{"rendered":"<p>\u201e\u017dmogui, kuris \u017eino, kur eina, pasaulis duoda keli\u0105. Keli\u0105 \u012f asmenin\u0119 laim\u0119, keli\u0105 \u012f s\u0117kmingos karjeros vir\u0161\u016bn\u0119\u201c (D. S. D\u017eordonas) Karjeros specialist\u0117 gimnazijoje: Barbara Rynkun barbara.rynkun@gmail.com Ugdymo karjerai specialisto tikslas\u202f\u2013 ugdyti mokini\u0173 karjeros kompetencijas, pad\u0117ti jiems spr\u0119sti karjeros klausimus taip, &hellip; <a href=\"https:\/\/www.mickunai.vilniausr.lm.lt\/?page_id=4850&#038;lang=LT\">Skaitykite toliau <span class=\"meta-nav\">&rarr;<\/span><\/a><\/p>\n","protected":false},"author":1,"featured_media":0,"parent":628,"menu_order":0,"comment_status":"closed","ping_status":"closed","template":"","meta":[],"_links":{"self":[{"href":"https:\/\/www.mickunai.vilniausr.lm.lt\/index.php?rest_route=\/wp\/v2\/pages\/4850"}],"collection":[{"href":"https:\/\/www.mickunai.vilniausr.lm.lt\/index.php?rest_route=\/wp\/v2\/pages"}],"about":[{"href":"https:\/\/www.mickunai.vilniausr.lm.lt\/index.php?rest_route=\/wp\/v2\/types\/page"}],"author":[{"embeddable":true,"href":"https:\/\/www.mickunai.vilniausr.lm.lt\/index.php?rest_route=\/wp\/v2\/users\/1"}],"replies":[{"embeddable":true,"href":"https:\/\/www.mickunai.vilniausr.lm.lt\/index.php?rest_route=%2Fwp%2Fv2%2Fcomments&post=4850"}],"version-history":[{"count":35,"href":"https:\/\/www.mickunai.vilniausr.lm.lt\/index.php?rest_route=\/wp\/v2\/pages\/4850\/revisions"}],"predecessor-version":[{"id":40037,"href":"https:\/\/www.mickunai.vilniausr.lm.lt\/index.php?rest_route=\/wp\/v2\/pages\/4850\/revisions\/40037"}],"up":[{"embeddable":true,"href":"https:\/\/www.mickunai.vilniausr.lm.lt\/index.php?rest_route=\/wp\/v2\/pages\/628"}],"wp:attachment":[{"href":"https:\/\/www.mickunai.vilniausr.lm.lt\/index.php?rest_route=%2Fwp%2Fv2%2Fmedia&parent=4850"}],"curies":[{"name":"wp","href":"https:\/\/api.w.org\/{rel}","templated":true}]}}