{"id":40818,"date":"2026-02-20T10:03:08","date_gmt":"2026-02-20T10:03:08","guid":{"rendered":"https:\/\/www.mickunai.vilniausr.lm.lt\/?page_id=40818"},"modified":"2026-02-20T10:05:18","modified_gmt":"2026-02-20T10:05:18","slug":"meninio-skaitymo-konkursas-poezijos-svente","status":"publish","type":"page","link":"https:\/\/www.mickunai.vilniausr.lm.lt\/?page_id=40818&amp;lang=LT","title":{"rendered":"MENINIO SKAITYMO\u00a0 KONKURSAS \u201ePOEZIJOS \u0160VENT\u0116\u201c"},"content":{"rendered":"<p style=\"text-align: justify;\">Konkurs\u0105 organizuoja Vilniaus rajono savivaldyb\u0117s mokykl\u0173 prie\u0161mokyklinio ir pradinio ugdymo mokytoj\u0173 lenk\u0173 ir rus\u0173 mokom\u0105ja kalba metodinis b\u016brelis. Konkurs\u0105 koordinuoja Vilniaus r. Mick\u016bn\u0173 gimnazijos pradinio ugdymo mokytoja metodinink\u0117 Teresa Pavlovska, i\u0161samesn\u0117 informacija teikiama elektroniniu pa\u0161tu <span style=\"color: #3366ff;\">ter.pavlovska@gmail.com.<\/span><\/p>\n<p style=\"text-align: center;\"><a href=\"https:\/\/www.mickunai.vilniausr.lm.lt\/wp-content\/uploads\/2026\/02\/Poezijos-svente-nuostatai-2026-ZP.docx\">Poezijos \u0161vent\u0117 nuostatai (2026) <\/a><\/p>\n","protected":false},"excerpt":{"rendered":"<p>Konkurs\u0105 organizuoja Vilniaus rajono savivaldyb\u0117s mokykl\u0173 prie\u0161mokyklinio ir pradinio ugdymo mokytoj\u0173 lenk\u0173 ir rus\u0173 mokom\u0105ja kalba metodinis b\u016brelis. Konkurs\u0105 koordinuoja Vilniaus r. Mick\u016bn\u0173 gimnazijos pradinio ugdymo mokytoja metodinink\u0117 Teresa Pavlovska, i\u0161samesn\u0117 informacija teikiama elektroniniu pa\u0161tu ter.pavlovska@gmail.com. Poezijos \u0161vent\u0117 nuostatai (2026)<\/p>\n","protected":false},"author":1,"featured_media":0,"parent":628,"menu_order":0,"comment_status":"closed","ping_status":"closed","template":"","meta":[],"_links":{"self":[{"href":"https:\/\/www.mickunai.vilniausr.lm.lt\/index.php?rest_route=\/wp\/v2\/pages\/40818"}],"collection":[{"href":"https:\/\/www.mickunai.vilniausr.lm.lt\/index.php?rest_route=\/wp\/v2\/pages"}],"about":[{"href":"https:\/\/www.mickunai.vilniausr.lm.lt\/index.php?rest_route=\/wp\/v2\/types\/page"}],"author":[{"embeddable":true,"href":"https:\/\/www.mickunai.vilniausr.lm.lt\/index.php?rest_route=\/wp\/v2\/users\/1"}],"replies":[{"embeddable":true,"href":"https:\/\/www.mickunai.vilniausr.lm.lt\/index.php?rest_route=%2Fwp%2Fv2%2Fcomments&post=40818"}],"version-history":[{"count":2,"href":"https:\/\/www.mickunai.vilniausr.lm.lt\/index.php?rest_route=\/wp\/v2\/pages\/40818\/revisions"}],"predecessor-version":[{"id":40823,"href":"https:\/\/www.mickunai.vilniausr.lm.lt\/index.php?rest_route=\/wp\/v2\/pages\/40818\/revisions\/40823"}],"up":[{"embeddable":true,"href":"https:\/\/www.mickunai.vilniausr.lm.lt\/index.php?rest_route=\/wp\/v2\/pages\/628"}],"wp:attachment":[{"href":"https:\/\/www.mickunai.vilniausr.lm.lt\/index.php?rest_route=%2Fwp%2Fv2%2Fmedia&parent=40818"}],"curies":[{"name":"wp","href":"https:\/\/api.w.org\/{rel}","templated":true}]}}