{"id":38226,"date":"2025-01-27T12:02:54","date_gmt":"2025-01-27T12:02:54","guid":{"rendered":"https:\/\/www.mickunai.vilniausr.lm.lt\/?page_id=38226"},"modified":"2026-01-08T14:14:25","modified_gmt":"2026-01-08T14:14:25","slug":"gimnazijos-tevu-taryba","status":"publish","type":"page","link":"https:\/\/www.mickunai.vilniausr.lm.lt\/?page_id=38226&amp;lang=LT","title":{"rendered":"Gimnazijos t\u0117v\u0173 taryba"},"content":{"rendered":"<p style=\"text-align: justify;\">\nDalyvauja \u012fgyvendinant gimnazijos tikslus bei u\u017edavinius, gimnazijos veiklos planavime ir plan\u0173 \u012fgyvendinime, sprend\u017eiant i\u0161kilusias problemas. Palaiko mokytoj\u0173, mokini\u0173 ir mokini\u0173 t\u0117v\u0173 (glob\u0117j\u0173, r\u016bpintoj\u0173) ry\u0161ius, domisi mokini\u0173 ugdymu (-si). Telkia mokini\u0173 t\u0117vus (glob\u0117jus, r\u016bpintojus) bendradarbiavimui su mokytojais bei pagalb\u0105 mokiniui teikian\u010diais specialistais. Padeda spr\u0119sti mokini\u0173 sveikatingumo, maitinimo, pamok\u0173 lankymo, darbo saugos ir higienos bei drausm\u0117s pa\u017eeidimo problemas.<\/p>\n<p style=\"text-align: left;\"><strong>T\u0117vai \u012f gimnazijos taryba renkami bendrame t\u0117v\u0173 susirinkime i\u0161 gimnazijoje nedirban\u010di\u0173 mokini\u0173 t\u0117v\u0173 (glob\u0117j\u0173, r\u016bpintoj\u0173)<br \/>\nT\u0117v\u0173 taryba:<\/strong><br \/>\nVioleta Oster<br \/>\n\u010ceslava Zadranovi\u010d<br \/>\nEduard Subo\u010d<br \/>\nJulija Urbanovi\u010d<\/p>\n","protected":false},"excerpt":{"rendered":"<p>Dalyvauja \u012fgyvendinant gimnazijos tikslus bei u\u017edavinius, gimnazijos veiklos planavime ir plan\u0173 \u012fgyvendinime, sprend\u017eiant i\u0161kilusias problemas. Palaiko mokytoj\u0173, mokini\u0173 ir mokini\u0173 t\u0117v\u0173 (glob\u0117j\u0173, r\u016bpintoj\u0173) ry\u0161ius, domisi mokini\u0173 ugdymu (-si). Telkia mokini\u0173 t\u0117vus (glob\u0117jus, r\u016bpintojus) bendradarbiavimui su mokytojais bei pagalb\u0105 mokiniui teikian\u010diais &hellip; <a href=\"https:\/\/www.mickunai.vilniausr.lm.lt\/?page_id=38226&#038;lang=LT\">Skaitykite toliau <span class=\"meta-nav\">&rarr;<\/span><\/a><\/p>\n","protected":false},"author":1,"featured_media":0,"parent":25145,"menu_order":0,"comment_status":"closed","ping_status":"closed","template":"","meta":[],"_links":{"self":[{"href":"https:\/\/www.mickunai.vilniausr.lm.lt\/index.php?rest_route=\/wp\/v2\/pages\/38226"}],"collection":[{"href":"https:\/\/www.mickunai.vilniausr.lm.lt\/index.php?rest_route=\/wp\/v2\/pages"}],"about":[{"href":"https:\/\/www.mickunai.vilniausr.lm.lt\/index.php?rest_route=\/wp\/v2\/types\/page"}],"author":[{"embeddable":true,"href":"https:\/\/www.mickunai.vilniausr.lm.lt\/index.php?rest_route=\/wp\/v2\/users\/1"}],"replies":[{"embeddable":true,"href":"https:\/\/www.mickunai.vilniausr.lm.lt\/index.php?rest_route=%2Fwp%2Fv2%2Fcomments&post=38226"}],"version-history":[{"count":10,"href":"https:\/\/www.mickunai.vilniausr.lm.lt\/index.php?rest_route=\/wp\/v2\/pages\/38226\/revisions"}],"predecessor-version":[{"id":38238,"href":"https:\/\/www.mickunai.vilniausr.lm.lt\/index.php?rest_route=\/wp\/v2\/pages\/38226\/revisions\/38238"}],"up":[{"embeddable":true,"href":"https:\/\/www.mickunai.vilniausr.lm.lt\/index.php?rest_route=\/wp\/v2\/pages\/25145"}],"wp:attachment":[{"href":"https:\/\/www.mickunai.vilniausr.lm.lt\/index.php?rest_route=%2Fwp%2Fv2%2Fmedia&parent=38226"}],"curies":[{"name":"wp","href":"https:\/\/api.w.org\/{rel}","templated":true}]}}