{"id":38068,"date":"2025-01-13T13:26:00","date_gmt":"2025-01-13T13:26:00","guid":{"rendered":"https:\/\/www.mickunai.vilniausr.lm.lt\/?page_id=38068"},"modified":"2025-01-13T14:07:14","modified_gmt":"2025-01-13T14:07:14","slug":"38068-2","status":"publish","type":"page","link":"https:\/\/www.mickunai.vilniausr.lm.lt\/?page_id=38068&amp;lang=LT","title":{"rendered":"(Polski) Wsparcie bie\u017c\u0105cej dzia\u0142alno\u015bci 81 przedszkoli i grup przedszkolnych z polskim j\u0119zykiem nauczania na Litwie, w kt\u00f3rych liczba dzieci nie przekracza 100 os\u00f3b"},"content":{"rendered":"<p style=\"text-align: justify;\">\n<p><a href=\"https:\/\/www.mickunai.vilniausr.lm.lt\/wp-content\/uploads\/2025\/01\/Logo-2284.jpg\"><img decoding=\"async\" loading=\"lazy\" src=\"https:\/\/www.mickunai.vilniausr.lm.lt\/wp-content\/uploads\/2025\/01\/Logo-2284-209x300.jpg\" alt=\"\" width=\"209\" height=\"300\" class=\"aligncenter size-medium wp-image-38078\" srcset=\"https:\/\/www.mickunai.vilniausr.lm.lt\/wp-content\/uploads\/2025\/01\/Logo-2284-209x300.jpg 209w, https:\/\/www.mickunai.vilniausr.lm.lt\/wp-content\/uploads\/2025\/01\/Logo-2284.jpg 513w\" sizes=\"(max-width: 209px) 100vw, 209px\" \/><\/a><\/p>\n","protected":false},"excerpt":{"rendered":"","protected":false},"author":1,"featured_media":0,"parent":822,"menu_order":0,"comment_status":"closed","ping_status":"closed","template":"","meta":[],"_links":{"self":[{"href":"https:\/\/www.mickunai.vilniausr.lm.lt\/index.php?rest_route=\/wp\/v2\/pages\/38068"}],"collection":[{"href":"https:\/\/www.mickunai.vilniausr.lm.lt\/index.php?rest_route=\/wp\/v2\/pages"}],"about":[{"href":"https:\/\/www.mickunai.vilniausr.lm.lt\/index.php?rest_route=\/wp\/v2\/types\/page"}],"author":[{"embeddable":true,"href":"https:\/\/www.mickunai.vilniausr.lm.lt\/index.php?rest_route=\/wp\/v2\/users\/1"}],"replies":[{"embeddable":true,"href":"https:\/\/www.mickunai.vilniausr.lm.lt\/index.php?rest_route=%2Fwp%2Fv2%2Fcomments&post=38068"}],"version-history":[{"count":0,"href":"https:\/\/www.mickunai.vilniausr.lm.lt\/index.php?rest_route=\/wp\/v2\/pages\/38068\/revisions"}],"up":[{"embeddable":true,"href":"https:\/\/www.mickunai.vilniausr.lm.lt\/index.php?rest_route=\/wp\/v2\/pages\/822"}],"wp:attachment":[{"href":"https:\/\/www.mickunai.vilniausr.lm.lt\/index.php?rest_route=%2Fwp%2Fv2%2Fmedia&parent=38068"}],"curies":[{"name":"wp","href":"https:\/\/api.w.org\/{rel}","templated":true}]}}