{"id":38051,"date":"2025-01-13T13:10:24","date_gmt":"2025-01-13T13:10:24","guid":{"rendered":"https:\/\/www.mickunai.vilniausr.lm.lt\/?page_id=38051"},"modified":"2025-01-13T14:10:37","modified_gmt":"2025-01-13T14:10:37","slug":"polski-wsparcie-biezacej-dzialalnosci-39-szkol-z-polskim-jezykiem-nauczania-na-litwie-w-ktorych-liczba-uczniow-przekracza-100-osob","status":"publish","type":"page","link":"https:\/\/www.mickunai.vilniausr.lm.lt\/?page_id=38051&amp;lang=LT","title":{"rendered":"(Polski) Wsparcie bie\u017c\u0105cej dzia\u0142alno\u015bci 39 szk\u00f3\u0142 z polskim j\u0119zykiem nauczania na Litwie, w kt\u00f3rych liczba uczni\u00f3w przekracza 100 os\u00f3b"},"content":{"rendered":"<p style=\"text-align: justify;\">\n","protected":false},"excerpt":{"rendered":"","protected":false},"author":1,"featured_media":0,"parent":822,"menu_order":0,"comment_status":"closed","ping_status":"closed","template":"","meta":[],"_links":{"self":[{"href":"https:\/\/www.mickunai.vilniausr.lm.lt\/index.php?rest_route=\/wp\/v2\/pages\/38051"}],"collection":[{"href":"https:\/\/www.mickunai.vilniausr.lm.lt\/index.php?rest_route=\/wp\/v2\/pages"}],"about":[{"href":"https:\/\/www.mickunai.vilniausr.lm.lt\/index.php?rest_route=\/wp\/v2\/types\/page"}],"author":[{"embeddable":true,"href":"https:\/\/www.mickunai.vilniausr.lm.lt\/index.php?rest_route=\/wp\/v2\/users\/1"}],"replies":[{"embeddable":true,"href":"https:\/\/www.mickunai.vilniausr.lm.lt\/index.php?rest_route=%2Fwp%2Fv2%2Fcomments&post=38051"}],"version-history":[{"count":4,"href":"https:\/\/www.mickunai.vilniausr.lm.lt\/index.php?rest_route=\/wp\/v2\/pages\/38051\/revisions"}],"predecessor-version":[{"id":38065,"href":"https:\/\/www.mickunai.vilniausr.lm.lt\/index.php?rest_route=\/wp\/v2\/pages\/38051\/revisions\/38065"}],"up":[{"embeddable":true,"href":"https:\/\/www.mickunai.vilniausr.lm.lt\/index.php?rest_route=\/wp\/v2\/pages\/822"}],"wp:attachment":[{"href":"https:\/\/www.mickunai.vilniausr.lm.lt\/index.php?rest_route=%2Fwp%2Fv2%2Fmedia&parent=38051"}],"curies":[{"name":"wp","href":"https:\/\/api.w.org\/{rel}","templated":true}]}}