{"id":38043,"date":"2025-01-10T18:14:22","date_gmt":"2025-01-10T18:14:22","guid":{"rendered":"https:\/\/www.mickunai.vilniausr.lm.lt\/?page_id=38043"},"modified":"2025-01-13T13:34:58","modified_gmt":"2025-01-13T13:34:58","slug":"polski-fundacja-pomoc-polakom-na-wschodzie-im-jana-olszewskiego","status":"publish","type":"page","link":"https:\/\/www.mickunai.vilniausr.lm.lt\/?page_id=38043&amp;lang=LT","title":{"rendered":"(Polski) Wsparcie nauczania j\u0119zyka polskiego za granic\u0105 poprzez dofinansowanie zakupu podr\u0119cznik\u00f3w sprz\u0119tu biurowego, sprz\u0119tu komputerowego oraz oprogramowiania"},"content":{"rendered":"<p style=\"text-align: justify;\"><a href=\"https:\/\/www.mickunai.vilniausr.lm.lt\/wp-content\/uploads\/2025\/01\/Dofinansowane-ze-srodkow-Ministerstwa_obowiazek_2024_1.png\"><img decoding=\"async\" loading=\"lazy\" class=\"aligncenter size-medium wp-image-38044\" src=\"https:\/\/www.mickunai.vilniausr.lm.lt\/wp-content\/uploads\/2025\/01\/Dofinansowane-ze-srodkow-Ministerstwa_obowiazek_2024_1-300x285.png\" alt=\"\" width=\"300\" height=\"285\" srcset=\"https:\/\/www.mickunai.vilniausr.lm.lt\/wp-content\/uploads\/2025\/01\/Dofinansowane-ze-srodkow-Ministerstwa_obowiazek_2024_1-300x285.png 300w, https:\/\/www.mickunai.vilniausr.lm.lt\/wp-content\/uploads\/2025\/01\/Dofinansowane-ze-srodkow-Ministerstwa_obowiazek_2024_1-1024x973.png 1024w, https:\/\/www.mickunai.vilniausr.lm.lt\/wp-content\/uploads\/2025\/01\/Dofinansowane-ze-srodkow-Ministerstwa_obowiazek_2024_1-768x729.png 768w, https:\/\/www.mickunai.vilniausr.lm.lt\/wp-content\/uploads\/2025\/01\/Dofinansowane-ze-srodkow-Ministerstwa_obowiazek_2024_1.png 1094w\" sizes=\"(max-width: 300px) 100vw, 300px\" \/><\/a><\/p>\n","protected":false},"excerpt":{"rendered":"","protected":false},"author":1,"featured_media":0,"parent":822,"menu_order":0,"comment_status":"closed","ping_status":"closed","template":"","meta":[],"_links":{"self":[{"href":"https:\/\/www.mickunai.vilniausr.lm.lt\/index.php?rest_route=\/wp\/v2\/pages\/38043"}],"collection":[{"href":"https:\/\/www.mickunai.vilniausr.lm.lt\/index.php?rest_route=\/wp\/v2\/pages"}],"about":[{"href":"https:\/\/www.mickunai.vilniausr.lm.lt\/index.php?rest_route=\/wp\/v2\/types\/page"}],"author":[{"embeddable":true,"href":"https:\/\/www.mickunai.vilniausr.lm.lt\/index.php?rest_route=\/wp\/v2\/users\/1"}],"replies":[{"embeddable":true,"href":"https:\/\/www.mickunai.vilniausr.lm.lt\/index.php?rest_route=%2Fwp%2Fv2%2Fcomments&post=38043"}],"version-history":[{"count":6,"href":"https:\/\/www.mickunai.vilniausr.lm.lt\/index.php?rest_route=\/wp\/v2\/pages\/38043\/revisions"}],"predecessor-version":[{"id":38050,"href":"https:\/\/www.mickunai.vilniausr.lm.lt\/index.php?rest_route=\/wp\/v2\/pages\/38043\/revisions\/38050"}],"up":[{"embeddable":true,"href":"https:\/\/www.mickunai.vilniausr.lm.lt\/index.php?rest_route=\/wp\/v2\/pages\/822"}],"wp:attachment":[{"href":"https:\/\/www.mickunai.vilniausr.lm.lt\/index.php?rest_route=%2Fwp%2Fv2%2Fmedia&parent=38043"}],"curies":[{"name":"wp","href":"https:\/\/api.w.org\/{rel}","templated":true}]}}