{"id":35555,"date":"2024-04-05T10:35:33","date_gmt":"2024-04-05T10:35:33","guid":{"rendered":"http:\/\/www2020.vu.lt\/?page_id=35555"},"modified":"2024-04-05T11:09:19","modified_gmt":"2024-04-05T11:09:19","slug":"pagalba-nukentejusiesiems-nuo-nusikalstamos-veikos","status":"publish","type":"page","link":"https:\/\/www.mickunai.vilniausr.lm.lt\/?page_id=35555&amp;lang=LT","title":{"rendered":"Pagalbanukelt\u0117jusiems nuo nusikalstamos veikos"},"content":{"rendered":"<p style=\"text-align: justify;\">Lietuvos Respublikos \u0161vietimo, mokslo ir sporto ministerija informuoja apie Lietuvos Respublikos socialin\u0117s apsaugos ir darbo ministerijos atnaujint\u0105 23 pagalbos tarnyb\u0173, organizuojan\u010di\u0173 ir teikian\u010di\u0173 pagalb\u0105 nukent\u0117jusiems asmenims visoje Lietuvoje, s\u0105ra\u0161\u0105 ir vienlap\u012f (pridedama). Informuojame, kad pagalb\u0105 turi teis\u0119 gauti asmenys, nukent\u0117j\u0119 nuo bet kokios nusikalstamos veikos, bei asmen\u0173, mirusi\u0173 d\u0117l \u012fvykdytos nusikalstamos veikos, \u0161eimos nariai ir artimieji giminai\u010diai. Pagalbos galima kreiptis \u012f bet kuri\u0105 \u0161alyje veikian\u010di\u0105 pagalbos tarnyb\u0105, nepriklausomai nuo gyvenamosios vietos.<\/p>\n<p style=\"text-align: center;\"><a href=\"http:\/\/www.mickunai.vilniausr.lm.lt\/wp-content\/uploads\/2024\/04\/PT_sarasas_kontaktai_2024_atnaujinta_02-06_2.docx\">PAGALBA NUKENT\u0116JUSIESIEMS NUO NUSIKALSTAMOS VEIKOS S\u0104RA\u0160AS<\/a><\/p>\n<div id='gallery-1' class='gallery galleryid-35555 gallery-columns-2 gallery-size-thumbnail'><dl class='gallery-item'>\n\t\t\t<dt class='gallery-icon portrait'>\n\t\t\t\t<a href='https:\/\/www.mickunai.vilniausr.lm.lt\/?attachment_id=35565'><img width=\"150\" height=\"150\" src=\"https:\/\/www.mickunai.vilniausr.lm.lt\/wp-content\/uploads\/2024\/04\/PGALBA-150x150.jpg\" class=\"attachment-thumbnail size-thumbnail\" alt=\"\" decoding=\"async\" loading=\"lazy\" \/><\/a>\n\t\t\t<\/dt><\/dl><dl class='gallery-item'>\n\t\t\t<dt class='gallery-icon portrait'>\n\t\t\t\t<a href='https:\/\/www.mickunai.vilniausr.lm.lt\/?attachment_id=35566'><img width=\"150\" height=\"150\" src=\"https:\/\/www.mickunai.vilniausr.lm.lt\/wp-content\/uploads\/2024\/04\/PGALBA1-150x150.jpg\" class=\"attachment-thumbnail size-thumbnail\" alt=\"\" decoding=\"async\" loading=\"lazy\" \/><\/a>\n\t\t\t<\/dt><\/dl><br style=\"clear: both\" \/>\n\t\t<\/div>\n\n","protected":false},"excerpt":{"rendered":"<p>Lietuvos Respublikos \u0161vietimo, mokslo ir sporto ministerija informuoja apie Lietuvos Respublikos socialin\u0117s apsaugos ir darbo ministerijos atnaujint\u0105 23 pagalbos tarnyb\u0173, organizuojan\u010di\u0173 ir teikian\u010di\u0173 pagalb\u0105 nukent\u0117jusiems asmenims visoje Lietuvoje, s\u0105ra\u0161\u0105 ir vienlap\u012f (pridedama). Informuojame, kad pagalb\u0105 turi teis\u0119 gauti asmenys, nukent\u0117j\u0119 &hellip; <a href=\"https:\/\/www.mickunai.vilniausr.lm.lt\/?page_id=35555&#038;lang=LT\">Skaitykite toliau <span class=\"meta-nav\">&rarr;<\/span><\/a><\/p>\n","protected":false},"author":1,"featured_media":0,"parent":828,"menu_order":0,"comment_status":"closed","ping_status":"closed","template":"","meta":[],"_links":{"self":[{"href":"https:\/\/www.mickunai.vilniausr.lm.lt\/index.php?rest_route=\/wp\/v2\/pages\/35555"}],"collection":[{"href":"https:\/\/www.mickunai.vilniausr.lm.lt\/index.php?rest_route=\/wp\/v2\/pages"}],"about":[{"href":"https:\/\/www.mickunai.vilniausr.lm.lt\/index.php?rest_route=\/wp\/v2\/types\/page"}],"author":[{"embeddable":true,"href":"https:\/\/www.mickunai.vilniausr.lm.lt\/index.php?rest_route=\/wp\/v2\/users\/1"}],"replies":[{"embeddable":true,"href":"https:\/\/www.mickunai.vilniausr.lm.lt\/index.php?rest_route=%2Fwp%2Fv2%2Fcomments&post=35555"}],"version-history":[{"count":9,"href":"https:\/\/www.mickunai.vilniausr.lm.lt\/index.php?rest_route=\/wp\/v2\/pages\/35555\/revisions"}],"predecessor-version":[{"id":35567,"href":"https:\/\/www.mickunai.vilniausr.lm.lt\/index.php?rest_route=\/wp\/v2\/pages\/35555\/revisions\/35567"}],"up":[{"embeddable":true,"href":"https:\/\/www.mickunai.vilniausr.lm.lt\/index.php?rest_route=\/wp\/v2\/pages\/828"}],"wp:attachment":[{"href":"https:\/\/www.mickunai.vilniausr.lm.lt\/index.php?rest_route=%2Fwp%2Fv2%2Fmedia&parent=35555"}],"curies":[{"name":"wp","href":"https:\/\/api.w.org\/{rel}","templated":true}]}}