{"id":34516,"date":"2023-11-16T21:57:41","date_gmt":"2023-11-16T21:57:41","guid":{"rendered":"http:\/\/www2020.vu.lt\/?page_id=34516"},"modified":"2023-11-20T06:04:45","modified_gmt":"2023-11-20T06:04:45","slug":"projektas-skaitmeninio-ugdymo-turinio-kurimas-ir-diegimas","status":"publish","type":"page","link":"https:\/\/www.mickunai.vilniausr.lm.lt\/?page_id=34516&amp;lang=LT","title":{"rendered":"Projektas ,,Skaitmeninio ugdymo turinio k\u016brimas ir diegimas\u201c"},"content":{"rendered":"<p><a href=\"http:\/\/www.mickunai.vilniausr.lm.lt\/wp-content\/uploads\/2023\/11\/kuriame-ateiti.jpg\"><img decoding=\"async\" loading=\"lazy\" src=\"http:\/\/www.mickunai.vilniausr.lm.lt\/wp-content\/uploads\/2023\/11\/kuriame-ateiti.jpg\" alt=\"kuriame-ateiti\" width=\"254\" height=\"154\" class=\"aligncenter size-full wp-image-34520\" \/><\/a><\/p>\n<p>Mokykla 2023 m. kaip Nacionalin\u0117s \u0161vietimo agent\u016bros partneris pagal Jungtin\u0117s veiklos sutart\u012f dalyvauja \u012fgyvendinant 2014\u20132020 met\u0173 Europos S\u0105jungos fond\u0173 investicij\u0173 9 prioriteto \u201eVisuomen\u0117s \u0161vietimas ir \u017emogi\u0161k\u0173j\u0173 i\u0161tekli\u0173 potencialo didinimas\u201c 09.2.1-ESFA-V-726 priemon\u0117s \u201eUgdymo turinio tobulinimas ir nauj\u0173 mokymo organizavimo form\u0173 k\u016brimas ir diegimas\u201c projekt\u0105 ,,Skaitmeninio ugdymo turinio k\u016brimas ir diegimas\u201c (Nr. 09.2.1-ESFA-V-726-03-0001), pagal kur\u012f Europos socialinio fondo ir Lietuvos Respublikos valstyb\u0117s biud\u017eeto l\u0117\u0161omis finansuojamas mokykl\u0173 apr\u016bpinimas vadov\u0117liais pagal atnaujintas bendrojo ugdymo programas.<br \/>\nProjekto tikslas \u2013 atnaujinti bendrojo ugdymo turin\u012f ir u\u017etikrinti veiksming\u0105 jo diegim\u0105.<br \/>\nU\u017edaviniai:<br \/>\n1.\tParengti priemones ugdymo turiniui atnaujinti.<br \/>\n2.\tTeikti steig\u0117jams ir mokykloms pagalb\u0105, reikaling\u0105 s\u0117kmingai \u012fgyvendinti atnaujint\u0105 ugdymo turin\u012f.<br \/>\n2023 m. mokyklai i\u0161 Projekto l\u0117\u0161\u0173 atnaujinto ugdymo turinio vadov\u0117liams \u012fsigyti pagal mokyklos mokini\u0173 skai\u010di\u0173 skirta 8554.54 eur\u0173. Patirtos i\u0161laidos atnaujinto ugdymo turinio vadov\u0117liams, paskelbtiems \u0160vietimo portalo Vadov\u0117li\u0173 duomen\u0173 baz\u0117je, \u012fsigyti apmokamos taikant Europos socialinio fondo agent\u016bros nustatytus fiksuotuosius \u012fkainius (pradiniam ugdymui \u2013 12,77 Eur,  pagrindiniam ugdymui \u2013 18,52 Eur, viduriniam ugdymui \u2013 21,80 Eur) bei papildomai pagal \u0160vietimo, mokslo ir sporto ministro 2023 m. spalio 19 d. \u012fsakym\u0105 Nr. V-1379 skiriama visiems mokyklos mokiniams po 15,00 eur\u0173.<br \/>\nDaugiau informacijos apie projekto \u201eSkaitmeninio ugdymo turinio k\u016brimas ir diegimas\u201c \u012fgyvendinim\u0105 galima rasti interneto adresu<br \/>\n<a href=\"https:\/\/www.nsa.smm.lt\/projektai\/ugdymo-projektai\/projektas-skaitmeninio-ugdymo-turinio-kurimas-ir-diegimas\/\">https:\/\/www.nsa.smm.lt\/projektai\/ugdymo-projektai\/projektas-skaitmeninio-ugdymo-turinio-kurimas-ir-diegimas\/ <\/a><\/p>\n","protected":false},"excerpt":{"rendered":"<p>Mokykla 2023 m. kaip Nacionalin\u0117s \u0161vietimo agent\u016bros partneris pagal Jungtin\u0117s veiklos sutart\u012f dalyvauja \u012fgyvendinant 2014\u20132020 met\u0173 Europos S\u0105jungos fond\u0173 investicij\u0173 9 prioriteto \u201eVisuomen\u0117s \u0161vietimas ir \u017emogi\u0161k\u0173j\u0173 i\u0161tekli\u0173 potencialo didinimas\u201c 09.2.1-ESFA-V-726 priemon\u0117s \u201eUgdymo turinio tobulinimas ir nauj\u0173 mokymo organizavimo form\u0173 k\u016brimas &hellip; <a href=\"https:\/\/www.mickunai.vilniausr.lm.lt\/?page_id=34516&#038;lang=LT\">Skaitykite toliau <span class=\"meta-nav\">&rarr;<\/span><\/a><\/p>\n","protected":false},"author":1,"featured_media":0,"parent":822,"menu_order":0,"comment_status":"closed","ping_status":"closed","template":"","meta":[],"_links":{"self":[{"href":"https:\/\/www.mickunai.vilniausr.lm.lt\/index.php?rest_route=\/wp\/v2\/pages\/34516"}],"collection":[{"href":"https:\/\/www.mickunai.vilniausr.lm.lt\/index.php?rest_route=\/wp\/v2\/pages"}],"about":[{"href":"https:\/\/www.mickunai.vilniausr.lm.lt\/index.php?rest_route=\/wp\/v2\/types\/page"}],"author":[{"embeddable":true,"href":"https:\/\/www.mickunai.vilniausr.lm.lt\/index.php?rest_route=\/wp\/v2\/users\/1"}],"replies":[{"embeddable":true,"href":"https:\/\/www.mickunai.vilniausr.lm.lt\/index.php?rest_route=%2Fwp%2Fv2%2Fcomments&post=34516"}],"version-history":[{"count":7,"href":"https:\/\/www.mickunai.vilniausr.lm.lt\/index.php?rest_route=\/wp\/v2\/pages\/34516\/revisions"}],"predecessor-version":[{"id":34524,"href":"https:\/\/www.mickunai.vilniausr.lm.lt\/index.php?rest_route=\/wp\/v2\/pages\/34516\/revisions\/34524"}],"up":[{"embeddable":true,"href":"https:\/\/www.mickunai.vilniausr.lm.lt\/index.php?rest_route=\/wp\/v2\/pages\/822"}],"wp:attachment":[{"href":"https:\/\/www.mickunai.vilniausr.lm.lt\/index.php?rest_route=%2Fwp%2Fv2%2Fmedia&parent=34516"}],"curies":[{"name":"wp","href":"https:\/\/api.w.org\/{rel}","templated":true}]}}