{"id":34179,"date":"2023-10-16T07:21:51","date_gmt":"2023-10-16T07:21:51","guid":{"rendered":"http:\/\/www2020.vu.lt\/?page_id=34179"},"modified":"2023-10-16T07:24:00","modified_gmt":"2023-10-16T07:24:00","slug":"projektas-super-citizen","status":"publish","type":"page","link":"https:\/\/www.mickunai.vilniausr.lm.lt\/?page_id=34179&amp;lang=LT","title":{"rendered":"Projektas ,,SUPER CITIZEN\u201c"},"content":{"rendered":"<p style=\"text-align: justify;\">\u0160iais mokslo metais 8, IG ir IIG kl. \u012fsitrauk\u0117 \u012f projekt\u0105 ,,SUPER CITIZEN\u201c. Projekto tikslas- mokini\u0173 kritinio m\u0105stymo demokratin\u0117ms vertyb\u0117ms ugdymas. Projekto tikslas, kuris skirtas mokykloms- teikti \u012ftraukiant\u012f pilieti\u0161kumo pamok\u0173 turin\u012f, sudominti mokinius pilieti\u0161kumo pamokomis. Projektas ,,SUPER CITIZEN\u201c- pilieti\u0161kumo pamok\u0173 ,,Minecraft Education Edition\u201c \u017eaidimo aplinkoje ciklas, kuris skirtas skatinti 8-10 klasi\u0173 mokinius \u012fsitraukti ir aktyviai dalyvauti visuomeniniame gyvenime, kuris prasideda \u0161eimoje, kaimyn\u0173, mokyklos, rajono, kaimo, miesto bendruomen\u0117je ir galiausiai valstyb\u0117je. Vienos pamokos trukm\u0117 45 min. Pamok\u0173 cikl\u0105 sudaro 10 pamok\u0173.\n<\/p>\n<div id='gallery-1' class='gallery galleryid-34179 gallery-columns-3 gallery-size-thumbnail'><dl class='gallery-item'>\n\t\t\t<dt class='gallery-icon landscape'>\n\t\t\t\t<a href='https:\/\/www.mickunai.vilniausr.lm.lt\/?attachment_id=34180'><img width=\"150\" height=\"150\" src=\"https:\/\/www.mickunai.vilniausr.lm.lt\/wp-content\/uploads\/2023\/10\/received_303148585754161-150x150.jpeg\" class=\"attachment-thumbnail size-thumbnail\" alt=\"\" decoding=\"async\" loading=\"lazy\" \/><\/a>\n\t\t\t<\/dt><\/dl><dl class='gallery-item'>\n\t\t\t<dt class='gallery-icon landscape'>\n\t\t\t\t<a href='https:\/\/www.mickunai.vilniausr.lm.lt\/?attachment_id=34183'><img width=\"150\" height=\"150\" src=\"https:\/\/www.mickunai.vilniausr.lm.lt\/wp-content\/uploads\/2023\/10\/received_832173835359976-150x150.jpeg\" class=\"attachment-thumbnail size-thumbnail\" alt=\"\" decoding=\"async\" loading=\"lazy\" \/><\/a>\n\t\t\t<\/dt><\/dl><dl class='gallery-item'>\n\t\t\t<dt class='gallery-icon landscape'>\n\t\t\t\t<a href='https:\/\/www.mickunai.vilniausr.lm.lt\/?attachment_id=34184'><img width=\"150\" height=\"150\" src=\"https:\/\/www.mickunai.vilniausr.lm.lt\/wp-content\/uploads\/2023\/10\/received_1028714871509965-150x150.jpeg\" class=\"attachment-thumbnail size-thumbnail\" alt=\"\" decoding=\"async\" loading=\"lazy\" \/><\/a>\n\t\t\t<\/dt><\/dl><br style=\"clear: both\" \/>\n\t\t<\/div>\n\n<p>&nbsp;<\/p>\n<div id='gallery-2' class='gallery galleryid-34179 gallery-columns-2 gallery-size-thumbnail'><dl class='gallery-item'>\n\t\t\t<dt class='gallery-icon landscape'>\n\t\t\t\t<a href='https:\/\/www.mickunai.vilniausr.lm.lt\/?attachment_id=34181'><img width=\"150\" height=\"150\" src=\"https:\/\/www.mickunai.vilniausr.lm.lt\/wp-content\/uploads\/2023\/10\/received_308840408419560-150x150.jpeg\" class=\"attachment-thumbnail size-thumbnail\" alt=\"\" decoding=\"async\" loading=\"lazy\" \/><\/a>\n\t\t\t<\/dt><\/dl><dl class='gallery-item'>\n\t\t\t<dt class='gallery-icon landscape'>\n\t\t\t\t<a href='https:\/\/www.mickunai.vilniausr.lm.lt\/?attachment_id=34182'><img width=\"150\" height=\"150\" src=\"https:\/\/www.mickunai.vilniausr.lm.lt\/wp-content\/uploads\/2023\/10\/received_538722515113681-150x150.jpeg\" class=\"attachment-thumbnail size-thumbnail\" alt=\"\" decoding=\"async\" loading=\"lazy\" \/><\/a>\n\t\t\t<\/dt><\/dl><br style=\"clear: both\" \/>\n\t\t<\/div>\n\n","protected":false},"excerpt":{"rendered":"<p>\u0160iais mokslo metais 8, IG ir IIG kl. \u012fsitrauk\u0117 \u012f projekt\u0105 ,,SUPER CITIZEN\u201c. Projekto tikslas- mokini\u0173 kritinio m\u0105stymo demokratin\u0117ms vertyb\u0117ms ugdymas. Projekto tikslas, kuris skirtas mokykloms- teikti \u012ftraukiant\u012f pilieti\u0161kumo pamok\u0173 turin\u012f, sudominti mokinius pilieti\u0161kumo pamokomis. Projektas ,,SUPER CITIZEN\u201c- pilieti\u0161kumo pamok\u0173 &hellip; <a href=\"https:\/\/www.mickunai.vilniausr.lm.lt\/?page_id=34179&#038;lang=LT\">Skaitykite toliau <span class=\"meta-nav\">&rarr;<\/span><\/a><\/p>\n","protected":false},"author":1,"featured_media":0,"parent":822,"menu_order":0,"comment_status":"closed","ping_status":"closed","template":"","meta":[],"_links":{"self":[{"href":"https:\/\/www.mickunai.vilniausr.lm.lt\/index.php?rest_route=\/wp\/v2\/pages\/34179"}],"collection":[{"href":"https:\/\/www.mickunai.vilniausr.lm.lt\/index.php?rest_route=\/wp\/v2\/pages"}],"about":[{"href":"https:\/\/www.mickunai.vilniausr.lm.lt\/index.php?rest_route=\/wp\/v2\/types\/page"}],"author":[{"embeddable":true,"href":"https:\/\/www.mickunai.vilniausr.lm.lt\/index.php?rest_route=\/wp\/v2\/users\/1"}],"replies":[{"embeddable":true,"href":"https:\/\/www.mickunai.vilniausr.lm.lt\/index.php?rest_route=%2Fwp%2Fv2%2Fcomments&post=34179"}],"version-history":[{"count":4,"href":"https:\/\/www.mickunai.vilniausr.lm.lt\/index.php?rest_route=\/wp\/v2\/pages\/34179\/revisions"}],"predecessor-version":[{"id":34186,"href":"https:\/\/www.mickunai.vilniausr.lm.lt\/index.php?rest_route=\/wp\/v2\/pages\/34179\/revisions\/34186"}],"up":[{"embeddable":true,"href":"https:\/\/www.mickunai.vilniausr.lm.lt\/index.php?rest_route=\/wp\/v2\/pages\/822"}],"wp:attachment":[{"href":"https:\/\/www.mickunai.vilniausr.lm.lt\/index.php?rest_route=%2Fwp%2Fv2%2Fmedia&parent=34179"}],"curies":[{"name":"wp","href":"https:\/\/api.w.org\/{rel}","templated":true}]}}