{"id":32076,"date":"2023-03-02T10:26:24","date_gmt":"2023-03-02T10:26:24","guid":{"rendered":"http:\/\/www2020.vu.lt\/?page_id=32076"},"modified":"2026-02-01T16:56:51","modified_gmt":"2026-02-01T16:56:51","slug":"pupp","status":"publish","type":"page","link":"https:\/\/www.mickunai.vilniausr.lm.lt\/?page_id=32076&amp;lang=LT","title":{"rendered":"PUPP"},"content":{"rendered":"<p>Mokymosi pasiekim\u0173 vertinimo paskirtis \u2013 pad\u0117ti mokiniui pasitikrinti<br \/>\nmokymosi pa\u017eang\u0105, nustatyti jo pasiekimus ir, palyginus su bendrosiose programose<br \/>\nnustatytais pasiekim\u0173 lygiais, pad\u0117ti priimti sprendimus d\u0117l tolesnio mokymosi ar<br \/>\nveiklos.<br \/>\nPagrindinio ugdymo pasiekim\u0173 patikrinimo tvarkara\u0161tis<br \/>\n<a href=\"https:\/\/www.nsa.smsm.lt\/pasiekimu-departamentas\/egzaminai-ir-pasiekimu-patikrinimai\/pagrindinio-ugdymo-pasiekimu-patikrinimai\/pupp-tvarkarastis\/\">https:\/\/www.e-tar.lt\/portal\/lt\/legalAct\/f48ce3a02ab311edb4cae1b158f98ea5<\/a><br \/>\nInformacija apie pagrindinio ugdymo pasiekim\u0173 patikrinim\u0105 (PUPP)<br \/>\n<a href=\"https:\/\/www.nsa.smsm.lt\/pasiekimu-departamentas\/egzaminai-ir-pasiekimu-patikrinimai\/pagrindinio-ugdymo-pasiekimu-patikrinimai\/\">www.nsa.smm.lt\/stebesenos-ir-vertinimo-departamentas\/pasiekimu-patikrinimai\/pupp\/<\/a><br \/>\nPagrindinio ugdymo pasiekim\u0173 patikrinimo organizavimo ir vykdymo tvarkos<br \/>\napra\u0161as<br \/>\n<a href=\"https:\/\/www.e-tar.lt\/portal\/lt\/legalAct\/TAR.E64202686973\">https:\/\/www.e-tar.lt\/portal\/lt\/legalAct\/TAR.E64202686973<\/a><br \/>\nPagrindinio ugdymo pasiekim\u0173 patikrinimo, vykdymo ir vertinimo instrukcij\u0173 pritaikymo mokiniams, buvusiems mokiniams, turintiems speciali\u0173j\u0173 ugdymosi poreiki\u0173, tvarkos apra\u0161as<br \/>\n<a href=\"https:\/\/www.e-tar.lt\/portal\/lt\/legalAct\/TAR.A07B1A81868E\">https:\/\/www.e-tar.lt\/portal\/lt\/legalAct\/TAR.A07B1A81868E<\/a><\/p>\n","protected":false},"excerpt":{"rendered":"<p>Mokymosi pasiekim\u0173 vertinimo paskirtis \u2013 pad\u0117ti mokiniui pasitikrinti mokymosi pa\u017eang\u0105, nustatyti jo pasiekimus ir, palyginus su bendrosiose programose nustatytais pasiekim\u0173 lygiais, pad\u0117ti priimti sprendimus d\u0117l tolesnio mokymosi ar veiklos. Pagrindinio ugdymo pasiekim\u0173 patikrinimo tvarkara\u0161tis https:\/\/www.e-tar.lt\/portal\/lt\/legalAct\/f48ce3a02ab311edb4cae1b158f98ea5 Informacija apie pagrindinio ugdymo pasiekim\u0173 &hellip; <a href=\"https:\/\/www.mickunai.vilniausr.lm.lt\/?page_id=32076&#038;lang=LT\">Skaitykite toliau <span class=\"meta-nav\">&rarr;<\/span><\/a><\/p>\n","protected":false},"author":1,"featured_media":0,"parent":628,"menu_order":0,"comment_status":"closed","ping_status":"closed","template":"","meta":[],"_links":{"self":[{"href":"https:\/\/www.mickunai.vilniausr.lm.lt\/index.php?rest_route=\/wp\/v2\/pages\/32076"}],"collection":[{"href":"https:\/\/www.mickunai.vilniausr.lm.lt\/index.php?rest_route=\/wp\/v2\/pages"}],"about":[{"href":"https:\/\/www.mickunai.vilniausr.lm.lt\/index.php?rest_route=\/wp\/v2\/types\/page"}],"author":[{"embeddable":true,"href":"https:\/\/www.mickunai.vilniausr.lm.lt\/index.php?rest_route=\/wp\/v2\/users\/1"}],"replies":[{"embeddable":true,"href":"https:\/\/www.mickunai.vilniausr.lm.lt\/index.php?rest_route=%2Fwp%2Fv2%2Fcomments&post=32076"}],"version-history":[{"count":6,"href":"https:\/\/www.mickunai.vilniausr.lm.lt\/index.php?rest_route=\/wp\/v2\/pages\/32076\/revisions"}],"predecessor-version":[{"id":40681,"href":"https:\/\/www.mickunai.vilniausr.lm.lt\/index.php?rest_route=\/wp\/v2\/pages\/32076\/revisions\/40681"}],"up":[{"embeddable":true,"href":"https:\/\/www.mickunai.vilniausr.lm.lt\/index.php?rest_route=\/wp\/v2\/pages\/628"}],"wp:attachment":[{"href":"https:\/\/www.mickunai.vilniausr.lm.lt\/index.php?rest_route=%2Fwp%2Fv2%2Fmedia&parent=32076"}],"curies":[{"name":"wp","href":"https:\/\/api.w.org\/{rel}","templated":true}]}}