{"id":32047,"date":"2023-03-01T13:21:20","date_gmt":"2023-03-01T13:21:20","guid":{"rendered":"http:\/\/www2020.vu.lt\/?page_id=32047"},"modified":"2023-03-01T13:22:35","modified_gmt":"2023-03-01T13:22:35","slug":"gabiu-vaiku-ugdymas","status":"publish","type":"page","link":"https:\/\/www.mickunai.vilniausr.lm.lt\/?page_id=32047&amp;lang=LT","title":{"rendered":"Gabi\u0173 vaik\u0173 ugdymas"},"content":{"rendered":"<p>Mokini\u0173 dalykini\u0173 olimpiad\u0173, konkurs\u0173 ir kit\u0173 rengini\u0173 nuostatai<br \/>\n<a href=\"https:\/\/www.e-tar.lt\/portal\/lt\/legalAct\/e36423c08e9a11ea9515f752ff221ec9\">https:\/\/www.e-tar.lt\/portal\/lt\/legalAct\/e36423c08e9a11ea9515f752ff221ec9<\/a><br \/>\nLietuvos gamtos moksl\u0173 olimpiad\u0173 asociacija<br \/>\n<a href=\"https:\/\/olimpiados.lt\">https:\/\/olimpiados.lt<\/a><br \/>\nLietuvos mokini\u0173 neformaliojo \u0161vietimo centras (LMN\u0160C)<br \/>\n<a href=\"https:\/\/www.lmnsc.lt\">https:\/\/www.lmnsc.lt<\/a><\/p>\n","protected":false},"excerpt":{"rendered":"<p>Mokini\u0173 dalykini\u0173 olimpiad\u0173, konkurs\u0173 ir kit\u0173 rengini\u0173 nuostatai https:\/\/www.e-tar.lt\/portal\/lt\/legalAct\/e36423c08e9a11ea9515f752ff221ec9 Lietuvos gamtos moksl\u0173 olimpiad\u0173 asociacija https:\/\/olimpiados.lt Lietuvos mokini\u0173 neformaliojo \u0161vietimo centras (LMN\u0160C) https:\/\/www.lmnsc.lt<\/p>\n","protected":false},"author":1,"featured_media":0,"parent":795,"menu_order":0,"comment_status":"closed","ping_status":"closed","template":"","meta":[],"_links":{"self":[{"href":"https:\/\/www.mickunai.vilniausr.lm.lt\/index.php?rest_route=\/wp\/v2\/pages\/32047"}],"collection":[{"href":"https:\/\/www.mickunai.vilniausr.lm.lt\/index.php?rest_route=\/wp\/v2\/pages"}],"about":[{"href":"https:\/\/www.mickunai.vilniausr.lm.lt\/index.php?rest_route=\/wp\/v2\/types\/page"}],"author":[{"embeddable":true,"href":"https:\/\/www.mickunai.vilniausr.lm.lt\/index.php?rest_route=\/wp\/v2\/users\/1"}],"replies":[{"embeddable":true,"href":"https:\/\/www.mickunai.vilniausr.lm.lt\/index.php?rest_route=%2Fwp%2Fv2%2Fcomments&post=32047"}],"version-history":[{"count":3,"href":"https:\/\/www.mickunai.vilniausr.lm.lt\/index.php?rest_route=\/wp\/v2\/pages\/32047\/revisions"}],"predecessor-version":[{"id":32050,"href":"https:\/\/www.mickunai.vilniausr.lm.lt\/index.php?rest_route=\/wp\/v2\/pages\/32047\/revisions\/32050"}],"up":[{"embeddable":true,"href":"https:\/\/www.mickunai.vilniausr.lm.lt\/index.php?rest_route=\/wp\/v2\/pages\/795"}],"wp:attachment":[{"href":"https:\/\/www.mickunai.vilniausr.lm.lt\/index.php?rest_route=%2Fwp%2Fv2%2Fmedia&parent=32047"}],"curies":[{"name":"wp","href":"https:\/\/api.w.org\/{rel}","templated":true}]}}