{"id":32028,"date":"2023-03-01T12:46:04","date_gmt":"2023-03-01T12:46:04","guid":{"rendered":"http:\/\/www2020.vu.lt\/?page_id=32028"},"modified":"2023-03-01T12:56:40","modified_gmt":"2023-03-01T12:56:40","slug":"priesmokyklinis-ugdymas","status":"publish","type":"page","link":"https:\/\/www.mickunai.vilniausr.lm.lt\/?page_id=32028&amp;lang=LT","title":{"rendered":"Prie\u0161mokyklinis ugdymas"},"content":{"rendered":"<p>Prie\u0161mokyklinio ugdymo paskirtis \u2013 pad\u0117ti vaikui pasirengti s\u0117kmingai mokytis pagal pradinio ugdymo program\u0105.<\/p>\n<p>Prie\u0161mokyklinis ugdymas gimnazijoje organizuojamas remiantis Vilniaus r. Mick\u016bn\u0173 gimnazijos  prie\u0161mokyklinio ugdymo organizavimo tvarkos apra\u0161u<br \/>\n <a href=\"https:\/\/www.e-tar.lt\/portal\/lt\/legalAct\/TAR.3BD8DC009FDA\">https:\/\/www.e-ar.lt\/portal\/lt\/legalAct\/TAR.3BD8DC009FDA<\/a><br \/>\nPrie\u0161mokyklinio ugdymo bendr\u0105ja programa<br \/>\n <a href=\"https:\/\/www.e-tar.lt\/portal\/lt\/legalAct\/1a764050239511edb4cae1b158f98ea5\">https:\/\/www.e-tar.lt\/portal\/lt\/legalAct\/1a764050239511edb4cae1b158f98ea5<\/a>, taip pat Vilniaus rajono savivaldyb\u0117s ikimokyklinio ir bendrojo ugdymo mokykl\u0173 prie\u0161mokyklinio ugdymo organizavimo modeli\u0173 apra\u0161u<br \/>\n<a href=\"https:\/\/www.e-tar.lt\/portal\/lt\/legalAct\/64b306c0ba0111eb8c24980b2b0e0fef\">https:\/\/www.e-tar.lt\/portal\/lt\/legalAct\/64b306c0ba0111eb8c24980b2b0e0fef<\/a><\/p>\n<p><a href=\"https:\/\/www.e-tar.lt\/portal\/lt\/legalAct\/ab192f1066de11eca9ac839120d251c4\">Vaiko ugdymo ir ugdymosi poreiki\u0173, pa\u017eangos \u012fvertinimo tvarkos apra\u0161as<\/a> nustato vaiko, kuriam prie\u0161mokyklinis ugdymas buvo prad\u0117tas teikti anks\u010diau t\u0117v\u0173 (glob\u0117j\u0173) sprendimu, bet ne anks\u010diau, negu vaikui sueina 5 metai (i\u0161skyrus vaik\u0105, kuris pagal prie\u0161mokyklinio ugdymo bendr\u0105j\u0105 program\u0105 buvo prad\u0117tas ugdyti, kai jam tais kalendoriniais metais su\u0117jo 6 metai), ugdymo ir ugdymosi poreiki\u0173, pa\u017eangos vertinimo eig\u0105.<\/p>\n<p>Mokestis u\u017e vaiko maitinim\u0105 ir ugdymo reikmi\u0173 tenkinim\u0105 apskai\u010diuojamas remiantis Mokes\u010dio u\u017e vaiko maitinim\u0105 ir ugdymo reikmi\u0173 tenkinim\u0105 Vilniaus rajono savivaldyb\u0117s \u0161vietimo \u012fstaigose, \u012fgyvendinan\u010diose ikimokyklinio ir prie\u0161mokyklinio ugdymo programas, nustatymo tvarkos apra\u0161u<br \/>\n<a href=\"https:\/\/www.e-tar.lt\/portal\/lt\/legalAct\/7bf8d610608d11e79198ffdb108a3753\/asr\">apra\u0161u https:\/\/www.e-tar.lt\/portal\/lt\/legalAct\/7bf8d610608d11e79198ffdb108a3753\/<\/a><\/p>\n<p>Prie\u0161mokyklinio ugdymo grup\u0117se vadovaujam\u0117s Lietuvos higienos norma HN 75:2016 \u201eIkimokyklinio ir prie\u0161mokyklinio ugdymo program\u0173 vykdymo bendrieji sveikatos saugos reikalavimai\u201c<br \/>\n<a href=\"https:\/\/www.e-tar.lt\/portal\/lt\/legalAct\/TAR.AF02472A1EBF\">https:\/\/www.e-tar.lt\/portal\/lt\/legalAct\/TAR.AF02472A1EBF<\/a><br \/>\nDaugiau informacijos apie prie\u0161mokyklin\u012f ugdym\u0105 Vilniaus rajono savivaldyb\u0117s interneto svetain\u0117je<br \/>\n<a href=\"https:\/\/www.vrsa.lt\/svietimas\/ikimokyklinis-ir-priesmokyklinis-ugdymas\/437\">https:\/\/www.vrsa.lt\/svietimas\/ikimokyklinis-ir-priesmokyklinis-ugdymas\/437<\/a><br \/>\nbei \u0160vietimo, mokslo ir sporto ministerijos interneto svetain\u0117je<br \/>\n<a href=\"https:\/\/smsm.lrv.lt\/web\/lt\/smm-svietimas\/svietimas-priesmokyklinis-ugdymas\">https:\/\/smsm.lrv.lt\/web\/lt\/smm-svietimas\/svietimas-priesmokyklinis-ugdymas<\/a><br \/>\nVaiko brandum\u0105 mokyklai nustato Vilniaus rajono pedagogin\u0117 psichologin\u0117 tarnyba<br \/>\n<a href=\"https:\/\/ppt.vrsa.lt\">https:\/\/ppt.vrsa.lt<\/a><\/p>\n","protected":false},"excerpt":{"rendered":"<p>Prie\u0161mokyklinio ugdymo paskirtis \u2013 pad\u0117ti vaikui pasirengti s\u0117kmingai mokytis pagal pradinio ugdymo program\u0105. Prie\u0161mokyklinis ugdymas gimnazijoje organizuojamas remiantis Vilniaus r. Mick\u016bn\u0173 gimnazijos prie\u0161mokyklinio ugdymo organizavimo tvarkos apra\u0161u https:\/\/www.e-ar.lt\/portal\/lt\/legalAct\/TAR.3BD8DC009FDA Prie\u0161mokyklinio ugdymo bendr\u0105ja programa https:\/\/www.e-tar.lt\/portal\/lt\/legalAct\/1a764050239511edb4cae1b158f98ea5, taip pat Vilniaus rajono savivaldyb\u0117s ikimokyklinio ir &hellip; <a href=\"https:\/\/www.mickunai.vilniausr.lm.lt\/?page_id=32028&#038;lang=LT\">Skaitykite toliau <span class=\"meta-nav\">&rarr;<\/span><\/a><\/p>\n","protected":false},"author":1,"featured_media":0,"parent":795,"menu_order":0,"comment_status":"closed","ping_status":"closed","template":"","meta":[],"_links":{"self":[{"href":"https:\/\/www.mickunai.vilniausr.lm.lt\/index.php?rest_route=\/wp\/v2\/pages\/32028"}],"collection":[{"href":"https:\/\/www.mickunai.vilniausr.lm.lt\/index.php?rest_route=\/wp\/v2\/pages"}],"about":[{"href":"https:\/\/www.mickunai.vilniausr.lm.lt\/index.php?rest_route=\/wp\/v2\/types\/page"}],"author":[{"embeddable":true,"href":"https:\/\/www.mickunai.vilniausr.lm.lt\/index.php?rest_route=\/wp\/v2\/users\/1"}],"replies":[{"embeddable":true,"href":"https:\/\/www.mickunai.vilniausr.lm.lt\/index.php?rest_route=%2Fwp%2Fv2%2Fcomments&post=32028"}],"version-history":[{"count":9,"href":"https:\/\/www.mickunai.vilniausr.lm.lt\/index.php?rest_route=\/wp\/v2\/pages\/32028\/revisions"}],"predecessor-version":[{"id":32037,"href":"https:\/\/www.mickunai.vilniausr.lm.lt\/index.php?rest_route=\/wp\/v2\/pages\/32028\/revisions\/32037"}],"up":[{"embeddable":true,"href":"https:\/\/www.mickunai.vilniausr.lm.lt\/index.php?rest_route=\/wp\/v2\/pages\/795"}],"wp:attachment":[{"href":"https:\/\/www.mickunai.vilniausr.lm.lt\/index.php?rest_route=%2Fwp%2Fv2%2Fmedia&parent=32028"}],"curies":[{"name":"wp","href":"https:\/\/api.w.org\/{rel}","templated":true}]}}