{"id":31392,"date":"2023-01-03T11:11:22","date_gmt":"2023-01-03T11:11:22","guid":{"rendered":"http:\/\/www2020.vu.lt\/?page_id=31392"},"modified":"2023-01-03T11:16:07","modified_gmt":"2023-01-03T11:16:07","slug":"kriziu-valdymas","status":"publish","type":"page","link":"https:\/\/www.mickunai.vilniausr.lm.lt\/?page_id=31392&amp;lang=LT","title":{"rendered":"Krizi\u0173 valdymas"},"content":{"rendered":"<p>Vilniaus r. Mick\u016bn\u0173 gimnazijoje kriz\u0117s valdomos \u012fstaigoje patvirtintu krizi\u0173 valdymo veiksm\u0173 planu ir krizi\u0173 valdymo gimnazijoje tvarkos apra\u0161u<\/p>\n<p><a href=\"http:\/\/www2020.vu.lt\/wp-content\/uploads\/2023\/01\/Krizes-valdymo-veiksmu-planas-Mick\u016bnai.docx\">Vilniais r. Mick\u016bn\u0173 gimnazijos kriz\u0117s valdymo veiksm\u0173 planas<\/a><\/p>\n<p><a href=\"http:\/\/www2020.vu.lt\/wp-content\/uploads\/2023\/01\/Krizi\u0173-valdym\u0173-apra\u0161as-2019-m..docx\">Vilniaus r. Mick\u016bn\u0173 gimnazijos krizi\u0173 valdym\u0173 tvarkos apra\u0161as<\/a><\/p>\n","protected":false},"excerpt":{"rendered":"<p>Vilniaus r. Mick\u016bn\u0173 gimnazijoje kriz\u0117s valdomos \u012fstaigoje patvirtintu krizi\u0173 valdymo veiksm\u0173 planu ir krizi\u0173 valdymo gimnazijoje tvarkos apra\u0161u Vilniais r. Mick\u016bn\u0173 gimnazijos kriz\u0117s valdymo veiksm\u0173 planas Vilniaus r. Mick\u016bn\u0173 gimnazijos krizi\u0173 valdym\u0173 tvarkos apra\u0161as<\/p>\n","protected":false},"author":1,"featured_media":0,"parent":4830,"menu_order":0,"comment_status":"closed","ping_status":"closed","template":"","meta":[],"_links":{"self":[{"href":"https:\/\/www.mickunai.vilniausr.lm.lt\/index.php?rest_route=\/wp\/v2\/pages\/31392"}],"collection":[{"href":"https:\/\/www.mickunai.vilniausr.lm.lt\/index.php?rest_route=\/wp\/v2\/pages"}],"about":[{"href":"https:\/\/www.mickunai.vilniausr.lm.lt\/index.php?rest_route=\/wp\/v2\/types\/page"}],"author":[{"embeddable":true,"href":"https:\/\/www.mickunai.vilniausr.lm.lt\/index.php?rest_route=\/wp\/v2\/users\/1"}],"replies":[{"embeddable":true,"href":"https:\/\/www.mickunai.vilniausr.lm.lt\/index.php?rest_route=%2Fwp%2Fv2%2Fcomments&post=31392"}],"version-history":[{"count":4,"href":"https:\/\/www.mickunai.vilniausr.lm.lt\/index.php?rest_route=\/wp\/v2\/pages\/31392\/revisions"}],"predecessor-version":[{"id":31398,"href":"https:\/\/www.mickunai.vilniausr.lm.lt\/index.php?rest_route=\/wp\/v2\/pages\/31392\/revisions\/31398"}],"up":[{"embeddable":true,"href":"https:\/\/www.mickunai.vilniausr.lm.lt\/index.php?rest_route=\/wp\/v2\/pages\/4830"}],"wp:attachment":[{"href":"https:\/\/www.mickunai.vilniausr.lm.lt\/index.php?rest_route=%2Fwp%2Fv2%2Fmedia&parent=31392"}],"curies":[{"name":"wp","href":"https:\/\/api.w.org\/{rel}","templated":true}]}}