{"id":31388,"date":"2023-01-02T14:47:21","date_gmt":"2023-01-02T14:47:21","guid":{"rendered":"http:\/\/www2020.vu.lt\/?page_id=31388"},"modified":"2023-03-27T11:48:12","modified_gmt":"2023-03-27T11:48:12","slug":"popamokine-veikla","status":"publish","type":"page","link":"https:\/\/www.mickunai.vilniausr.lm.lt\/?page_id=31388&amp;lang=LT","title":{"rendered":"Popamokin\u0117 veikla"},"content":{"rendered":"<p>Gimnazijoje organizuojami tradiciniai renginiai ir \u0161vent\u0117s:<br \/>\n<a href=\"http:\/\/www2020.vu.lt\/wp-content\/uploads\/2023\/01\/Popamokin\u0117s-veiklos-planas.jpg\"><img decoding=\"async\" loading=\"lazy\" src=\"http:\/\/www2020.vu.lt\/wp-content\/uploads\/2023\/01\/Popamokin\u0117s-veiklos-planas.jpg\" alt=\"popamokines-veiklos-planas\" width=\"1163\" height=\"900\" class=\"aligncenter size-full wp-image-32443\" srcset=\"https:\/\/www.mickunai.vilniausr.lm.lt\/wp-content\/uploads\/2023\/01\/Popamokin\u0117s-veiklos-planas.jpg 1163w, https:\/\/www.mickunai.vilniausr.lm.lt\/wp-content\/uploads\/2023\/01\/Popamokin\u0117s-veiklos-planas-300x232.jpg 300w, https:\/\/www.mickunai.vilniausr.lm.lt\/wp-content\/uploads\/2023\/01\/Popamokin\u0117s-veiklos-planas-768x594.jpg 768w, https:\/\/www.mickunai.vilniausr.lm.lt\/wp-content\/uploads\/2023\/01\/Popamokin\u0117s-veiklos-planas-1024x792.jpg 1024w\" sizes=\"(max-width: 1163px) 100vw, 1163px\" \/><\/a><\/p>\n","protected":false},"excerpt":{"rendered":"<p>Gimnazijoje organizuojami tradiciniai renginiai ir \u0161vent\u0117s:<\/p>\n","protected":false},"author":1,"featured_media":0,"parent":795,"menu_order":0,"comment_status":"closed","ping_status":"closed","template":"","meta":[],"_links":{"self":[{"href":"https:\/\/www.mickunai.vilniausr.lm.lt\/index.php?rest_route=\/wp\/v2\/pages\/31388"}],"collection":[{"href":"https:\/\/www.mickunai.vilniausr.lm.lt\/index.php?rest_route=\/wp\/v2\/pages"}],"about":[{"href":"https:\/\/www.mickunai.vilniausr.lm.lt\/index.php?rest_route=\/wp\/v2\/types\/page"}],"author":[{"embeddable":true,"href":"https:\/\/www.mickunai.vilniausr.lm.lt\/index.php?rest_route=\/wp\/v2\/users\/1"}],"replies":[{"embeddable":true,"href":"https:\/\/www.mickunai.vilniausr.lm.lt\/index.php?rest_route=%2Fwp%2Fv2%2Fcomments&post=31388"}],"version-history":[{"count":5,"href":"https:\/\/www.mickunai.vilniausr.lm.lt\/index.php?rest_route=\/wp\/v2\/pages\/31388\/revisions"}],"predecessor-version":[{"id":32444,"href":"https:\/\/www.mickunai.vilniausr.lm.lt\/index.php?rest_route=\/wp\/v2\/pages\/31388\/revisions\/32444"}],"up":[{"embeddable":true,"href":"https:\/\/www.mickunai.vilniausr.lm.lt\/index.php?rest_route=\/wp\/v2\/pages\/795"}],"wp:attachment":[{"href":"https:\/\/www.mickunai.vilniausr.lm.lt\/index.php?rest_route=%2Fwp%2Fv2%2Fmedia&parent=31388"}],"curies":[{"name":"wp","href":"https:\/\/api.w.org\/{rel}","templated":true}]}}