{"id":30948,"date":"2022-11-17T11:19:24","date_gmt":"2022-11-17T11:19:24","guid":{"rendered":"http:\/\/www2020.vu.lt\/?page_id=30948"},"modified":"2022-11-17T11:25:47","modified_gmt":"2022-11-17T11:25:47","slug":"polski-projekt-finansowany-ze-srodkow-kancelarii-prezesa-rady-ministrow-w-ramach-konkursu-polonia-i-polacy-za-granica-2022","status":"publish","type":"page","link":"https:\/\/www.mickunai.vilniausr.lm.lt\/?page_id=30948&amp;lang=LT","title":{"rendered":"(Polski) \u201eProjekt finansowany ze \u015brodk\u00f3w Kancelarii Prezesa Rady Ministr\u00f3w w ramach konkursu Polonia i Polacy za Granic\u0105 2022\u201d"},"content":{"rendered":"","protected":false},"excerpt":{"rendered":"","protected":false},"author":1,"featured_media":0,"parent":822,"menu_order":0,"comment_status":"closed","ping_status":"closed","template":"","meta":[],"_links":{"self":[{"href":"https:\/\/www.mickunai.vilniausr.lm.lt\/index.php?rest_route=\/wp\/v2\/pages\/30948"}],"collection":[{"href":"https:\/\/www.mickunai.vilniausr.lm.lt\/index.php?rest_route=\/wp\/v2\/pages"}],"about":[{"href":"https:\/\/www.mickunai.vilniausr.lm.lt\/index.php?rest_route=\/wp\/v2\/types\/page"}],"author":[{"embeddable":true,"href":"https:\/\/www.mickunai.vilniausr.lm.lt\/index.php?rest_route=\/wp\/v2\/users\/1"}],"replies":[{"embeddable":true,"href":"https:\/\/www.mickunai.vilniausr.lm.lt\/index.php?rest_route=%2Fwp%2Fv2%2Fcomments&post=30948"}],"version-history":[{"count":0,"href":"https:\/\/www.mickunai.vilniausr.lm.lt\/index.php?rest_route=\/wp\/v2\/pages\/30948\/revisions"}],"up":[{"embeddable":true,"href":"https:\/\/www.mickunai.vilniausr.lm.lt\/index.php?rest_route=\/wp\/v2\/pages\/822"}],"wp:attachment":[{"href":"https:\/\/www.mickunai.vilniausr.lm.lt\/index.php?rest_route=%2Fwp%2Fv2%2Fmedia&parent=30948"}],"curies":[{"name":"wp","href":"https:\/\/api.w.org\/{rel}","templated":true}]}}