{"id":30791,"date":"2022-11-02T13:26:33","date_gmt":"2022-11-02T13:26:33","guid":{"rendered":"http:\/\/www2020.vu.lt\/?page_id=30791"},"modified":"2025-10-27T13:10:32","modified_gmt":"2025-10-27T13:10:32","slug":"pavezejimas","status":"publish","type":"page","link":"https:\/\/www.mickunai.vilniausr.lm.lt\/?page_id=30791&amp;lang=LT","title":{"rendered":"Pave\u017e\u0117jimas"},"content":{"rendered":"<p>Mokiniai \u012f gimnazij\u0105 ve\u017eami keleiviniu transportu, mokykliniu autobusu arba kitu transportu. Siekiant u\u017etikrinti \u0161vietimo prieinamum\u0105, \u012f mokykl\u0105 ir atgal privalo b\u016bti ve\u017eami kaimuose, miesteliuose toliau kaip 3 kilometrai nuo mokyklos gyvenantys mokiniai, kurie mokosi pagal prie\u0161mokyklinio ir bendrojo ugdymo programas, ir vaikai, kuriems paskirtas privalomas ikimokyklinis ugdymas.<\/p>\n<p>AUTOBUSO PAVE\u017d\u0116JIMO GRAFIKAS\u00a0<strong>\u00a0nuo 2025 m. rugs\u0117jo 1 d.<\/strong><br \/>\nAutobusas va\u017eiuoja darbo dienomis (I-V) \u012e MOKYKL\u0104<\/p>\n<p><strong>GELTONA<\/strong>S\u00a0 \u00a0 \u00a0 \u00a0 \u00a0 \u00a0 \u00a0 \u00a0 \u00a0 \u00a0 \u00a0 \u00a0 \u00a0 \u00a0\u00a0<strong>\u00a0I\u0161 mokyklos po pamok\u0173 i\u0161ve\u017ea mokinius:<\/strong><br \/>\nMosti\u0161k\u0117s\u00a0 \u00a0 \u00a0 \u00a06.25\u00a0 \u00a0 \u00a0 \u00a0 \u00a0 \u00a0 \u00a0 \u00a013.50 Mick\u016bnai -Skaisteriai -Uosininkai \u2013 Mick\u016bnai<br \/>\nBudreli\u0161k\u0117\u00a0 \u00a0 \u00a0 6.40\u00a0 \u00a0 \u00a0 \u00a0 \u00a0 \u00a0 \u00a0 14.40 Skaisteriai \u2013 Kena \u2013Kuosina- D\u0117doni\u0161k\u0117s -Uosininkai<br \/>\nUosininkai\u00a0 \u00a0 \u00a06.45\u00a0 \u00a0 \u00a0 \u00a0 \u00a0 \u00a0 \u00a0 \u00a015.30 Skaisteriai \u2013 Uosininkai \u2013Budreli\u0161k\u0117s\u2013Mosti\u0161k\u0117s<br \/>\nMila\u0161in\u0117\u00a0 \u00a0 \u00a0 \u00a0 \u00a06.50<br \/>\nD\u0117doni\u0161k\u0117s\u00a0 \u00a0 7.00<br \/>\nKuosin\u0117\u00a0 \u00a0 \u00a0 \u00a0 \u00a0 7.25<br \/>\nKena\u00a0 \u00a0 \u00a0 \u00a0 \u00a0 \u00a0 \u00a0 \u00a0 7.30<br \/>\nSaduni\u0161k\u0117s \u00a0 \u00a0 7.35<br \/>\nSkaisteriai\u00a0 \u00a0 \u00a0 7.45<\/p>\n<p><strong>SIDABRINIS<\/strong>\u00a0 \u00a0 \u00a0 \u00a0 \u00a0 \u00a0 \u00a0 \u00a0 \u00a0 \u00a0 \u00a0 \u00a0 \u00a0 \u00a0<strong>I\u0161 mokyklos po pamok\u0173 i\u0161ve\u017ea mokinius:<\/strong><\/p>\n<p>Draug\u0173 g.\u00a0\u00a0\u00a0\u00a0\u00a0\u00a0\u00a0\u00a0 6.45\u00a0 \u00a0 \u00a0 \u00a0 \u00a0 \u00a0 \u00a013.50\u00a0 Mick\u016bnai\u2013Gaid\u016bnai\u2013Naujakiemis\u2013Ma\u017eeikiai -Lyta\u2013Vikt.<br \/>\nPopierin\u0117\u00a0\u00a0\u00a0\u00a0\u00a0\u00a0\u00a0\u00a0 6.50\u00a0 \u00a0 \u00a0 \u00a0 \u00a0 \u00a0 \u00a014.40\u00a0 Viktari\u0161k\u0117s (sodai)\u2013 Karkl\u0117nai- Kyvi\u0161k\u0117s -Akmenyn\u0117-Naujakiemis-<br \/>\nPramon\u0117s g.\u00a0 \u00a0 \u00a07.05\u00a0 \u00a0 \u00a0 \u00a0 \u00a0 \u00a0 \u00a0Rokantai\u2013Ma\u017eeikiai-Lyta- Viktari\u0161k\u0117s<br \/>\nViktari\u0161k\u0117s\u00a0 \u00a0 \u00a0\u00a0 7.10\u00a0 \u00a0 \u00a0 \u00a0 \u00a0 \u00a0 \u00a0 15.30\u00a0 Naujakiemis-Lyta-Viktari\u0161k\u0117s-Mila\u0161in\u0117-Popierin\u0117<br \/>\nLyta\u00a0 \u00a0 \u00a0 \u00a0 \u00a0 \u00a0 \u00a0 \u00a0 \u00a0 \u00a07.10<br \/>\nPami\u0161k\u0117s g.\u00a0\u00a0\u00a0\u00a0\u00a0 7.15<br \/>\nMa\u017eeikiai\u00a0 \u00a0 \u00a0 \u00a0 \u00a0 7.25<br \/>\nPiev\u0173 g.\u00a0 \u00a0 \u00a0 \u00a0 \u00a0 \u00a0 \u00a0 7.30<br \/>\nGaid\u016bnai\u00a0 \u00a0 \u00a0 \u00a0 \u00a0 \u00a07.30<br \/>\nNaujakiemis\u00a0\u00a0 \u00a0 7.40<br \/>\nMick\u016bnai\u00a0 \u00a0 \u00a0 \u00a0\u00a0\u00a0\u00a07.45<\/p>\n<p><strong><\/p>\n<p><a href=\"https:\/\/www.e-tar.lt\/portal\/lt\/legalAct\/1e475f303eb711e6a8ae9e1795984391\/asr\">Mokini\u0173 ve\u017eimo mokykliniu autobusu tvarkos apra\u0161as<\/a><\/p>\n<p><a href=\"https:\/\/www.e-tar.lt\/portal\/lt\/legalAct\/4495f8e1850611ecbd43a994b3e2e1cb\">Mokini\u0173 pav\u0117\u017e\u0117jimo t\u0117v\u0173 (glob\u0117j\u0173, r\u016bpintoj\u0173), priva\u010diu transportu organizavimo ir kelion\u0117s i\u0161laid\u0173 kompensavimo tvarkos apra\u0161as<\/a><\/p>\n<p><a href=\"https:\/\/www.e-tar.lt\/portal\/lt\/legalAct\/SAV.518885\">Mokini\u0173 ve\u017eiojimo Vilniaus rajone specialiaisiais reisais tvarkos apra\u0161as<\/a><\/p>\n<p><a href=\"https:\/\/www.e-tar.lt\/portal\/lt\/legalAct\/SAV.518884\">Vilniaus rajono savivaldyb\u0117s teritorijoje esan\u010di\u0173 mokykl\u0173 mokini\u0173 ve\u017eiojimo reguliaraus susisiekimo, mokykliniais autobusais, keleiviniais traukiniais ir j\u0173 kelion\u0117s i\u0161laid\u0173 kompensavimo tvarkos apra\u0161as<\/a><\/p>\n<p><a href=\"https:\/\/www.e-tar.lt\/portal\/lt\/legalAct\/64c466f0e0dd11ec8d9390588bf2de65\">Mokini\u0173 pav\u0117\u017e\u0117jimo Vilniaus rajone specialiaisiais reisais tvarkos apra\u0161as<\/a><\/p>\n<p><\/strong><\/p>\n","protected":false},"excerpt":{"rendered":"<p>Mokiniai \u012f gimnazij\u0105 ve\u017eami keleiviniu transportu, mokykliniu autobusu arba kitu transportu. Siekiant u\u017etikrinti \u0161vietimo prieinamum\u0105, \u012f mokykl\u0105 ir atgal privalo b\u016bti ve\u017eami kaimuose, miesteliuose toliau kaip 3 kilometrai nuo mokyklos gyvenantys mokiniai, kurie mokosi pagal prie\u0161mokyklinio ir bendrojo ugdymo programas, &hellip; <a href=\"https:\/\/www.mickunai.vilniausr.lm.lt\/?page_id=30791&#038;lang=LT\">Skaitykite toliau <span class=\"meta-nav\">&rarr;<\/span><\/a><\/p>\n","protected":false},"author":1,"featured_media":0,"parent":828,"menu_order":0,"comment_status":"closed","ping_status":"closed","template":"","meta":[],"_links":{"self":[{"href":"https:\/\/www.mickunai.vilniausr.lm.lt\/index.php?rest_route=\/wp\/v2\/pages\/30791"}],"collection":[{"href":"https:\/\/www.mickunai.vilniausr.lm.lt\/index.php?rest_route=\/wp\/v2\/pages"}],"about":[{"href":"https:\/\/www.mickunai.vilniausr.lm.lt\/index.php?rest_route=\/wp\/v2\/types\/page"}],"author":[{"embeddable":true,"href":"https:\/\/www.mickunai.vilniausr.lm.lt\/index.php?rest_route=\/wp\/v2\/users\/1"}],"replies":[{"embeddable":true,"href":"https:\/\/www.mickunai.vilniausr.lm.lt\/index.php?rest_route=%2Fwp%2Fv2%2Fcomments&post=30791"}],"version-history":[{"count":30,"href":"https:\/\/www.mickunai.vilniausr.lm.lt\/index.php?rest_route=\/wp\/v2\/pages\/30791\/revisions"}],"predecessor-version":[{"id":40040,"href":"https:\/\/www.mickunai.vilniausr.lm.lt\/index.php?rest_route=\/wp\/v2\/pages\/30791\/revisions\/40040"}],"up":[{"embeddable":true,"href":"https:\/\/www.mickunai.vilniausr.lm.lt\/index.php?rest_route=\/wp\/v2\/pages\/828"}],"wp:attachment":[{"href":"https:\/\/www.mickunai.vilniausr.lm.lt\/index.php?rest_route=%2Fwp%2Fv2%2Fmedia&parent=30791"}],"curies":[{"name":"wp","href":"https:\/\/api.w.org\/{rel}","templated":true}]}}