{"id":30743,"date":"2022-10-31T19:29:20","date_gmt":"2022-10-31T19:29:20","guid":{"rendered":"http:\/\/www2020.vu.lt\/?page_id=30743"},"modified":"2023-05-26T11:12:38","modified_gmt":"2023-05-26T11:12:38","slug":"savivaldybes-teises-aktai-reglamenuojantys-svietima","status":"publish","type":"page","link":"https:\/\/www.mickunai.vilniausr.lm.lt\/?page_id=30743&amp;lang=LT","title":{"rendered":"Savivaldyb\u0117s teis\u0117s aktai reglamenuojantys \u0161vietim\u0105"},"content":{"rendered":"<p><a href=\"https:\/\/www.e-tar.lt\/portal\/lt\/legalAct\/c421e3b0708511edbc04912defe897d1\">Centralizuoto vaik\u0173 pri\u0117mimo \u012f \u0160vietimo, mokslo ir sporto ministerijos ir Vilniaus rajono savivaldyb\u0117s \u0161vietimo \u012fstaig\u0173 ikimokyklinio ir prie\u0161mokyklinio ugdymo grupes organizavimo tvarkos apra\u0161as<\/a><\/p>\n<p><a href=\"https:\/\/www.e-tar.lt\/portal\/lt\/legalAct\/7bf8d610608d11e79198ffdb108a3753\/asr\">Vilniaus rajono savivaldyb\u0117s \u0161vietimo \u012fstaig\u0173 ikimokyklinio ir prie\u0161mokyklinio ugdymo grupes organizavimo tvarkos apra\u0161as<\/a><\/p>\n<p><a href=\"https:\/\/www.e-tar.lt\/portal\/lt\/legalAct\/a3ed7ce04d6411ea8aceeadd0c5b168c\">Vilniaus rajono savivaldyb\u0117s ikimokyklinio ir bendrojo ugdymo mokykl\u0173 prie\u0161mokyklinio ugdymo organizavimo modeli\u0173 apra\u0161as<\/a><\/p>\n<p><a href=\"https:\/\/www.e-tar.lt\/portal\/lt\/legalAct\/7bf8d610608d11e79198ffdb108a3753\/asr\">Mokes\u010dio u\u017e vaiko maitinim\u0105 ir ugdymo reikmi\u0173 tenkinim\u0105 Vilniaus rajono savivaldyb\u0117s \u0161vietimo \u012fstaigose, \u012fgyvendinan\u010diose ikimokyklinio ir prie\u0161mokyklinio ugdymo programas, nustatymo tvarkos apra\u0161as<\/a><\/p>\n<p><a href=\"https:\/\/www.e-tar.lt\/portal\/lt\/legalAct\/a3ed7ce04d6411ea8aceeadd0c5b168c\">Pri\u0117mimo \u012f Vilniaus rajono savivaldyb\u0117s bendrojo ugdymo mokyklas tvarkos apra\u0161as<\/a><\/p>\n<p><a href=\"https:\/\/www.e-tar.lt\/portal\/lt\/legalAct\/933f8530e9ca11e99681cd81dcdca52c\">Vilniaus rajono savivaldyb\u0117s teritorijoje gyvenan\u010di\u0173 vaik\u0173 apskaitos tvarkos apra\u0161as<\/a><\/p>\n<p><a href=\"https:\/\/www.e-tar.lt\/portal\/lt\/legalAct\/74662f40444811eb8d9fe110e148c770\">Maitinimo organizavimo Vilniaus rajono savivaldyb\u0117s bendrojo ugdymo mokyklose tvarkos apra\u0161as<\/a><\/p>\n<p><a href=\"https:\/\/www.e-tar.lt\/portal\/lt\/legalAct\/75765a502e9b11e9b66f85227a03f7a3\">Mokini\u0173 nemokamo maitinimo mokyklose ir Paramos mokinio reikmenims \u012fsigyti tvarkos apra\u0161ai<\/a><\/p>\n<p><a href=\"https:\/\/www.e-tar.lt\/portal\/lt\/legalAct\/4495f8e1850611ecbd43a994b3e2e1cb\">Mokini\u0173 pav\u0117\u017e\u0117jimo t\u0117v\u0173 (glob\u0117j\u0173, r\u016bpintoj\u0173), priva\u010diu transportu organizavimo ir kelion\u0117s i\u0161laid\u0173 kompensavimo tvarkos apra\u0161as<\/a><\/p>\n<p><a href=\"https:\/\/www.e-tar.lt\/portal\/lt\/legalAct\/64c466f0e0dd11ec8d9390588bf2de65\">Mokini\u0173 ve\u017eiojimo Vilniaus rajone specialiaisiais reisais tvarkos apra\u0161as<\/a><\/p>\n<p><a href=\"https:\/\/www.e-tar.lt\/portal\/lt\/legalAct\/SAV.518884\">Vilniaus rajono savivaldyb\u0117s teritorijoje esan\u010di\u0173 mokykl\u0173 mokini\u0173 ve\u017eiojimo reguliaraus susisiekimo, mokykliniais autobusais, keleiviniais traukiniais ir j\u0173 kelion\u0117s i\u0161laid\u0173 kompensavimo tvarkos apra\u0161as <\/a><\/p>\n<p><a href=\"https:\/\/www.e-tar.lt\/portal\/lt\/legalAct\/69fde250840211ecbd43a994b3e2e1cb\">D\u0117l teis\u0117s \u012fsigyti va\u017eiavimo biliet\u0105 su nuolaida mokiniams<\/a><\/p>\n<p><a href=\"https:\/\/www.e-tar.lt\/portal\/lt\/legalAct\/ba2479b0469a11e7846ef01bfffb9b64\">Mokini\u0173 pri\u0117mimo \u012f Vilniaus rajono neformaliojo vaik\u0173 \u0161vietimo mokyklas ir formal\u0173j\u012f \u0161vietim\u0105 papildan\u010dio ugdymo mokyklas tvarkos apra\u0161as<\/a><\/p>\n<p><a href=\"https:\/\/www.e-tar.lt\/portal\/lt\/legalAct\/8d8370f01f6d11ebb0038a8cd8ff585f\">Mokes\u010dio u\u017e formal\u0173j\u012f \u0161vietim\u0105 papildant\u012f ugdym\u0105 ir neformal\u0173j\u012f vaik\u0173 \u0161vietim\u0105 Vilniaus rajono savivaldyb\u0117s meno ir muzikos mokyklose mok\u0117jimo tvarkos apra\u0161as<\/a><\/p>\n<p>Daugiau savivaldyb\u0117s teis\u0117s akt\u0173 galima rasti <a href=\"https:\/\/web.vrsa.lt\/vaktai\/\">Vilniaus rajono savivaldyb\u0117s dokument\u0173 paie\u0161koje<\/a><\/p>\n","protected":false},"excerpt":{"rendered":"<p>Centralizuoto vaik\u0173 pri\u0117mimo \u012f \u0160vietimo, mokslo ir sporto ministerijos ir Vilniaus rajono savivaldyb\u0117s \u0161vietimo \u012fstaig\u0173 ikimokyklinio ir prie\u0161mokyklinio ugdymo grupes organizavimo tvarkos apra\u0161as Vilniaus rajono savivaldyb\u0117s \u0161vietimo \u012fstaig\u0173 ikimokyklinio ir prie\u0161mokyklinio ugdymo grupes organizavimo tvarkos apra\u0161as Vilniaus rajono savivaldyb\u0117s ikimokyklinio &hellip; <a href=\"https:\/\/www.mickunai.vilniausr.lm.lt\/?page_id=30743&#038;lang=LT\">Skaitykite toliau <span class=\"meta-nav\">&rarr;<\/span><\/a><\/p>\n","protected":false},"author":1,"featured_media":0,"parent":30452,"menu_order":0,"comment_status":"closed","ping_status":"closed","template":"","meta":[],"_links":{"self":[{"href":"https:\/\/www.mickunai.vilniausr.lm.lt\/index.php?rest_route=\/wp\/v2\/pages\/30743"}],"collection":[{"href":"https:\/\/www.mickunai.vilniausr.lm.lt\/index.php?rest_route=\/wp\/v2\/pages"}],"about":[{"href":"https:\/\/www.mickunai.vilniausr.lm.lt\/index.php?rest_route=\/wp\/v2\/types\/page"}],"author":[{"embeddable":true,"href":"https:\/\/www.mickunai.vilniausr.lm.lt\/index.php?rest_route=\/wp\/v2\/users\/1"}],"replies":[{"embeddable":true,"href":"https:\/\/www.mickunai.vilniausr.lm.lt\/index.php?rest_route=%2Fwp%2Fv2%2Fcomments&post=30743"}],"version-history":[{"count":16,"href":"https:\/\/www.mickunai.vilniausr.lm.lt\/index.php?rest_route=\/wp\/v2\/pages\/30743\/revisions"}],"predecessor-version":[{"id":33126,"href":"https:\/\/www.mickunai.vilniausr.lm.lt\/index.php?rest_route=\/wp\/v2\/pages\/30743\/revisions\/33126"}],"up":[{"embeddable":true,"href":"https:\/\/www.mickunai.vilniausr.lm.lt\/index.php?rest_route=\/wp\/v2\/pages\/30452"}],"wp:attachment":[{"href":"https:\/\/www.mickunai.vilniausr.lm.lt\/index.php?rest_route=%2Fwp%2Fv2%2Fmedia&parent=30743"}],"curies":[{"name":"wp","href":"https:\/\/api.w.org\/{rel}","templated":true}]}}