{"id":30698,"date":"2022-10-31T11:05:49","date_gmt":"2022-10-31T11:05:49","guid":{"rendered":"http:\/\/www2020.vu.lt\/?page_id=30698"},"modified":"2023-03-02T11:48:55","modified_gmt":"2023-03-02T11:48:55","slug":"praneseju-apsauga","status":"publish","type":"page","link":"https:\/\/www.mickunai.vilniausr.lm.lt\/?page_id=30698&amp;lang=LT","title":{"rendered":"Prane\u0161\u0117j\u0173 apsauga"},"content":{"rendered":"<p>Lietuvos Respublikos prane\u0161\u0117j\u0173 apsaugos \u012fstatymas \u012ftvirtina asmen\u0173, pateikusi\u0173 informacij\u0105 apie pa\u017eeidim\u0105 \u012fstaigoje, su kuria juos sieja ar siejo darbo ar sutartiniai santykiai, apsaugos mechanizm\u0105, teises, pareigas, apsaugos, skatinimo ir pagalbos jiems priemones, siekiant sudaryti tinkamas galimybes prane\u0161ti apie pa\u017eeidimus, kelian\u010dius gr\u0117sm\u0119 vie\u0161ajam interesui arba j\u012f pa\u017eeid\u017eian\u010dius, u\u017etikrinti toki\u0173 pa\u017eeidim\u0173 prevencij\u0105 ir atskleidim\u0105.<\/p>\n<p>Vilniaus r. Mick\u016bn\u0173 gimnazijos vidiniu prane\u0161im\u0173 apie pa\u017eeidimus teikimo kanalu apie pa\u017eeidim\u0105 gali prane\u0161ti bet kuris asmuo, kur\u012f su gimnazija sieja ar siejo darbo ar sutartiniai santykiai (konsultavimo, rangos, subrangos, sta\u017euot\u0117s, praktikos, savanori\u0161kos veiklos ir pan.) arba \u012fdarbinimo ar ikisutartiniai santykiai, taip pat kiti asmenys.<\/p>\n<p>Rekomenduojame prane\u0161im\u0105 apie pa\u017eeidim\u0105 teikti u\u017epildant \u0161i\u0105 Prane\u0161imo apie pa\u017eeidim\u0105 form\u0105 (pridedama) ir si\u0173sti gimnazijos el. pa\u0161to adresu mickunu.gimnazija@gmail.com arba pristatyti \u012f \u012fstaig\u0105 atsakingam asmeniui.<\/p>\n<p>Prane\u0161ime apie pa\u017eeidim\u0105 turi b\u016bti nurodyta:<br \/>\nKas, kada, kokiu b\u016bdu ir kok\u012f pa\u017eeidim\u0105 rengiasi daryti, daro ar padar\u0117 ir pan.;<br \/>\nSu\u017einojimo apie pa\u017eeidim\u0105 data ir aplinkyb\u0117s;<br \/>\nVardas, pavard\u0117, asmens kodas, darboviet\u0117, kiti kontaktiniai duomenys;<br \/>\nJei \u012fmanoma, pateikti bet kokius turimus dokumentus, duomenis ar informacij\u0105, atskleid\u017eian\u010di\u0105 galimo pa\u017eeidimo po\u017eymius.<br \/>\n\u012estaigos vadovo paskirtas asmuo administruoja vidin\u012f apie pa\u017eeidimus teikimo kanal\u0105 bei u\u017etikrina asmens, pateikusio informacij\u0105 apie pa\u017eeidimus, konfidencialum\u0105.<\/p>\n<p>Prane\u0161\u0117j\u0173 apsaug\u0105 reglamentuojantys teis\u0117s aktai:<\/p>\n<p><a href=\"https:\/\/www.e-tar.lt\/portal\/lt\/legalAct\/2986b360db3611e7910a89ac20768b0f\">LR prane\u0161\u0117j\u0173 apsaugos \u012fstatymas<\/a><br \/>\n<a href=\"http:\/\/e-tar.lt\/portal\/lt\/legalAct\/c5d99180ed8a11e88568e724760eeafa\/asr\">LR vyriausyb\u0117s nutarimas &#8222;D\u0117l LR prane\u0161\u0117j\u0173 apsaugos \u012fgyvendinimo&#8221;<\/a><br \/>\n<a href=\"http:\/\/www2020.vu.lt\/wp-content\/uploads\/2022\/10\/Pa\u017eeidimo-prane\u0161imo-forma.pdf\">PA\u017dEIDIMO PRANE\u0160IMO FORMA<\/a><br \/>\n<a href=\"https:\/\/www.e-tar.lt\/portal\/lt\/legalAct\/2b958160fdbc11ec8fa7d02a65c371ad\">2022\u20132033 met\u0173 nacionalin\u0117 darbotvark\u0117 korupcijos prevencijos klausimais<\/a><\/p>\n","protected":false},"excerpt":{"rendered":"<p>Lietuvos Respublikos prane\u0161\u0117j\u0173 apsaugos \u012fstatymas \u012ftvirtina asmen\u0173, pateikusi\u0173 informacij\u0105 apie pa\u017eeidim\u0105 \u012fstaigoje, su kuria juos sieja ar siejo darbo ar sutartiniai santykiai, apsaugos mechanizm\u0105, teises, pareigas, apsaugos, skatinimo ir pagalbos jiems priemones, siekiant sudaryti tinkamas galimybes prane\u0161ti apie pa\u017eeidimus, kelian\u010dius &hellip; <a href=\"https:\/\/www.mickunai.vilniausr.lm.lt\/?page_id=30698&#038;lang=LT\">Skaitykite toliau <span class=\"meta-nav\">&rarr;<\/span><\/a><\/p>\n","protected":false},"author":1,"featured_media":0,"parent":30436,"menu_order":2,"comment_status":"closed","ping_status":"closed","template":"","meta":[],"_links":{"self":[{"href":"https:\/\/www.mickunai.vilniausr.lm.lt\/index.php?rest_route=\/wp\/v2\/pages\/30698"}],"collection":[{"href":"https:\/\/www.mickunai.vilniausr.lm.lt\/index.php?rest_route=\/wp\/v2\/pages"}],"about":[{"href":"https:\/\/www.mickunai.vilniausr.lm.lt\/index.php?rest_route=\/wp\/v2\/types\/page"}],"author":[{"embeddable":true,"href":"https:\/\/www.mickunai.vilniausr.lm.lt\/index.php?rest_route=\/wp\/v2\/users\/1"}],"replies":[{"embeddable":true,"href":"https:\/\/www.mickunai.vilniausr.lm.lt\/index.php?rest_route=%2Fwp%2Fv2%2Fcomments&post=30698"}],"version-history":[{"count":6,"href":"https:\/\/www.mickunai.vilniausr.lm.lt\/index.php?rest_route=\/wp\/v2\/pages\/30698\/revisions"}],"predecessor-version":[{"id":32093,"href":"https:\/\/www.mickunai.vilniausr.lm.lt\/index.php?rest_route=\/wp\/v2\/pages\/30698\/revisions\/32093"}],"up":[{"embeddable":true,"href":"https:\/\/www.mickunai.vilniausr.lm.lt\/index.php?rest_route=\/wp\/v2\/pages\/30436"}],"wp:attachment":[{"href":"https:\/\/www.mickunai.vilniausr.lm.lt\/index.php?rest_route=%2Fwp%2Fv2%2Fmedia&parent=30698"}],"curies":[{"name":"wp","href":"https:\/\/api.w.org\/{rel}","templated":true}]}}