{"id":30690,"date":"2022-10-31T10:49:05","date_gmt":"2022-10-31T10:49:05","guid":{"rendered":"http:\/\/www2020.vu.lt\/?page_id=30690"},"modified":"2023-05-26T10:52:25","modified_gmt":"2023-05-26T10:52:25","slug":"lesos-veiklai-viesinti","status":"publish","type":"page","link":"https:\/\/www.mickunai.vilniausr.lm.lt\/?page_id=30690&amp;lang=LT","title":{"rendered":"L\u0117\u0161os veiklai vie\u0161inti"},"content":{"rendered":"<p>Gimnazija l\u0117\u0161\u0173 savo veiklai vie\u0161inti nenaudojo.<br \/>\n<a href=\"https:\/\/www.virsis.lt\/\">Vie\u0161osios informacijos reng\u0117j\u0173 ir skleid\u0117j\u0173 informacin\u0117 sistema<\/a><\/p>\n","protected":false},"excerpt":{"rendered":"<p>Gimnazija l\u0117\u0161\u0173 savo veiklai vie\u0161inti nenaudojo. Vie\u0161osios informacijos reng\u0117j\u0173 ir skleid\u0117j\u0173 informacin\u0117 sistema<\/p>\n","protected":false},"author":1,"featured_media":0,"parent":8297,"menu_order":0,"comment_status":"closed","ping_status":"closed","template":"","meta":[],"_links":{"self":[{"href":"https:\/\/www.mickunai.vilniausr.lm.lt\/index.php?rest_route=\/wp\/v2\/pages\/30690"}],"collection":[{"href":"https:\/\/www.mickunai.vilniausr.lm.lt\/index.php?rest_route=\/wp\/v2\/pages"}],"about":[{"href":"https:\/\/www.mickunai.vilniausr.lm.lt\/index.php?rest_route=\/wp\/v2\/types\/page"}],"author":[{"embeddable":true,"href":"https:\/\/www.mickunai.vilniausr.lm.lt\/index.php?rest_route=\/wp\/v2\/users\/1"}],"replies":[{"embeddable":true,"href":"https:\/\/www.mickunai.vilniausr.lm.lt\/index.php?rest_route=%2Fwp%2Fv2%2Fcomments&post=30690"}],"version-history":[{"count":3,"href":"https:\/\/www.mickunai.vilniausr.lm.lt\/index.php?rest_route=\/wp\/v2\/pages\/30690\/revisions"}],"predecessor-version":[{"id":33117,"href":"https:\/\/www.mickunai.vilniausr.lm.lt\/index.php?rest_route=\/wp\/v2\/pages\/30690\/revisions\/33117"}],"up":[{"embeddable":true,"href":"https:\/\/www.mickunai.vilniausr.lm.lt\/index.php?rest_route=\/wp\/v2\/pages\/8297"}],"wp:attachment":[{"href":"https:\/\/www.mickunai.vilniausr.lm.lt\/index.php?rest_route=%2Fwp%2Fv2%2Fmedia&parent=30690"}],"curies":[{"name":"wp","href":"https:\/\/api.w.org\/{rel}","templated":true}]}}