{"id":30688,"date":"2022-10-31T10:45:49","date_gmt":"2022-10-31T10:45:49","guid":{"rendered":"http:\/\/www2020.vu.lt\/?page_id=30688"},"modified":"2022-10-31T10:45:49","modified_gmt":"2022-10-31T10:45:49","slug":"tarnybiniai-lengvieji-automobiliai","status":"publish","type":"page","link":"https:\/\/www.mickunai.vilniausr.lm.lt\/?page_id=30688&amp;lang=LT","title":{"rendered":"Tarnybiniai lengvieji automobiliai"},"content":{"rendered":"<p>Gimnazija tarnybini\u0173 lengv\u0173j\u0173 automobili\u0173 neturi.<\/p>\n","protected":false},"excerpt":{"rendered":"<p>Gimnazija tarnybini\u0173 lengv\u0173j\u0173 automobili\u0173 neturi.<\/p>\n","protected":false},"author":1,"featured_media":0,"parent":8297,"menu_order":0,"comment_status":"closed","ping_status":"closed","template":"","meta":[],"_links":{"self":[{"href":"https:\/\/www.mickunai.vilniausr.lm.lt\/index.php?rest_route=\/wp\/v2\/pages\/30688"}],"collection":[{"href":"https:\/\/www.mickunai.vilniausr.lm.lt\/index.php?rest_route=\/wp\/v2\/pages"}],"about":[{"href":"https:\/\/www.mickunai.vilniausr.lm.lt\/index.php?rest_route=\/wp\/v2\/types\/page"}],"author":[{"embeddable":true,"href":"https:\/\/www.mickunai.vilniausr.lm.lt\/index.php?rest_route=\/wp\/v2\/users\/1"}],"replies":[{"embeddable":true,"href":"https:\/\/www.mickunai.vilniausr.lm.lt\/index.php?rest_route=%2Fwp%2Fv2%2Fcomments&post=30688"}],"version-history":[{"count":1,"href":"https:\/\/www.mickunai.vilniausr.lm.lt\/index.php?rest_route=\/wp\/v2\/pages\/30688\/revisions"}],"predecessor-version":[{"id":30689,"href":"https:\/\/www.mickunai.vilniausr.lm.lt\/index.php?rest_route=\/wp\/v2\/pages\/30688\/revisions\/30689"}],"up":[{"embeddable":true,"href":"https:\/\/www.mickunai.vilniausr.lm.lt\/index.php?rest_route=\/wp\/v2\/pages\/8297"}],"wp:attachment":[{"href":"https:\/\/www.mickunai.vilniausr.lm.lt\/index.php?rest_route=%2Fwp%2Fv2%2Fmedia&parent=30688"}],"curies":[{"name":"wp","href":"https:\/\/api.w.org\/{rel}","templated":true}]}}