{"id":30685,"date":"2022-10-31T10:43:26","date_gmt":"2022-10-31T10:43:26","guid":{"rendered":"http:\/\/www2020.vu.lt\/?page_id=30685"},"modified":"2022-10-31T10:43:46","modified_gmt":"2022-10-31T10:43:46","slug":"ukio-subjektu-prieziura","status":"publish","type":"page","link":"https:\/\/www.mickunai.vilniausr.lm.lt\/?page_id=30685&amp;lang=LT","title":{"rendered":"\u016akio subjekt\u0173 prie\u017ei\u016bra"},"content":{"rendered":"<p>Gimnazija nevykdo \u016bkio subjekt\u0173 prie\u017ei\u016bros.<\/p>\n","protected":false},"excerpt":{"rendered":"<p>Gimnazija nevykdo \u016bkio subjekt\u0173 prie\u017ei\u016bros.<\/p>\n","protected":false},"author":1,"featured_media":0,"parent":8297,"menu_order":0,"comment_status":"closed","ping_status":"closed","template":"","meta":[],"_links":{"self":[{"href":"https:\/\/www.mickunai.vilniausr.lm.lt\/index.php?rest_route=\/wp\/v2\/pages\/30685"}],"collection":[{"href":"https:\/\/www.mickunai.vilniausr.lm.lt\/index.php?rest_route=\/wp\/v2\/pages"}],"about":[{"href":"https:\/\/www.mickunai.vilniausr.lm.lt\/index.php?rest_route=\/wp\/v2\/types\/page"}],"author":[{"embeddable":true,"href":"https:\/\/www.mickunai.vilniausr.lm.lt\/index.php?rest_route=\/wp\/v2\/users\/1"}],"replies":[{"embeddable":true,"href":"https:\/\/www.mickunai.vilniausr.lm.lt\/index.php?rest_route=%2Fwp%2Fv2%2Fcomments&post=30685"}],"version-history":[{"count":1,"href":"https:\/\/www.mickunai.vilniausr.lm.lt\/index.php?rest_route=\/wp\/v2\/pages\/30685\/revisions"}],"predecessor-version":[{"id":30687,"href":"https:\/\/www.mickunai.vilniausr.lm.lt\/index.php?rest_route=\/wp\/v2\/pages\/30685\/revisions\/30687"}],"up":[{"embeddable":true,"href":"https:\/\/www.mickunai.vilniausr.lm.lt\/index.php?rest_route=\/wp\/v2\/pages\/8297"}],"wp:attachment":[{"href":"https:\/\/www.mickunai.vilniausr.lm.lt\/index.php?rest_route=%2Fwp%2Fv2%2Fmedia&parent=30685"}],"curies":[{"name":"wp","href":"https:\/\/api.w.org\/{rel}","templated":true}]}}