{"id":30683,"date":"2022-10-31T10:40:23","date_gmt":"2022-10-31T10:40:23","guid":{"rendered":"http:\/\/www2020.vu.lt\/?page_id=30683"},"modified":"2026-02-01T16:12:30","modified_gmt":"2026-02-01T16:12:30","slug":"biudzeto-vykdymo-ataskaitu-rinkiniai","status":"publish","type":"page","link":"https:\/\/www.mickunai.vilniausr.lm.lt\/?page_id=30683&amp;lang=LT","title":{"rendered":"Biud\u017eeto vykdymo ataskait\u0173 rinkiniai"},"content":{"rendered":"<p><a href=\"https:\/\/www.mickunai.vilniausr.lm.lt\/wp-content\/uploads\/2025\/03\/Biud\u017eeto i\u0161laid\u0173 s\u0105matos vykdymo ataskaita 2018 m.pdf\">Biud\u017eeto i\u0161laid\u0173 s\u0105matos vykdymo ataskaita 2018 m.<\/a><\/p>\n<p><a href=\"https:\/\/www.mickunai.vilniausr.lm.lt\/wp-content\/uploads\/2025\/03\/Biudzeto-islaidu-samatos-vykdymo-ataskaita-2019-m.pdf\">Biud\u017eeto i\u0161laid\u0173 s\u0105matos vykdymo ataskaita 2019 m.<\/a><\/p>\n<p><a href=\"https:\/\/www.mickunai.vilniausr.lm.lt\/wp-content\/uploads\/2025\/03\/Biudzeto islaidu-samatos-vykdymo-ataskaita-2020-m.pdf\">Biud\u017eeto i\u0161laid\u0173 s\u0105matos vykdymo ataskaita 2020 m.<\/a><\/p>\n<p><a href=\"https:\/\/www.mickunai.vilniausr.lm.lt\/wp-content\/uploads\/2025\/03\/Biudzeto-islaidu-samatos-vykdymo-ataskaita-2021-m.pdf\">Biud\u017eeto i\u0161laid\u0173 s\u0105matos vykdymo ataskaita 2021 m.<\/a><\/p>\n<p><a href=\"https:\/\/www.mickunai.vilniausr.lm.lt\/wp-content\/uploads\/2025\/03\/Biudzeto-islaidu-samatos-vykdymo-ataskaita-2022-m.pdf\">Biud\u017eeto i\u0161laid\u0173 s\u0105matos vykdymo ataskaita 2022 m.<\/a><\/p>\n<p><a href=\"https:\/\/www.mickunai.vilniausr.lm.lt\/wp-content\/uploads\/2026\/01\/Biudzeto-islaidu-samatos-vykdymo-ataskaita-2023m.pdf\">Biud\u017eeto i\u0161laid\u0173 s\u0105matos vykdymo ataskaita 2023 m.<\/a><\/p>\n<p><a href=\"https:\/\/www.mickunai.vilniausr.lm.lt\/wp-content\/uploads\/2025\/03\/Biudzeto-islaidu-samatos-vykdymo-ataskaita-2024-m.pdf\">Biud\u017eeto i\u0161laid\u0173 s\u0105matos vykdymo ataskaita 2024 m.<\/a><\/p>\n<p><a href=\"https:\/\/www.mickunai.vilniausr.lm.lt\/wp-content\/uploads\/2026\/02\/Biudzeto-islaidu-samatos-vykdymo-ataskaita-2025m.pdf\">Biud\u017eeto i\u0161laid\u0173 s\u0105matos vykdymo ataskaita 2025m<\/a><\/p>\n","protected":false},"excerpt":{"rendered":"<p>Biud\u017eeto i\u0161laid\u0173 s\u0105matos vykdymo ataskaita 2018 m. Biud\u017eeto i\u0161laid\u0173 s\u0105matos vykdymo ataskaita 2019 m. Biud\u017eeto i\u0161laid\u0173 s\u0105matos vykdymo ataskaita 2020 m. Biud\u017eeto i\u0161laid\u0173 s\u0105matos vykdymo ataskaita 2021 m. Biud\u017eeto i\u0161laid\u0173 s\u0105matos vykdymo ataskaita 2022 m. Biud\u017eeto i\u0161laid\u0173 s\u0105matos vykdymo ataskaita &hellip; <a href=\"https:\/\/www.mickunai.vilniausr.lm.lt\/?page_id=30683&#038;lang=LT\">Skaitykite toliau <span class=\"meta-nav\">&rarr;<\/span><\/a><\/p>\n","protected":false},"author":1,"featured_media":0,"parent":8297,"menu_order":0,"comment_status":"closed","ping_status":"closed","template":"","meta":[],"_links":{"self":[{"href":"https:\/\/www.mickunai.vilniausr.lm.lt\/index.php?rest_route=\/wp\/v2\/pages\/30683"}],"collection":[{"href":"https:\/\/www.mickunai.vilniausr.lm.lt\/index.php?rest_route=\/wp\/v2\/pages"}],"about":[{"href":"https:\/\/www.mickunai.vilniausr.lm.lt\/index.php?rest_route=\/wp\/v2\/types\/page"}],"author":[{"embeddable":true,"href":"https:\/\/www.mickunai.vilniausr.lm.lt\/index.php?rest_route=\/wp\/v2\/users\/1"}],"replies":[{"embeddable":true,"href":"https:\/\/www.mickunai.vilniausr.lm.lt\/index.php?rest_route=%2Fwp%2Fv2%2Fcomments&post=30683"}],"version-history":[{"count":9,"href":"https:\/\/www.mickunai.vilniausr.lm.lt\/index.php?rest_route=\/wp\/v2\/pages\/30683\/revisions"}],"predecessor-version":[{"id":40672,"href":"https:\/\/www.mickunai.vilniausr.lm.lt\/index.php?rest_route=\/wp\/v2\/pages\/30683\/revisions\/40672"}],"up":[{"embeddable":true,"href":"https:\/\/www.mickunai.vilniausr.lm.lt\/index.php?rest_route=\/wp\/v2\/pages\/8297"}],"wp:attachment":[{"href":"https:\/\/www.mickunai.vilniausr.lm.lt\/index.php?rest_route=%2Fwp%2Fv2%2Fmedia&parent=30683"}],"curies":[{"name":"wp","href":"https:\/\/api.w.org\/{rel}","templated":true}]}}