{"id":30516,"date":"2022-10-12T12:12:33","date_gmt":"2022-10-12T12:12:33","guid":{"rendered":"http:\/\/www2020.vu.lt\/?page_id=30516"},"modified":"2022-11-02T12:33:42","modified_gmt":"2022-11-02T12:33:42","slug":"galiojancio-teisinio-reguliavimo-poveikio-ex-post-vertinimas","status":"publish","type":"page","link":"https:\/\/www.mickunai.vilniausr.lm.lt\/?page_id=30516&amp;lang=LT","title":{"rendered":"Galiojan\u010dio teisinio reguliavimo poveikio ex post vertinimas"},"content":{"rendered":"<p>\u012estaigoje neatliekami galiojan\u010dio teisinio reguliavimo poveikio <strong>ex post<\/strong><em> vertinimai.<\/em><\/p>\n","protected":false},"excerpt":{"rendered":"<p>\u012estaigoje neatliekami galiojan\u010dio teisinio reguliavimo poveikio ex post vertinimai.<\/p>\n","protected":false},"author":1,"featured_media":0,"parent":30436,"menu_order":4,"comment_status":"closed","ping_status":"closed","template":"","meta":[],"_links":{"self":[{"href":"https:\/\/www.mickunai.vilniausr.lm.lt\/index.php?rest_route=\/wp\/v2\/pages\/30516"}],"collection":[{"href":"https:\/\/www.mickunai.vilniausr.lm.lt\/index.php?rest_route=\/wp\/v2\/pages"}],"about":[{"href":"https:\/\/www.mickunai.vilniausr.lm.lt\/index.php?rest_route=\/wp\/v2\/types\/page"}],"author":[{"embeddable":true,"href":"https:\/\/www.mickunai.vilniausr.lm.lt\/index.php?rest_route=\/wp\/v2\/users\/1"}],"replies":[{"embeddable":true,"href":"https:\/\/www.mickunai.vilniausr.lm.lt\/index.php?rest_route=%2Fwp%2Fv2%2Fcomments&post=30516"}],"version-history":[{"count":2,"href":"https:\/\/www.mickunai.vilniausr.lm.lt\/index.php?rest_route=\/wp\/v2\/pages\/30516\/revisions"}],"predecessor-version":[{"id":30518,"href":"https:\/\/www.mickunai.vilniausr.lm.lt\/index.php?rest_route=\/wp\/v2\/pages\/30516\/revisions\/30518"}],"up":[{"embeddable":true,"href":"https:\/\/www.mickunai.vilniausr.lm.lt\/index.php?rest_route=\/wp\/v2\/pages\/30436"}],"wp:attachment":[{"href":"https:\/\/www.mickunai.vilniausr.lm.lt\/index.php?rest_route=%2Fwp%2Fv2%2Fmedia&parent=30516"}],"curies":[{"name":"wp","href":"https:\/\/api.w.org\/{rel}","templated":true}]}}