{"id":30463,"date":"2022-10-06T18:06:27","date_gmt":"2022-10-06T18:06:27","guid":{"rendered":"http:\/\/www2020.vu.lt\/?page_id=30463"},"modified":"2022-10-31T10:58:21","modified_gmt":"2022-10-31T10:58:21","slug":"teises-aktu-pazeidimai","status":"publish","type":"page","link":"https:\/\/www.mickunai.vilniausr.lm.lt\/?page_id=30463&amp;lang=LT","title":{"rendered":"Teis\u0117s akt\u0173 pa\u017eeidimai"},"content":{"rendered":"<p>&nbsp;<br \/>\nSeimo kontrolieri\u0173 pa\u017eymos<br \/>\nValstyb\u0117s kontrolieri\u0173 sprendimai<br \/>\nTeismo sprendimai<br \/>\nTarnybiniai nusi\u017eengimai<\/p>\n<p>\u0160iuo metu Vilniaus r. Mick\u016bn\u0173 gimnazijoje teis\u0117s akt\u0173 pa\u017eeidim\u0173 nenustatyta.<\/p>\n","protected":false},"excerpt":{"rendered":"<p>&nbsp; Seimo kontrolieri\u0173 pa\u017eymos Valstyb\u0117s kontrolieri\u0173 sprendimai Teismo sprendimai Tarnybiniai nusi\u017eengimai \u0160iuo metu Vilniaus r. Mick\u016bn\u0173 gimnazijoje teis\u0117s akt\u0173 pa\u017eeidim\u0173 nenustatyta.<\/p>\n","protected":false},"author":1,"featured_media":0,"parent":30436,"menu_order":0,"comment_status":"closed","ping_status":"closed","template":"","meta":[],"_links":{"self":[{"href":"https:\/\/www.mickunai.vilniausr.lm.lt\/index.php?rest_route=\/wp\/v2\/pages\/30463"}],"collection":[{"href":"https:\/\/www.mickunai.vilniausr.lm.lt\/index.php?rest_route=\/wp\/v2\/pages"}],"about":[{"href":"https:\/\/www.mickunai.vilniausr.lm.lt\/index.php?rest_route=\/wp\/v2\/types\/page"}],"author":[{"embeddable":true,"href":"https:\/\/www.mickunai.vilniausr.lm.lt\/index.php?rest_route=\/wp\/v2\/users\/1"}],"replies":[{"embeddable":true,"href":"https:\/\/www.mickunai.vilniausr.lm.lt\/index.php?rest_route=%2Fwp%2Fv2%2Fcomments&post=30463"}],"version-history":[{"count":4,"href":"https:\/\/www.mickunai.vilniausr.lm.lt\/index.php?rest_route=\/wp\/v2\/pages\/30463\/revisions"}],"predecessor-version":[{"id":30696,"href":"https:\/\/www.mickunai.vilniausr.lm.lt\/index.php?rest_route=\/wp\/v2\/pages\/30463\/revisions\/30696"}],"up":[{"embeddable":true,"href":"https:\/\/www.mickunai.vilniausr.lm.lt\/index.php?rest_route=\/wp\/v2\/pages\/30436"}],"wp:attachment":[{"href":"https:\/\/www.mickunai.vilniausr.lm.lt\/index.php?rest_route=%2Fwp%2Fv2%2Fmedia&parent=30463"}],"curies":[{"name":"wp","href":"https:\/\/api.w.org\/{rel}","templated":true}]}}