{"id":30460,"date":"2022-10-06T18:03:13","date_gmt":"2022-10-06T18:03:13","guid":{"rendered":"http:\/\/www2020.vu.lt\/?page_id=30460"},"modified":"2022-10-31T10:59:44","modified_gmt":"2022-10-31T10:59:44","slug":"tyrimai-ir-analize","status":"publish","type":"page","link":"https:\/\/www.mickunai.vilniausr.lm.lt\/?page_id=30460&amp;lang=LT","title":{"rendered":"Tyrimai ir analiz\u0117s"},"content":{"rendered":"<p> Vilniaus r. Mick\u016bn\u0173 gimnazijoje n\u0117ra atlikta tyrim\u0173 ir analizi\u0173 d\u0117l numatomo teisinio reguliavimo.<\/p>\n","protected":false},"excerpt":{"rendered":"<p>Vilniaus r. Mick\u016bn\u0173 gimnazijoje n\u0117ra atlikta tyrim\u0173 ir analizi\u0173 d\u0117l numatomo teisinio reguliavimo.<\/p>\n","protected":false},"author":1,"featured_media":0,"parent":30436,"menu_order":0,"comment_status":"closed","ping_status":"closed","template":"","meta":[],"_links":{"self":[{"href":"https:\/\/www.mickunai.vilniausr.lm.lt\/index.php?rest_route=\/wp\/v2\/pages\/30460"}],"collection":[{"href":"https:\/\/www.mickunai.vilniausr.lm.lt\/index.php?rest_route=\/wp\/v2\/pages"}],"about":[{"href":"https:\/\/www.mickunai.vilniausr.lm.lt\/index.php?rest_route=\/wp\/v2\/types\/page"}],"author":[{"embeddable":true,"href":"https:\/\/www.mickunai.vilniausr.lm.lt\/index.php?rest_route=\/wp\/v2\/users\/1"}],"replies":[{"embeddable":true,"href":"https:\/\/www.mickunai.vilniausr.lm.lt\/index.php?rest_route=%2Fwp%2Fv2%2Fcomments&post=30460"}],"version-history":[{"count":4,"href":"https:\/\/www.mickunai.vilniausr.lm.lt\/index.php?rest_route=\/wp\/v2\/pages\/30460\/revisions"}],"predecessor-version":[{"id":30697,"href":"https:\/\/www.mickunai.vilniausr.lm.lt\/index.php?rest_route=\/wp\/v2\/pages\/30460\/revisions\/30697"}],"up":[{"embeddable":true,"href":"https:\/\/www.mickunai.vilniausr.lm.lt\/index.php?rest_route=\/wp\/v2\/pages\/30436"}],"wp:attachment":[{"href":"https:\/\/www.mickunai.vilniausr.lm.lt\/index.php?rest_route=%2Fwp%2Fv2%2Fmedia&parent=30460"}],"curies":[{"name":"wp","href":"https:\/\/api.w.org\/{rel}","templated":true}]}}