{"id":30444,"date":"2022-10-06T16:26:48","date_gmt":"2022-10-06T16:26:48","guid":{"rendered":"http:\/\/www2020.vu.lt\/?page_id=30444"},"modified":"2023-05-22T08:20:20","modified_gmt":"2023-05-22T08:20:20","slug":"atviri-duomenys","status":"publish","type":"page","link":"https:\/\/www.mickunai.vilniausr.lm.lt\/?page_id=30444&amp;lang=LT","title":{"rendered":"Atviri duomenys"},"content":{"rendered":"<p>Atviri duomenys \u2013 laisvai prieinami institucijos veikloje ar dokumentuose u\u017efiksuoti duomenys, informacija ar jos dalis, nepaisant j\u0173 pateikimo b\u016bdo, formos ir laikmenos.<\/p>\n<p>\u012estaiga nesudaro pakartotinai naudoti skirt\u0173 duomen\u0173 rinkini\u0173.<\/p>\n<p>Lietuvos atvir\u0173 duomen\u0173 portalas <a href=\"https:\/\/data.gov.lt\">https:\/\/data.gov.lt<\/a><\/p>\n","protected":false},"excerpt":{"rendered":"<p>Atviri duomenys \u2013 laisvai prieinami institucijos veikloje ar dokumentuose u\u017efiksuoti duomenys, informacija ar jos dalis, nepaisant j\u0173 pateikimo b\u016bdo, formos ir laikmenos. \u012estaiga nesudaro pakartotinai naudoti skirt\u0173 duomen\u0173 rinkini\u0173. Lietuvos atvir\u0173 duomen\u0173 portalas https:\/\/data.gov.lt<\/p>\n","protected":false},"author":1,"featured_media":0,"parent":0,"menu_order":8,"comment_status":"closed","ping_status":"closed","template":"","meta":[],"_links":{"self":[{"href":"https:\/\/www.mickunai.vilniausr.lm.lt\/index.php?rest_route=\/wp\/v2\/pages\/30444"}],"collection":[{"href":"https:\/\/www.mickunai.vilniausr.lm.lt\/index.php?rest_route=\/wp\/v2\/pages"}],"about":[{"href":"https:\/\/www.mickunai.vilniausr.lm.lt\/index.php?rest_route=\/wp\/v2\/types\/page"}],"author":[{"embeddable":true,"href":"https:\/\/www.mickunai.vilniausr.lm.lt\/index.php?rest_route=\/wp\/v2\/users\/1"}],"replies":[{"embeddable":true,"href":"https:\/\/www.mickunai.vilniausr.lm.lt\/index.php?rest_route=%2Fwp%2Fv2%2Fcomments&post=30444"}],"version-history":[{"count":3,"href":"https:\/\/www.mickunai.vilniausr.lm.lt\/index.php?rest_route=\/wp\/v2\/pages\/30444\/revisions"}],"predecessor-version":[{"id":30451,"href":"https:\/\/www.mickunai.vilniausr.lm.lt\/index.php?rest_route=\/wp\/v2\/pages\/30444\/revisions\/30451"}],"wp:attachment":[{"href":"https:\/\/www.mickunai.vilniausr.lm.lt\/index.php?rest_route=%2Fwp%2Fv2%2Fmedia&parent=30444"}],"curies":[{"name":"wp","href":"https:\/\/api.w.org\/{rel}","templated":true}]}}