{"id":30440,"date":"2022-10-06T16:24:11","date_gmt":"2022-10-06T16:24:11","guid":{"rendered":"http:\/\/www2020.vu.lt\/?page_id=30440"},"modified":"2023-05-22T08:54:40","modified_gmt":"2023-05-22T08:54:40","slug":"konsultavimasis-su-visuomene","status":"publish","type":"page","link":"https:\/\/www.mickunai.vilniausr.lm.lt\/?page_id=30440&amp;lang=LT","title":{"rendered":"Konsultavimasis su visuomene"},"content":{"rendered":"<p>Konsultuojantis su visuomene vykdomos vie\u0161osios konsultacijos \u2013 j\u0173 metu vie\u0161ojo sektoriaus organizacijos \u012fvairiais b\u016bdais ir metodais renka visuomen\u0117s ar jos grupi\u0173 nuomones, pasi\u016blymus d\u0117l rengiamo, \u012fgyvendinamo ar vertinamo teis\u0117s akto arba kito tipo sprendimo.<br \/>\n<a href=\"https:\/\/lrv.lt\/lt\/apie-vyriausybe\/geresnis-reglamentavimas\/konsultavimasis-su-visuomene\">Mano vyriausyb\u0117s puslapio informacija<\/a><\/p>\n","protected":false},"excerpt":{"rendered":"<p>Konsultuojantis su visuomene vykdomos vie\u0161osios konsultacijos \u2013 j\u0173 metu vie\u0161ojo sektoriaus organizacijos \u012fvairiais b\u016bdais ir metodais renka visuomen\u0117s ar jos grupi\u0173 nuomones, pasi\u016blymus d\u0117l rengiamo, \u012fgyvendinamo ar vertinamo teis\u0117s akto arba kito tipo sprendimo. Mano vyriausyb\u0117s puslapio informacija<\/p>\n","protected":false},"author":1,"featured_media":0,"parent":0,"menu_order":8,"comment_status":"closed","ping_status":"closed","template":"","meta":[],"_links":{"self":[{"href":"https:\/\/www.mickunai.vilniausr.lm.lt\/index.php?rest_route=\/wp\/v2\/pages\/30440"}],"collection":[{"href":"https:\/\/www.mickunai.vilniausr.lm.lt\/index.php?rest_route=\/wp\/v2\/pages"}],"about":[{"href":"https:\/\/www.mickunai.vilniausr.lm.lt\/index.php?rest_route=\/wp\/v2\/types\/page"}],"author":[{"embeddable":true,"href":"https:\/\/www.mickunai.vilniausr.lm.lt\/index.php?rest_route=\/wp\/v2\/users\/1"}],"replies":[{"embeddable":true,"href":"https:\/\/www.mickunai.vilniausr.lm.lt\/index.php?rest_route=%2Fwp%2Fv2%2Fcomments&post=30440"}],"version-history":[{"count":3,"href":"https:\/\/www.mickunai.vilniausr.lm.lt\/index.php?rest_route=\/wp\/v2\/pages\/30440\/revisions"}],"predecessor-version":[{"id":33033,"href":"https:\/\/www.mickunai.vilniausr.lm.lt\/index.php?rest_route=\/wp\/v2\/pages\/30440\/revisions\/33033"}],"wp:attachment":[{"href":"https:\/\/www.mickunai.vilniausr.lm.lt\/index.php?rest_route=%2Fwp%2Fv2%2Fmedia&parent=30440"}],"curies":[{"name":"wp","href":"https:\/\/api.w.org\/{rel}","templated":true}]}}