{"id":30174,"date":"2022-07-28T07:44:30","date_gmt":"2022-07-28T07:44:30","guid":{"rendered":"http:\/\/www2020.vu.lt\/?page_id=30174"},"modified":"2023-05-15T16:23:48","modified_gmt":"2023-05-15T16:23:48","slug":"nuorodos-3","status":"publish","type":"page","link":"https:\/\/www.mickunai.vilniausr.lm.lt\/?page_id=30174&amp;lang=LT","title":{"rendered":"Nuorodos"},"content":{"rendered":"<p><strong>Literat\u016bros k\u016briniai<\/strong><\/p>\n<p><a href=\"https:\/\/ebiblioteka.mkp.emokykla.lt\/\">Literat\u016bros k\u016briniai 5-8 kl.<\/a><br \/>\n<a href=\"https:\/\/sodas.ugdome.lt\/mokymo-priemones\/19600\">Literat\u016bros chrestomatija 11\u201312 kl. <\/a><br \/>\n<a href=\"http:\/\/\u0161altiniai.info\">Lietuvi\u0173 literat\u016bros ir istorijos \u0161altiniai <\/a><br \/>\n<a href=\"http:\/\/lietuviu5-6.mkp.emokykla.lt\/\">Lietuvi\u0173 kalbos mokymosi kursas 5-6 klas\u0117ms<\/a><br \/>\n<a href=\"http:\/\/antologija.lt\">Klasikin\u0117s lietuvi\u0173 literat\u016bros antologija <\/a><br \/>\n<a href=\"http:\/\/www.tekstai.lt\">\u0160iuolaikin\u0117s lietuvi\u0173 literat\u016bros antologija <\/a><br \/>\n<a href=\"http:\/\/www.skaitymometai.lt\">Skaitymo skatinimo programa  <\/a><br \/>\n<a href=\"http:\/\/www.xn--altiniai-4wb.info\/\">Informaciniai \u0161altiniai<\/a><br \/>\n<a href=\"http:\/\/lietuviu7-8.mkp.emokykla.lt\/\">Lietuvi\u0173. k mokymuisi VII &#8211; VIII kl.<\/a><br \/>\n<a href=\"http:\/\/www.e-kinas.lt\/titulinis\">Lietuvos dokumentinis kinas internete<\/a><br \/>\n<a href=\"http:\/\/lituanistusamburis.lt\/\">Lituanist\u0173 samb\u016bris<\/a><br \/>\n<a href=\"http:\/\/smp2014lt.ugdome.lt\/11-12\">Skaitmenin\u0117 mokymo priemon\u0117 lietuvi\u0173 kalbai ir literat\u016brai 11-12 kl.<\/a><br \/>\n<a href=\"http:\/\/www.tarmes.lt\/\">Tarm\u0117s<\/a><\/p>\n<p><strong> Bibliotekos ir bibliotek\u0173 katalogai<\/strong><\/p>\n<p><a href=\"https:\/\/ibiblioteka.lt\">Lietuvos integrali bibliotek\u0173 informacijos sistema <\/a><br \/>\n<a href=\"http:\/\/www.epaveldas.lt\">Lietuvos skaitmeninto kult\u016bros paveldo portalas <\/a><br \/>\n<a href=\"http:\/\/www.lvb.lt\">Lietuvos akademin\u0117 elektronin\u0117 biblioteka eLABa <\/a><br \/>\n<a href=\"https:\/\/aleph.library.lt\">Lietuvos akademin\u0117s bibliotekos <\/a><br \/>\n<a href=\"https:\/\/biblioteka.vu.lt\">Vilniaus universiteto bibliotekos katalogas  <\/a><br \/>\n<a href=\"https:\/\/vb.mab.lt\">Lietuvos moksl\u0173 akademijos Vrublevski\u0173 bibliotekos katalogai <\/a><br \/>\n<a href=\"http:\/\/www.lnb.lt\">Lietuvos nacionalin\u0117 Martyno Ma\u017evydo biblioteka <\/a><br \/>\n<a href=\"http:\/\/www.mab.lt\">Lietuvos moksl\u0173 akademijos Vrublevski\u0173 biblioteka <\/a><br \/>\n<a href=\"http:\/\/www2020.vu.lt\/?page_id=30174\">Vilniaus apskrities Adomo Mickevi\u010diaus vie\u0161oji biblioteka <\/a><br \/>\n<a href=\"https:\/\/vrscb.lt\">Vilniaus rajono savivaldyb\u0117s centrin\u0117 biblioteka <\/a><br \/>\n<a href=\"http:\/\/www.knygukaledos.lt\/\">Knyg\u0173 Kal\u0117dos<\/a><\/p>\n<p><strong>Kitos aktualios nuorodos<\/strong><\/p>\n<p><a href=\"https:\/\/socmin.lrv.lt\/lt\/veiklos-sritys\/socialine-integracija\/pagalba-nuo-nusikalstamos-veikos-nukentejusiems-asmenims\">Aktualiausia informacija d\u0117l pagalbos nukent\u0117jusiems asmenims<\/a><br \/>\n<a href=\"https:\/\/socmin.lrv.lt\/lt\/veiklos-sritys\/socialine-integracija\/pagalba-nuo-nusikalstamos-veikos-nukentejusiems-asmenims\/elektroninis-leidinys-ka-turi-zinoti-nukentejes-asmuo\">K\u0105 turi \u017einoti nukent\u0117j\u0119s asmuo?<\/a><\/p>\n<p><strong>Nemokama ir konfidenciali pagalba nukent\u0117jusiems nuo nusikalstam\u0173 veik\u0173 <\/strong><\/p>\n<p><a href=\"http:\/\/www2020.vu.lt\/wp-content\/uploads\/2022\/07\/Lankstinukas-nukent\u0117jusiems-asmenims.pdf\">Lankstinukas nukent\u0117jusiems asmenims<\/a><br \/>\n<a href=\"http:\/\/www2020.vu.lt\/wp-content\/uploads\/2022\/07\/Pagalbos-s\u0105ra\u0161as-nukent\u0117jusiems.pdf\">Pagalbos s\u0105ra\u0161as nukent\u0117jusiems <\/a><br \/>\n<a href=\"http:\/\/www2020.vu.lt\/wp-content\/uploads\/2022\/07\/Pagalbos_akredituotu_istaigu_sarasas.docx\">Pagalbos akredituot\u0173 \u012fstaig\u0173 s\u0105ra\u0161as<\/a><\/p>\n","protected":false},"excerpt":{"rendered":"<p>Literat\u016bros k\u016briniai Literat\u016bros k\u016briniai 5-8 kl. Literat\u016bros chrestomatija 11\u201312 kl. Lietuvi\u0173 literat\u016bros ir istorijos \u0161altiniai Lietuvi\u0173 kalbos mokymosi kursas 5-6 klas\u0117ms Klasikin\u0117s lietuvi\u0173 literat\u016bros antologija \u0160iuolaikin\u0117s lietuvi\u0173 literat\u016bros antologija Skaitymo skatinimo programa Informaciniai \u0161altiniai Lietuvi\u0173. k mokymuisi VII &#8211; VIII &hellip; <a href=\"https:\/\/www.mickunai.vilniausr.lm.lt\/?page_id=30174&#038;lang=LT\">Skaitykite toliau <span class=\"meta-nav\">&rarr;<\/span><\/a><\/p>\n","protected":false},"author":1,"featured_media":0,"parent":0,"menu_order":15,"comment_status":"closed","ping_status":"closed","template":"","meta":[],"_links":{"self":[{"href":"https:\/\/www.mickunai.vilniausr.lm.lt\/index.php?rest_route=\/wp\/v2\/pages\/30174"}],"collection":[{"href":"https:\/\/www.mickunai.vilniausr.lm.lt\/index.php?rest_route=\/wp\/v2\/pages"}],"about":[{"href":"https:\/\/www.mickunai.vilniausr.lm.lt\/index.php?rest_route=\/wp\/v2\/types\/page"}],"author":[{"embeddable":true,"href":"https:\/\/www.mickunai.vilniausr.lm.lt\/index.php?rest_route=\/wp\/v2\/users\/1"}],"replies":[{"embeddable":true,"href":"https:\/\/www.mickunai.vilniausr.lm.lt\/index.php?rest_route=%2Fwp%2Fv2%2Fcomments&post=30174"}],"version-history":[{"count":14,"href":"https:\/\/www.mickunai.vilniausr.lm.lt\/index.php?rest_route=\/wp\/v2\/pages\/30174\/revisions"}],"predecessor-version":[{"id":33031,"href":"https:\/\/www.mickunai.vilniausr.lm.lt\/index.php?rest_route=\/wp\/v2\/pages\/30174\/revisions\/33031"}],"wp:attachment":[{"href":"https:\/\/www.mickunai.vilniausr.lm.lt\/index.php?rest_route=%2Fwp%2Fv2%2Fmedia&parent=30174"}],"curies":[{"name":"wp","href":"https:\/\/api.w.org\/{rel}","templated":true}]}}