{"id":28562,"date":"2022-01-05T10:00:27","date_gmt":"2022-01-05T10:00:27","guid":{"rendered":"http:\/\/www2020.vu.lt\/?page_id=28562"},"modified":"2023-03-02T11:36:29","modified_gmt":"2023-03-02T11:36:29","slug":"prevencine-veikla","status":"publish","type":"page","link":"https:\/\/www.mickunai.vilniausr.lm.lt\/?page_id=28562&amp;lang=LT","title":{"rendered":"Prevencin\u0117 veikla"},"content":{"rendered":"<p>Vilniaus r.Mick\u016bn\u0173 gimnazijos smurto ir paty\u010di\u0173 prevencijos ir intervencijos vykdymo tvarkos apra\u0161as<br \/>\n<a href=\"http:\/\/www2020.vu.lt\/wp-content\/uploads\/2014\/08\/PATY\u010cI\u0172-PREVENCIJOS-IR-INTERVENCIJOS-VYKDYMO-VILNIAUS-R.-MICK\u016aN\u0172-GIMNAZIJOJE-TVARKOS-APRA\u0160AS.docx\">Paty\u010di\u0173 prevencijos ir intervencijos vykdymo Vilniaus r, Mick\u016bn\u0173 gimnazijoje tvarkos apra\u0161as<\/a><br \/>\nGimnazijoje \u012fgyvendinamos socialini\u0173 ir emocini\u0173 \u012fg\u016bd\u017ei\u0173 bei kompetencij\u0173 ugdymo, paty\u010di\u0173, psichoaktyvi\u0173 med\u017eiag\u0173 vartojimo ir kitos prevencin\u0117s programos, sudarytos s\u0105lygos kiekvienam mokiniui dalyvauti bent vienoje nuoseklioje, ilgalaik\u0117je socialines ir emocines kompetencijas ugdan\u010dioje<br \/>\nprevencin\u0117je programoje, apiman\u010dioje smurto, alkoholio, tabako ir kit\u0173 psichik\u0105 veikian\u010di\u0173 med\u017eiag\u0173 vartojimo prevencij\u0105 bei sveikos gyvensenos skatinim\u0105:<br \/>\nAlkoholio, tabako ir kit\u0173 psichik\u0105 veikian\u010di\u0173 med\u017eiag\u0173 vartojimo prevencijos programa<br \/>\n<a href=\"https:\/\/www.e-tar.lt\/portal\/lt\/legalAct\/TAR.C8B5956EC3A8\">https:\/\/www.e-tar.lt\/portal\/lt\/legalAct\/TAR.C8B5956EC3A8<\/a><br \/>\nSveikatos ir lyti\u0161kumo ugdymo bei rengimo \u0161eimai bendroji programa<br \/>\n<a href=\"https:\/\/www.e-tar.lt\/portal\/lt\/legalAct\/b10c19209a9a11e69ad4c8713b612d0f\">https:\/\/www.e-tar.lt\/portal\/lt\/legalAct\/b10c19209a9a11e69ad4c8713b612d0f<\/a><\/p>\n<p>Gimnazijoje veikia elektronin\u0117 platforma, skirta mokiniams, j\u0173 t\u0117vams ir mokytojams anonimi\u0161kai prane\u0161ti apie paty\u010dias mokykloje ,,Paty\u010di\u0173 d\u0117\u017eut\u0117\u201c <a href=\"https:\/\/patyciudezute.lt\">https:\/\/patyciudezute.lt<\/a><br \/>\nKasmet kovo m\u0117nes\u012f organizuojama s\u0105moningumo didinimo akcija \u201eVeiksmo savait\u0117 be paty\u010di\u0173\u201c Daugiau informacijos apie akcij\u0105: <a href=\"http:\/\/www.bepatyciu.lt\">www.bepatyciu.lt<\/a><br \/>\nDaugiau informacijos apie prevencij\u0105 \u0160vietimo, mokslo ir sporto ministerijos<br \/>\ninterneto svetain\u0117je<br \/>\n<a href=\"https:\/\/smsm.lrv.lt\/lt\/veiklos-sritys-1\/smm-svietimas\/patyciu-ir-smurto-prevencija1\">https:\/\/smsm.lrv.lt\/lt\/veiklos-sritys-1\/smm-svietimas\/patyciu-ir-smurto-prevencija1 <\/a><br \/>\nbei Nacionalin\u0117s \u0161vietimo agent\u016bros interneto svetain\u0117je<br \/>\n<a href=\"https:\/\/www.nsa.smm.lt\/svietimo-pagalbos-departamentas\/psichologijos-skyrius\/prevencija\">https:\/\/www.nsa.smm.lt\/svietimo-pagalbos-departamentas\/psichologijos-skyrius\/prevencija<\/a><br \/>\nSmurto prevencijos \u012fgyvendinimo mokyklose rekomendacijos<br \/>\n<a href=\"https:\/\/www.e-tar.lt\/portal\/lt\/legalAct\/1da317500f9911e79800e8266c1e5d1b\">https:\/\/www.e-tar.lt\/portal\/lt\/legalAct\/1da317500f9911e79800e8266c1e5d1b<\/a><br \/>\nRekomenduojamos prevencin\u0117s programos<br \/>\n<a href=\"https:\/\/smsm.lrv.lt\/lt\/veiklos-sritys-1\/smm-svietimas\/patyciu-ir-smurto-prevencija1\/prevencines-programos\">https:\/\/smsm.lrv.lt\/lt\/veiklos-sritys-1\/smm-svietimas\/patyciu-ir-smurto-prevencija1\/prevencines-programos<\/a><br \/>\nNarkotik\u0173, tabako ir alkoholio kontrol\u0117s departamentas <a href=\"https:\/\/ntakd.lrv.lt\">https:\/\/ntakd.lrv.lt<\/a><br \/>\nA\u0161 kriti\u0161kas <a href=\"https:\/\/askritiskas.lt\">https:\/\/askritiskas.lt<\/a><br \/>\nDraugi\u0161kas internetas <a href=\"https:\/\/www.draugiskasinternetas.lt\">https:\/\/www.draugiskasinternetas.lt<\/a><br \/>\nSaugumas elektronin\u0117je erdv\u0117je <a href=\"https:\/\/www.esaugumas.lt\">https:\/\/www.esaugumas.lt<\/a><\/p>\n","protected":false},"excerpt":{"rendered":"<p>Vilniaus r.Mick\u016bn\u0173 gimnazijos smurto ir paty\u010di\u0173 prevencijos ir intervencijos vykdymo tvarkos apra\u0161as Paty\u010di\u0173 prevencijos ir intervencijos vykdymo Vilniaus r, Mick\u016bn\u0173 gimnazijoje tvarkos apra\u0161as Gimnazijoje \u012fgyvendinamos socialini\u0173 ir emocini\u0173 \u012fg\u016bd\u017ei\u0173 bei kompetencij\u0173 ugdymo, paty\u010di\u0173, psichoaktyvi\u0173 med\u017eiag\u0173 vartojimo ir kitos prevencin\u0117s programos, &hellip; <a href=\"https:\/\/www.mickunai.vilniausr.lm.lt\/?page_id=28562&#038;lang=LT\">Skaitykite toliau <span class=\"meta-nav\">&rarr;<\/span><\/a><\/p>\n","protected":false},"author":1,"featured_media":0,"parent":628,"menu_order":0,"comment_status":"closed","ping_status":"closed","template":"","meta":[],"_links":{"self":[{"href":"https:\/\/www.mickunai.vilniausr.lm.lt\/index.php?rest_route=\/wp\/v2\/pages\/28562"}],"collection":[{"href":"https:\/\/www.mickunai.vilniausr.lm.lt\/index.php?rest_route=\/wp\/v2\/pages"}],"about":[{"href":"https:\/\/www.mickunai.vilniausr.lm.lt\/index.php?rest_route=\/wp\/v2\/types\/page"}],"author":[{"embeddable":true,"href":"https:\/\/www.mickunai.vilniausr.lm.lt\/index.php?rest_route=\/wp\/v2\/users\/1"}],"replies":[{"embeddable":true,"href":"https:\/\/www.mickunai.vilniausr.lm.lt\/index.php?rest_route=%2Fwp%2Fv2%2Fcomments&post=28562"}],"version-history":[{"count":8,"href":"https:\/\/www.mickunai.vilniausr.lm.lt\/index.php?rest_route=\/wp\/v2\/pages\/28562\/revisions"}],"predecessor-version":[{"id":32089,"href":"https:\/\/www.mickunai.vilniausr.lm.lt\/index.php?rest_route=\/wp\/v2\/pages\/28562\/revisions\/32089"}],"up":[{"embeddable":true,"href":"https:\/\/www.mickunai.vilniausr.lm.lt\/index.php?rest_route=\/wp\/v2\/pages\/628"}],"wp:attachment":[{"href":"https:\/\/www.mickunai.vilniausr.lm.lt\/index.php?rest_route=%2Fwp%2Fv2%2Fmedia&parent=28562"}],"curies":[{"name":"wp","href":"https:\/\/api.w.org\/{rel}","templated":true}]}}