{"id":28136,"date":"2021-10-21T11:57:19","date_gmt":"2021-10-21T11:57:19","guid":{"rendered":"http:\/\/www2020.vu.lt\/?page_id=28136"},"modified":"2025-10-27T06:12:46","modified_gmt":"2025-10-27T06:12:46","slug":"gimnazijos-visuomenes-sveikatos-specialiste","status":"publish","type":"page","link":"https:\/\/www.mickunai.vilniausr.lm.lt\/?page_id=28136&amp;lang=LT","title":{"rendered":"Gimnazijos visuomen\u0117s sveikatos specialist\u0117"},"content":{"rendered":"<p>Vilniaus rajono Mick\u016bn\u0173 gimnazijos<br \/>\nVisuomen\u0117s sveikatos specialist\u0117s \u00a0<strong>Teresos Voinickos<\/strong> darbo laikas:<br \/>\nDarbo dienos\u00a0 \u00a0 \u00a0 \u00a0 \u00a0 \u00a0 \u00a0 \u00a0 \u00a0 \u00a0 \u00a0 \u00a0 \u00a0 Darbo laikas\u00a0 \u00a0 \u00a0 \u00a0 \u00a0 \u00a0 \u00a0 \u00a0 \u00a0 \u00a0 \u00a0 \u00a0 \u00a0 \u00a0 \u00a0 \u00a0Piet\u0173 pertrauka<br \/>\nPirmadienis<br \/>\nAntradienis\u00a0 \u00a0 \u00a0 \u00a0 \u00a0 \u00a0 \u00a0 \u00a0 \u00a0 \u00a0 \u00a0 \u00a0 \u00a0 \u00a0 \u00a0 \u00a0 6.30\u201319.30\u00a0 \u00a0 \u00a0 \u00a0 \u00a0 \u00a0 \u00a0 \u00a0 \u00a0 \u00a0 \u00a0 \u00a0 \u00a0 \u00a0 \u00a0 \u00a011.00\u201311.30 ; 15.30-16.00<br \/>\nTre\u010diadienis\u00a0 \u00a0 \u00a0 \u00a0 \u00a0 \u00a0 \u00a0 \u00a0 \u00a0 \u00a0 \u00a0 \u00a0 \u00a0 \u00a0 \u00a0 \u00a06.30\u201319.30\u00a0 \u00a0 \u00a0 \u00a0 \u00a0 \u00a0 \u00a0 \u00a0 \u00a0 \u00a0 \u00a0 \u00a0 \u00a0 \u00a0 \u00a0 \u00a011.00\u201311.30 ; 15.30-16.00<br \/>\nKetvirtadienis\u00a0 \u00a0 \u00a0 \u00a0 \u00a0 \u00a0 \u00a0 \u00a0 \u00a0 \u00a0 \u00a0 \u00a0 \u00a0 \u00a0 6.30\u201319.30\u00a0 \u00a0 \u00a0 \u00a0 \u00a0 \u00a0 \u00a0 \u00a0 \u00a0 \u00a0 \u00a0 \u00a0 \u00a0 \u00a0 \u00a0 \u00a011.00\u201311.30 ; 15.30-16.00<br \/>\nPenktadienis<\/p>\n<p><strong>Teresa Voinicka <\/strong>dirba Medicinos kabinete II auk\u0161tas<br \/>\nTel. Nr.: +37069934487, el.p.: teresa.voinicka@vrvsb.lt<\/p>\n<p>Apie specialist\u0105<br \/>\nVisuomen\u0117s sveikatos prie\u017ei\u016bros specialistas \u2013 tai profesionalas, kuris dirba siekdamas u\u017etikrinti visuomen\u0117s sveikat\u0105, vykdydamas \u012fvairias prevencines, \u0161viet\u0117ji\u0161kas ir sveikatos gerinimo veiklas. Jo pagrindin\u0117 u\u017eduotis \u2013 gerinti visuomen\u0117s sveikat\u0105, ma\u017einti lig\u0173 ir traum\u0173 da\u017en\u012f bei skatinti sveik\u0105 gyvenimo b\u016bd\u0105 per \u012fvairias programas ir iniciatyvas.<\/p>\n<p>Pagrindin\u0117s visuomen\u0117s sveikatos prie\u017ei\u016bros specialisto paslaugos ir veiklos<br \/>\nPrevencin\u0117s programos \u2013 Visuomen\u0117s sveikatos prie\u017ei\u016bros specialistas kuria ir \u012fgyvendina \u012fvairias prevencines programas, kurios padeda ma\u017einti rizik\u0105 susirgti l\u0117tin\u0117mis ligomis (pvz., \u0161irdies ir kraujagysli\u0173 ligomis, diabetu, onkologin\u0117mis ligomis) ar u\u017ekre\u010diamosiomis ligomis.<br \/>\nSveikos gyvensenos skatinimas \u2013 Specialistas organizuoja \u0161vietimo ir informacijos sklaid\u0105 apie sveik\u0105 gyvenimo b\u016bd\u0105, tinkam\u0105 mityb\u0105, fizin\u012f aktyvum\u0105, psichologin\u0119 sveikat\u0105 ir kitas svarbias sveikatos temas.<br \/>\nMokymas ir \u0161vietimas \u2013 Visuomen\u0117s sveikatos prie\u017ei\u016bros specialistas vykdo \u0161vietimo veikl\u0105, organizuodamas paskaitas, seminarus ir praktinius u\u017esi\u0117mimus, kurie padeda visuomenei geriau suprasti sveikatos prie\u017ei\u016bros klausimus, prevencijos priemones ir sveiko gyvenimo svarb\u0105.<br \/>\nLigos ir sveikatos rizik\u0173 steb\u0117sena \u2013 Stebi visuomen\u0117s sveikatos b\u016bkl\u0119, renka duomenis apie lig\u0173 da\u017en\u012f, mirtingum\u0105 ir kitas sveikatos problemas. Analizuojant \u0161iuos duomenis, jis gali nustatyti sveikatos problemas, kurios reikalauja greitos intervencijos ir papildomos prevencijos.<br \/>\nLigos protr\u016bki\u0173 valdymas \u2013 Visuomen\u0117s sveikatos prie\u017ei\u016bros specialistas dalyvauja lig\u0173 protr\u016bki\u0173 prevencijoje ir valdyme, organizuodamas vakcinacij\u0105, epidemiologinius tyrimus ir kitas prevencines priemones.<br \/>\nTarpininkavimas tarp institucij\u0173 \u2013 Specialistas bendradarbiauja su sveikatos prie\u017ei\u016bros \u012fstaigomis, savivaldyb\u0117mis, \u0161vietimo ir kitomis institucijomis, siekdamas u\u017etikrinti, kad b\u016bt\u0173 \u012fgyvendinamos visuomen\u0117s sveikatos gerinimo iniciatyvos ir teis\u0117s aktai.<br \/>\nS\u0105moningumo didinimas \u2013 Visuomen\u0117s sveikatos prie\u017ei\u016bros specialistas organizuoja kampanijas, renginius ir informacines priemones, kurios skatina visuomen\u0119 atsakingai elgtis su savo sveikata ir r\u016bpintis savo fizine bei psichologine gerove.<br \/>\nSveikatos duomen\u0173 analiz\u0117 ir ataskait\u0173 rengimas \u2013 Analizuoja surinktus sveikatos duomenis, rengia ataskaitas apie visuomen\u0117s sveikatos b\u016bkl\u0119, lig\u0173 paplitim\u0105 ir kitus svarbius sveikatos rodiklius.<br \/>\nVisuomen\u0117s sveikatos prie\u017ei\u016bros specialisto tikslas \u2013 u\u017etikrinti sveikesn\u0119 visuomen\u0119, teikti informacij\u0105 ir paslaugas, kurios pad\u0117t\u0173 suma\u017einti sveikatos problemas, skatinti prevencij\u0105 ir \u0161viesti visuomen\u0119 apie sveik\u0105 gyvenimo b\u016bd\u0105, siekiant u\u017ekirsti keli\u0105 ligoms ir pagerinti gyvenimo kokyb\u0119.<\/p>\n","protected":false},"excerpt":{"rendered":"<p>Vilniaus rajono Mick\u016bn\u0173 gimnazijos Visuomen\u0117s sveikatos specialist\u0117s \u00a0Teresos Voinickos darbo laikas: Darbo dienos\u00a0 \u00a0 \u00a0 \u00a0 \u00a0 \u00a0 \u00a0 \u00a0 \u00a0 \u00a0 \u00a0 \u00a0 \u00a0 Darbo laikas\u00a0 \u00a0 \u00a0 \u00a0 \u00a0 \u00a0 \u00a0 \u00a0 \u00a0 \u00a0 \u00a0 \u00a0 \u00a0 \u00a0 &hellip; <a href=\"https:\/\/www.mickunai.vilniausr.lm.lt\/?page_id=28136&#038;lang=LT\">Skaitykite toliau <span class=\"meta-nav\">&rarr;<\/span><\/a><\/p>\n","protected":false},"author":1,"featured_media":0,"parent":4830,"menu_order":0,"comment_status":"closed","ping_status":"closed","template":"","meta":[],"_links":{"self":[{"href":"https:\/\/www.mickunai.vilniausr.lm.lt\/index.php?rest_route=\/wp\/v2\/pages\/28136"}],"collection":[{"href":"https:\/\/www.mickunai.vilniausr.lm.lt\/index.php?rest_route=\/wp\/v2\/pages"}],"about":[{"href":"https:\/\/www.mickunai.vilniausr.lm.lt\/index.php?rest_route=\/wp\/v2\/types\/page"}],"author":[{"embeddable":true,"href":"https:\/\/www.mickunai.vilniausr.lm.lt\/index.php?rest_route=\/wp\/v2\/users\/1"}],"replies":[{"embeddable":true,"href":"https:\/\/www.mickunai.vilniausr.lm.lt\/index.php?rest_route=%2Fwp%2Fv2%2Fcomments&post=28136"}],"version-history":[{"count":13,"href":"https:\/\/www.mickunai.vilniausr.lm.lt\/index.php?rest_route=\/wp\/v2\/pages\/28136\/revisions"}],"predecessor-version":[{"id":39999,"href":"https:\/\/www.mickunai.vilniausr.lm.lt\/index.php?rest_route=\/wp\/v2\/pages\/28136\/revisions\/39999"}],"up":[{"embeddable":true,"href":"https:\/\/www.mickunai.vilniausr.lm.lt\/index.php?rest_route=\/wp\/v2\/pages\/4830"}],"wp:attachment":[{"href":"https:\/\/www.mickunai.vilniausr.lm.lt\/index.php?rest_route=%2Fwp%2Fv2%2Fmedia&parent=28136"}],"curies":[{"name":"wp","href":"https:\/\/api.w.org\/{rel}","templated":true}]}}