{"id":28102,"date":"2021-10-05T08:22:05","date_gmt":"2021-10-05T08:22:05","guid":{"rendered":"http:\/\/www2020.vu.lt\/?page_id=28102"},"modified":"2022-01-05T11:20:08","modified_gmt":"2022-01-05T11:20:08","slug":"obuolio-draugai","status":"publish","type":"page","link":"https:\/\/www.mickunai.vilniausr.lm.lt\/?page_id=28102&amp;lang=LT","title":{"rendered":"&#8222;Obuolio draugai&#8221;"},"content":{"rendered":"<p> Tarptautin\u0117 programa \u201eObuolio draugai\u201c yra ilgai lauktas programos \u201eZipio draugai\u201c t\u0119sinys, skirtas jau vyresniems vaikams, t.y. 8 \u2013 10 met\u0173. Dabar \u0161ios dvi programos apsijungia \u012f vien\u0105 t\u0119stin\u0119 dvej\u0173 met\u0173 vaik\u0173 emocini\u0173 ir elgesio problem\u0173 prevencijos program\u0105, kurios pirmoji dalis yra \u201eZipio draug\u0173\u201c program\u0105, o antroji \u2013 \u201eObuolio draug\u0173\u201c programa.<br \/>\nProgram\u0105 \u201eObuolio draugai\u201c sudaro \u0161e\u0161ios dalys arba temos: \u201eJausmai\u201c, \u201eBendravi\u00admas\u201c, \u201eDraugyst\u0117\u201c, \u201eProblem\u0173 sprendimas\u201c, \u201ePoky\u010diai\u201c ir \u201eMes galime \u012fveikti.\u201c  Kiekvienai temai skirtos 4 valand\u0117l\u0117s, kuri\u0173 kie\u00adkvienos trukm\u0117 \u2013 45 minut\u0117s. Valand\u0117les vienus mokslo metus vaikams klas\u0117je veda specialiai paruo\u0161tas \u012fgyvendinti program\u0105 vaik\u0173 klas\u0117s ar grup\u0117s pedagogas.<\/p>\n<p>Programa \u201eObuolio draugai\u201c padeda ugdyti vaik\u0173 socialinius ir emocini\u0173 sunkum\u0173 \u012fveikimo geb\u0117jimus: moko vaikus suvokti ir kalb\u0117ti apie jausmus, pasakyti tai, k\u0105 nori pasakyti, \u012fd\u0117miai i\u0161klausyti, susidraugauti ir i\u0161saugoti draugyst\u0119, kreiptis pagalbos ir pad\u0117ti aplinkiniams, \u012fveikti vieni\u0161um\u0105, atst\u016bmim\u0105, paty\u010dias ar priekabiavim\u0105, spr\u0119sti konfliktus, lengviau i\u0161gyventi pasikeitimus, netektis ir netgi mirt\u012f.<\/p>\n<p>Programa \u201eObuolio draugai\u201c pedagogams si\u016blo vis\u0105 sistem\u0105 gerai apgalvot\u0173 u\u017edavini\u0173, b\u016bd\u0173 ir metod\u0173 bei konkre\u010di\u0173 praktini\u0173 u\u017eduo\u010di\u0173, kuriuos \u012fvald\u0119s pedagogas gali efektyviai pad\u0117ti vaikui i\u0161siugdyti kasdieniam jo gyvenimui ir bendravimui taip reikalingus socialinius geb\u0117jimus.<br \/>\nDagiau informacijos rasite \u010dia: <a href=\"http:\/\/www2020.vu.lt\/?page_id=28102&#038;lang=LT\">INFORMACJA<\/a><\/p>\n<p><a href=\"http:\/\/www2020.vu.lt\/wp-content\/uploads\/2021\/10\/obuolio-draugai.png\"><img decoding=\"async\" loading=\"lazy\" src=\"http:\/\/www2020.vu.lt\/wp-content\/uploads\/2021\/10\/obuolio-draugai.png\" alt=\"obuolio-draugai\" width=\"982\" height=\"150\" class=\"aligncenter size-full wp-image-28566\" srcset=\"https:\/\/www.mickunai.vilniausr.lm.lt\/wp-content\/uploads\/2021\/10\/obuolio-draugai.png 982w, https:\/\/www.mickunai.vilniausr.lm.lt\/wp-content\/uploads\/2021\/10\/obuolio-draugai-300x46.png 300w, https:\/\/www.mickunai.vilniausr.lm.lt\/wp-content\/uploads\/2021\/10\/obuolio-draugai-768x117.png 768w\" sizes=\"(max-width: 982px) 100vw, 982px\" \/><\/a><br \/>\n<a href=\"http:\/\/www2020.vu.lt\/wp-content\/uploads\/2021\/10\/Be-pavadinimo.jpg\"><img decoding=\"async\" loading=\"lazy\" src=\"http:\/\/www2020.vu.lt\/wp-content\/uploads\/2021\/10\/Be-pavadinimo-300x204.jpg\" alt=\"be-pavadinimo\" width=\"300\" height=\"204\" class=\"aligncenter size-medium wp-image-28103\" srcset=\"https:\/\/www.mickunai.vilniausr.lm.lt\/wp-content\/uploads\/2021\/10\/Be-pavadinimo-300x204.jpg 300w, https:\/\/www.mickunai.vilniausr.lm.lt\/wp-content\/uploads\/2021\/10\/Be-pavadinimo-768x522.jpg 768w, https:\/\/www.mickunai.vilniausr.lm.lt\/wp-content\/uploads\/2021\/10\/Be-pavadinimo.jpg 967w\" sizes=\"(max-width: 300px) 100vw, 300px\" \/><\/a><\/p>\n","protected":false},"excerpt":{"rendered":"<p>Tarptautin\u0117 programa \u201eObuolio draugai\u201c yra ilgai lauktas programos \u201eZipio draugai\u201c t\u0119sinys, skirtas jau vyresniems vaikams, t.y. 8 \u2013 10 met\u0173. Dabar \u0161ios dvi programos apsijungia \u012f vien\u0105 t\u0119stin\u0119 dvej\u0173 met\u0173 vaik\u0173 emocini\u0173 ir elgesio problem\u0173 prevencijos program\u0105, kurios pirmoji dalis &hellip; <a href=\"https:\/\/www.mickunai.vilniausr.lm.lt\/?page_id=28102&#038;lang=LT\">Skaitykite toliau <span class=\"meta-nav\">&rarr;<\/span><\/a><\/p>\n","protected":false},"author":1,"featured_media":0,"parent":28562,"menu_order":0,"comment_status":"closed","ping_status":"closed","template":"","meta":[],"_links":{"self":[{"href":"https:\/\/www.mickunai.vilniausr.lm.lt\/index.php?rest_route=\/wp\/v2\/pages\/28102"}],"collection":[{"href":"https:\/\/www.mickunai.vilniausr.lm.lt\/index.php?rest_route=\/wp\/v2\/pages"}],"about":[{"href":"https:\/\/www.mickunai.vilniausr.lm.lt\/index.php?rest_route=\/wp\/v2\/types\/page"}],"author":[{"embeddable":true,"href":"https:\/\/www.mickunai.vilniausr.lm.lt\/index.php?rest_route=\/wp\/v2\/users\/1"}],"replies":[{"embeddable":true,"href":"https:\/\/www.mickunai.vilniausr.lm.lt\/index.php?rest_route=%2Fwp%2Fv2%2Fcomments&post=28102"}],"version-history":[{"count":7,"href":"https:\/\/www.mickunai.vilniausr.lm.lt\/index.php?rest_route=\/wp\/v2\/pages\/28102\/revisions"}],"predecessor-version":[{"id":28570,"href":"https:\/\/www.mickunai.vilniausr.lm.lt\/index.php?rest_route=\/wp\/v2\/pages\/28102\/revisions\/28570"}],"up":[{"embeddable":true,"href":"https:\/\/www.mickunai.vilniausr.lm.lt\/index.php?rest_route=\/wp\/v2\/pages\/28562"}],"wp:attachment":[{"href":"https:\/\/www.mickunai.vilniausr.lm.lt\/index.php?rest_route=%2Fwp%2Fv2%2Fmedia&parent=28102"}],"curies":[{"name":"wp","href":"https:\/\/api.w.org\/{rel}","templated":true}]}}