{"id":27556,"date":"2021-04-07T10:37:11","date_gmt":"2021-04-07T10:37:11","guid":{"rendered":"http:\/\/www2020.vu.lt\/?page_id=27556"},"modified":"2026-02-23T16:38:53","modified_gmt":"2026-02-23T16:38:53","slug":"vadoveliu-ir-mokymo-priemoniu-isigijimas","status":"publish","type":"page","link":"https:\/\/www.mickunai.vilniausr.lm.lt\/?page_id=27556&amp;lang=LT","title":{"rendered":"Vadov\u0117li\u0173 ir mokymo priemoni\u0173 \u012fsigijimas"},"content":{"rendered":"<p><a href=\"http:\/\/www2020.vu.lt\/wp-content\/uploads\/2021\/04\/VADOV\u0116LI\u0172-IR-MOKYMO-PRIEMONI\u0172-\u012eSIGIJIMAS-2019-M.-1.docx\">Vadov\u0117li\u0173 ir mokymo priemoni\u0173 \u012fsigijimas 2019 m.<\/a><\/p>\n<p><a href=\"http:\/\/www2020.vu.lt\/wp-content\/uploads\/2021\/04\/VADOV\u0116LI\u0172-IR-MOKYMO-PRIEMONI\u0172-\u012eSIGIJIMAS-2020-M..docx\">Vadov\u0117li\u0173 ir mokymo priemoni\u0173 \u012fsigijimas 2020 m.<\/a><\/p>\n<p><a href=\"http:\/\/www2020.vu.lt\/wp-content\/uploads\/2021\/04\/bibliotekos-sarasas.docx\">Vadov\u0117li\u0173 ir mokymo priemoni\u0173 \u012fsigijimas 2021 m.<\/a><\/p>\n<p><a href=\"http:\/\/www2020.vu.lt\/wp-content\/uploads\/2021\/04\/BENDRAS-su-saitais.docx\">Vadov\u0117li\u0173 ir mokymo priemoni\u0173 \u012fsigijimas 2022 m.<\/a><\/p>\n<p><a href=\"http:\/\/www.mickunai.vilniausr.lm.lt\/wp-content\/uploads\/2021\/04\/Vadov\u0117liu-mokymo-priemoniu-isigijimas-2023.docx\">Vadov\u0117li\u0173 ir mokymo priemoni\u0173 \u012fsigijimas 2023 m.<\/a><\/p>\n<p><a href=\"https:\/\/www.mickunai.vilniausr.lm.lt\/wp-content\/uploads\/2025\/02\/Vadoveliu-mokymo-priemoniu-isigijimas-2024.docx\">Vadov\u0117li\u0173 ir mokymo priemoni\u0173 \u012fsigijimas 2024 m.<\/a><\/p>\n<p><a href=\"https:\/\/www.mickunai.vilniausr.lm.lt\/wp-content\/uploads\/2026\/02\/Vadoveliu-mokymo-priemoniu-isigijimas-2025.docx\">Vadov\u0117li\u0173 ir mokymo priemoni\u0173 \u012fsigijimas 2025 m.<\/a><\/p>\n","protected":false},"excerpt":{"rendered":"<p>Vadov\u0117li\u0173 ir mokymo priemoni\u0173 \u012fsigijimas 2019 m. Vadov\u0117li\u0173 ir mokymo priemoni\u0173 \u012fsigijimas 2020 m. Vadov\u0117li\u0173 ir mokymo priemoni\u0173 \u012fsigijimas 2021 m. Vadov\u0117li\u0173 ir mokymo priemoni\u0173 \u012fsigijimas 2022 m. Vadov\u0117li\u0173 ir mokymo priemoni\u0173 \u012fsigijimas 2023 m. Vadov\u0117li\u0173 ir mokymo priemoni\u0173 \u012fsigijimas &hellip; <a href=\"https:\/\/www.mickunai.vilniausr.lm.lt\/?page_id=27556&#038;lang=LT\">Skaitykite toliau <span class=\"meta-nav\">&rarr;<\/span><\/a><\/p>\n","protected":false},"author":1,"featured_media":0,"parent":504,"menu_order":0,"comment_status":"closed","ping_status":"closed","template":"","meta":[],"_links":{"self":[{"href":"https:\/\/www.mickunai.vilniausr.lm.lt\/index.php?rest_route=\/wp\/v2\/pages\/27556"}],"collection":[{"href":"https:\/\/www.mickunai.vilniausr.lm.lt\/index.php?rest_route=\/wp\/v2\/pages"}],"about":[{"href":"https:\/\/www.mickunai.vilniausr.lm.lt\/index.php?rest_route=\/wp\/v2\/types\/page"}],"author":[{"embeddable":true,"href":"https:\/\/www.mickunai.vilniausr.lm.lt\/index.php?rest_route=\/wp\/v2\/users\/1"}],"replies":[{"embeddable":true,"href":"https:\/\/www.mickunai.vilniausr.lm.lt\/index.php?rest_route=%2Fwp%2Fv2%2Fcomments&post=27556"}],"version-history":[{"count":21,"href":"https:\/\/www.mickunai.vilniausr.lm.lt\/index.php?rest_route=\/wp\/v2\/pages\/27556\/revisions"}],"predecessor-version":[{"id":40826,"href":"https:\/\/www.mickunai.vilniausr.lm.lt\/index.php?rest_route=\/wp\/v2\/pages\/27556\/revisions\/40826"}],"up":[{"embeddable":true,"href":"https:\/\/www.mickunai.vilniausr.lm.lt\/index.php?rest_route=\/wp\/v2\/pages\/504"}],"wp:attachment":[{"href":"https:\/\/www.mickunai.vilniausr.lm.lt\/index.php?rest_route=%2Fwp%2Fv2%2Fmedia&parent=27556"}],"curies":[{"name":"wp","href":"https:\/\/api.w.org\/{rel}","templated":true}]}}