{"id":26105,"date":"2020-06-15T12:11:49","date_gmt":"2020-06-15T12:11:49","guid":{"rendered":"http:\/\/www2020.vu.lt\/?page_id=26105"},"modified":"2020-06-17T07:19:32","modified_gmt":"2020-06-17T07:19:32","slug":"projektas-sok-i-tevu-klumpes","status":"publish","type":"page","link":"https:\/\/www.mickunai.vilniausr.lm.lt\/?page_id=26105&amp;lang=LT","title":{"rendered":"Projektas ,,\u0160ok \u012f t\u0117v\u0173 klumpes&#8221;"},"content":{"rendered":"<p style=\"text-align: left;\">\n<a href=\"http:\/\/www2020.vu.lt\/wp-content\/uploads\/2020\/06\/Untitled.jpg\"><img decoding=\"async\" loading=\"lazy\" src=\"http:\/\/www2020.vu.lt\/wp-content\/uploads\/2020\/06\/Untitled.jpg\" alt=\"untitled\" width=\"200\" height=\"201\" class=\"aligncenter size-full wp-image-26121\" srcset=\"https:\/\/www.mickunai.vilniausr.lm.lt\/wp-content\/uploads\/2020\/06\/Untitled.jpg 200w, https:\/\/www.mickunai.vilniausr.lm.lt\/wp-content\/uploads\/2020\/06\/Untitled-150x150.jpg 150w\" sizes=\"(max-width: 200px) 100vw, 200px\" \/><\/a><br \/>\nLietuvos mokini\u0173 neformaliojo \u0161vietimo centras 5 metus inicijuoja visuotin\u0119 atvir\u0173 dur\u0173 dien\u0105 t\u0117v\u0173 darboviet\u0117se \u201e\u0160ok \u012f t\u0117v\u0173 klumpes\u201c. Karjeros ugdymui konsultant\u0117 Tatjana Ko\u017eenevska ir bibliotekinink\u0117 Alia Lebedeva kartu su mokiniais jau ne pirmus metus dalyvauja \u0161ioje iniciatyvoje, tik \u0161iais metais susitikimus teko organizuoti nuotoliniu b\u016bdu. D\u0117kojame t\u0117veliams Jolantai Dainoravi\u010dienei, Bo\u017eenai Jerenkevi\u010d, Vsevolodui Kudriavcevui u\u017e bendradarbiavim\u0105.<\/p>\n<p style=\"text-align: center;\">INFORMACIJA APIE PROJETO DALYVIUS RASITE \u010cIA:<br \/>\n<a href=\"http:\/\/www2020.vu.lt\/wp-content\/uploads\/2020\/06\/Bo\u017eena-Jerenkevi\u010d.doc\">Bo\u017eena Jerenkevi\u010d<\/a><\/p>\n<p style=\"text-align: center;\"><a href=\"http:\/\/www2020.vu.lt\/wp-content\/uploads\/2020\/06\/Jolanta-Dainoravi\u010dien\u0117.docx\">Jolanta Dainoravi\u010dien\u0117<\/a><\/p>\n<p style=\"text-align: center;\"><a href=\"http:\/\/www2020.vu.lt\/wp-content\/uploads\/2020\/06\/Vsevolod-Kudriavcev.doc\">Vsevolod kKdriavcev<\/a><\/p>\n","protected":false},"excerpt":{"rendered":"<p>Lietuvos mokini\u0173 neformaliojo \u0161vietimo centras 5 metus inicijuoja visuotin\u0119 atvir\u0173 dur\u0173 dien\u0105 t\u0117v\u0173 darboviet\u0117se \u201e\u0160ok \u012f t\u0117v\u0173 klumpes\u201c. Karjeros ugdymui konsultant\u0117 Tatjana Ko\u017eenevska ir bibliotekinink\u0117 Alia Lebedeva kartu su mokiniais jau ne pirmus metus dalyvauja \u0161ioje iniciatyvoje, tik \u0161iais metais &hellip; <a href=\"https:\/\/www.mickunai.vilniausr.lm.lt\/?page_id=26105&#038;lang=LT\">Skaitykite toliau <span class=\"meta-nav\">&rarr;<\/span><\/a><\/p>\n","protected":false},"author":1,"featured_media":0,"parent":822,"menu_order":0,"comment_status":"closed","ping_status":"closed","template":"","meta":[],"_links":{"self":[{"href":"https:\/\/www.mickunai.vilniausr.lm.lt\/index.php?rest_route=\/wp\/v2\/pages\/26105"}],"collection":[{"href":"https:\/\/www.mickunai.vilniausr.lm.lt\/index.php?rest_route=\/wp\/v2\/pages"}],"about":[{"href":"https:\/\/www.mickunai.vilniausr.lm.lt\/index.php?rest_route=\/wp\/v2\/types\/page"}],"author":[{"embeddable":true,"href":"https:\/\/www.mickunai.vilniausr.lm.lt\/index.php?rest_route=\/wp\/v2\/users\/1"}],"replies":[{"embeddable":true,"href":"https:\/\/www.mickunai.vilniausr.lm.lt\/index.php?rest_route=%2Fwp%2Fv2%2Fcomments&post=26105"}],"version-history":[{"count":5,"href":"https:\/\/www.mickunai.vilniausr.lm.lt\/index.php?rest_route=\/wp\/v2\/pages\/26105\/revisions"}],"predecessor-version":[{"id":26123,"href":"https:\/\/www.mickunai.vilniausr.lm.lt\/index.php?rest_route=\/wp\/v2\/pages\/26105\/revisions\/26123"}],"up":[{"embeddable":true,"href":"https:\/\/www.mickunai.vilniausr.lm.lt\/index.php?rest_route=\/wp\/v2\/pages\/822"}],"wp:attachment":[{"href":"https:\/\/www.mickunai.vilniausr.lm.lt\/index.php?rest_route=%2Fwp%2Fv2%2Fmedia&parent=26105"}],"curies":[{"name":"wp","href":"https:\/\/api.w.org\/{rel}","templated":true}]}}