{"id":26093,"date":"2020-06-15T11:58:33","date_gmt":"2020-06-15T11:58:33","guid":{"rendered":"http:\/\/www2020.vu.lt\/?page_id=26093"},"modified":"2020-06-15T12:10:33","modified_gmt":"2020-06-15T12:10:33","slug":"mepa","status":"publish","type":"page","link":"https:\/\/www.mickunai.vilniausr.lm.lt\/?page_id=26093&amp;lang=LT","title":{"rendered":"MEPA"},"content":{"rendered":"<p><a href=\"http:\/\/www2020.vu.lt\/wp-content\/uploads\/2020\/06\/Untitled.png\"><img decoding=\"async\" loading=\"lazy\" class=\"aligncenter size-full wp-image-26097\" src=\"http:\/\/www2020.vu.lt\/wp-content\/uploads\/2020\/06\/Untitled.png\" alt=\"untitled\" width=\"279\" height=\"282\" \/><\/a><\/p>\n<p style=\"text-align: center;\">INFORMACIJ\u0104 APIE PROJEKT\u0104 RASITE \u010cIA:<br \/>\n<a href=\"http:\/\/www2020.vu.lt\/wp-content\/uploads\/2020\/06\/bendri-mepa-projekto-reikalavimai-1.docx\">BENDRI REIKALAVIMAI<\/a><\/p>\n<p style=\"text-align: center;\"><a href=\"http:\/\/www2020.vu.lt\/wp-content\/uploads\/2020\/06\/Mepa-dla-Jolanty-wyslac.docx\">INFORMACIJA 1<\/a><\/p>\n<p style=\"text-align: center;\">Kaip susisiekti su ES?<br \/>\nINTERNETU:<br \/>\nInformacija visomis Europos S\u0105jungos oficialiomis kalbomis teikiama svetain\u0117je Europa<br \/>\nhttps:\/\/europa.eu<br \/>\nASMENI\u0160KAI:<br \/>\nVisoje Europoje yra \u0161imtai vietini\u0173 ES informacijos centr\u0173. Artimiausio centro adres\u0105 rasite svetain\u0117je<br \/>\nhttps:\/\/europa.eu\/european-union\/contact\/meet-us_lt<br \/>\nPER LEIDINIUS APIE EUROP\u0104<br \/>\nhttps:\/\/publications.europa.eu\/en\/home<br \/>\nPER EUROPOS KOMISIJOS ATSTOVYBES<br \/>\nhttps:\/\/ec.europa.eu\/commission\/index_lt<br \/>\nPER EUROPOS PARLAMENTO INFORMACIJOS BIURUS<br \/>\nhttp:\/\/www.europarl.europa.eu\/at-your-service\/lt\/stay-informed\/liaison-offices-in-your-country<br \/>\nPER EUROPOS S\u0104JUNGOS DELEGACIJAS<br \/>\nhttps:\/\/eeas.europa.eu\/headquarters\/headquarters-homepage\/area\/geo_en<\/p>\n","protected":false},"excerpt":{"rendered":"<p>INFORMACIJ\u0104 APIE PROJEKT\u0104 RASITE \u010cIA: BENDRI REIKALAVIMAI INFORMACIJA 1 Kaip susisiekti su ES? INTERNETU: Informacija visomis Europos S\u0105jungos oficialiomis kalbomis teikiama svetain\u0117je Europa https:\/\/europa.eu ASMENI\u0160KAI: Visoje Europoje yra \u0161imtai vietini\u0173 ES informacijos centr\u0173. Artimiausio centro adres\u0105 rasite svetain\u0117je https:\/\/europa.eu\/european-union\/contact\/meet-us_lt PER &hellip; <a href=\"https:\/\/www.mickunai.vilniausr.lm.lt\/?page_id=26093&#038;lang=LT\">Skaitykite toliau <span class=\"meta-nav\">&rarr;<\/span><\/a><\/p>\n","protected":false},"author":1,"featured_media":0,"parent":822,"menu_order":0,"comment_status":"closed","ping_status":"closed","template":"","meta":[],"_links":{"self":[{"href":"https:\/\/www.mickunai.vilniausr.lm.lt\/index.php?rest_route=\/wp\/v2\/pages\/26093"}],"collection":[{"href":"https:\/\/www.mickunai.vilniausr.lm.lt\/index.php?rest_route=\/wp\/v2\/pages"}],"about":[{"href":"https:\/\/www.mickunai.vilniausr.lm.lt\/index.php?rest_route=\/wp\/v2\/types\/page"}],"author":[{"embeddable":true,"href":"https:\/\/www.mickunai.vilniausr.lm.lt\/index.php?rest_route=\/wp\/v2\/users\/1"}],"replies":[{"embeddable":true,"href":"https:\/\/www.mickunai.vilniausr.lm.lt\/index.php?rest_route=%2Fwp%2Fv2%2Fcomments&post=26093"}],"version-history":[{"count":6,"href":"https:\/\/www.mickunai.vilniausr.lm.lt\/index.php?rest_route=\/wp\/v2\/pages\/26093\/revisions"}],"predecessor-version":[{"id":26104,"href":"https:\/\/www.mickunai.vilniausr.lm.lt\/index.php?rest_route=\/wp\/v2\/pages\/26093\/revisions\/26104"}],"up":[{"embeddable":true,"href":"https:\/\/www.mickunai.vilniausr.lm.lt\/index.php?rest_route=\/wp\/v2\/pages\/822"}],"wp:attachment":[{"href":"https:\/\/www.mickunai.vilniausr.lm.lt\/index.php?rest_route=%2Fwp%2Fv2%2Fmedia&parent=26093"}],"curies":[{"name":"wp","href":"https:\/\/api.w.org\/{rel}","templated":true}]}}