{"id":25351,"date":"2020-03-24T19:18:47","date_gmt":"2020-03-24T19:18:47","guid":{"rendered":"http:\/\/www2020.vu.lt\/?page_id=25351"},"modified":"2022-10-06T16:09:45","modified_gmt":"2022-10-06T16:09:45","slug":"nuotolinis-mokymas","status":"publish","type":"page","link":"https:\/\/www.mickunai.vilniausr.lm.lt\/?page_id=25351&amp;lang=LT","title":{"rendered":"Nuotolinis mokymas"},"content":{"rendered":"<p><a href=\"http:\/\/www2020.vu.lt\/wp-content\/uploads\/2020\/03\/IMG-5812.jpg\"><img decoding=\"async\" loading=\"lazy\" src=\"http:\/\/www2020.vu.lt\/wp-content\/uploads\/2020\/03\/IMG-5812.jpg\" alt=\"img-5812\" width=\"1920\" height=\"1080\" class=\"aligncenter size-full wp-image-25408\" srcset=\"https:\/\/www.mickunai.vilniausr.lm.lt\/wp-content\/uploads\/2020\/03\/IMG-5812.jpg 1920w, https:\/\/www.mickunai.vilniausr.lm.lt\/wp-content\/uploads\/2020\/03\/IMG-5812-300x169.jpg 300w, https:\/\/www.mickunai.vilniausr.lm.lt\/wp-content\/uploads\/2020\/03\/IMG-5812-768x432.jpg 768w, https:\/\/www.mickunai.vilniausr.lm.lt\/wp-content\/uploads\/2020\/03\/IMG-5812-1024x576.jpg 1024w\" sizes=\"(max-width: 1920px) 100vw, 1920px\" \/><\/a><br \/>\nVadovaudamasi \u0161vietimo, mokslo ir sporto ministro 2020 m. kovo 16 d. \u012fsakymu Nr. V-372 \u201eD\u0117l rekomendacij\u0173 d\u0117l ugdymo proceso organizavimo nuotoliniu b\u016bdu patvirtinimo\u201c :<br \/>\n1. T v i r t i n u gimnazijos pasirengimo organizuoti ugdymo proces\u0105 nuotoliniu b\u016bdu priemoni\u0173 plan\u0105 (pridedama).<br \/>\n2. S k i r i u skaitmenini\u0173 technologij\u0173 koordinatorius, kurie konsultuos mokytojus ir mokinius technologij\u0173 naudojimo klausimais:<br \/>\n2.1. Jolant\u0105 Kozlovskien\u0119, informacini\u0173 technologij\u0173 mokytoj\u0105, prie\u0161mokyklinio bei pradinio ugdymo <strong>(1-4 kl.) <\/strong>koordinatore, <strong>kozlovskiene@gmail.com<\/strong><br \/>\n2.2. Leonard\u0105 Syrnick\u012f, informacini\u0173 technologij\u0173 mokytoj\u0105 metodinink\u0105, <strong>5-IVG<\/strong> klasi\u0173 koordinatoriumi. <strong>leosmckn@gmail.com<\/strong><br \/>\n3. \u012e p a r e i g o j u informacini\u0173 technologij\u0173 mokytoj\u0105 Jolant\u0105 Kozlovskien\u0119 paskelbti gimnazijos interneto svetain\u0117je kontaktin\u0119 informacij\u0105, kur mokytojai ir mokiniai gal\u0117t\u0173 kreiptis \u012f skaitmenini\u0173 technologij\u0173 koordinatorius d\u0117l technin\u0117s pagalbos.<br \/>\n<strong>PRIDEDAMA:<\/strong><br \/>\n<a href=\"http:\/\/www2020.vu.lt\/wp-content\/uploads\/2020\/03\/Laisvai-prieinamos-metodines-priemones.pdf\">Laisvai prieinamos meodin\u0117s priemon\u0117s<\/a><br \/>\n<a href=\"http:\/\/www2020.vu.lt\/wp-content\/uploads\/2020\/03\/Mokymo-nuotol.-b.-taisykl..pdf\">Mick\u016bn\u0173 gimnazijos nuotolinio mokymosi taisykl\u0117s<\/a><br \/>\n<a href=\"http:\/\/www2020.vu.lt\/wp-content\/uploads\/2020\/03\/NM_elgesio_internete_taisykles-1.docx\">Nutolinio mokymo elgesio internete taisykl\u0117s<\/a><br \/>\n<a href=\"http:\/\/www2020.vu.lt\/wp-content\/uploads\/2020\/03\/NM_priemoniu_planas.doc\">Nuotolinio mokymo priemoni\u0173 planas<\/a><\/p>\n","protected":false},"excerpt":{"rendered":"<p>Vadovaudamasi \u0161vietimo, mokslo ir sporto ministro 2020 m. kovo 16 d. \u012fsakymu Nr. V-372 \u201eD\u0117l rekomendacij\u0173 d\u0117l ugdymo proceso organizavimo nuotoliniu b\u016bdu patvirtinimo\u201c : 1. T v i r t i n u gimnazijos pasirengimo organizuoti ugdymo proces\u0105 nuotoliniu b\u016bdu &hellip; <a href=\"https:\/\/www.mickunai.vilniausr.lm.lt\/?page_id=25351&#038;lang=LT\">Skaitykite toliau <span class=\"meta-nav\">&rarr;<\/span><\/a><\/p>\n","protected":false},"author":1,"featured_media":0,"parent":628,"menu_order":0,"comment_status":"closed","ping_status":"closed","template":"","meta":[],"_links":{"self":[{"href":"https:\/\/www.mickunai.vilniausr.lm.lt\/index.php?rest_route=\/wp\/v2\/pages\/25351"}],"collection":[{"href":"https:\/\/www.mickunai.vilniausr.lm.lt\/index.php?rest_route=\/wp\/v2\/pages"}],"about":[{"href":"https:\/\/www.mickunai.vilniausr.lm.lt\/index.php?rest_route=\/wp\/v2\/types\/page"}],"author":[{"embeddable":true,"href":"https:\/\/www.mickunai.vilniausr.lm.lt\/index.php?rest_route=\/wp\/v2\/users\/1"}],"replies":[{"embeddable":true,"href":"https:\/\/www.mickunai.vilniausr.lm.lt\/index.php?rest_route=%2Fwp%2Fv2%2Fcomments&post=25351"}],"version-history":[{"count":23,"href":"https:\/\/www.mickunai.vilniausr.lm.lt\/index.php?rest_route=\/wp\/v2\/pages\/25351\/revisions"}],"predecessor-version":[{"id":25366,"href":"https:\/\/www.mickunai.vilniausr.lm.lt\/index.php?rest_route=\/wp\/v2\/pages\/25351\/revisions\/25366"}],"up":[{"embeddable":true,"href":"https:\/\/www.mickunai.vilniausr.lm.lt\/index.php?rest_route=\/wp\/v2\/pages\/628"}],"wp:attachment":[{"href":"https:\/\/www.mickunai.vilniausr.lm.lt\/index.php?rest_route=%2Fwp%2Fv2%2Fmedia&parent=25351"}],"curies":[{"name":"wp","href":"https:\/\/api.w.org\/{rel}","templated":true}]}}