{"id":25251,"date":"2020-03-12T13:28:52","date_gmt":"2020-03-12T13:28:52","guid":{"rendered":"http:\/\/www2020.vu.lt\/?page_id=25251"},"modified":"2023-03-02T12:54:08","modified_gmt":"2023-03-02T12:54:08","slug":"maitinimas","status":"publish","type":"page","link":"https:\/\/www.mickunai.vilniausr.lm.lt\/?page_id=25251&amp;lang=LT","title":{"rendered":"Maitinimas"},"content":{"rendered":"<p><em>Nuo rugs\u0117jo 1 d. visiems vaikams, ugdomiems pagal prie\u0161mokyklinio ugdymo program\u0105, ir pirmokams bei antrokams mokykloje organizuojami nemokami piet\u016bs.<\/em><\/p>\n<p><strong>Vaik\u0173 maitinimas \u012fstaigoje organizuojamas remiantis \u0161iais teis\u0117s aktais:<\/strong><br \/>\n<a href=\"https:\/\/www.e-tar.lt\/portal\/lt\/legalAct\/TAR.3B14F18E2B3C\/asr\">Vaik\u0173 maitinimo organizavimo tvarkos apra\u0161as, patvirtintas Lietuvos Respublikos sveikatos apsaugos ministro<\/a><\/p>\n<p><a href=\"https:\/\/www.e-tar.lt\/portal\/lt\/legalAct\/74662f40444811eb8d9fe110e148c770\">Maitinimo organizavimo Vilniaus rajono savivaldyb\u0117s bendrojo ugdymo mokyklose tvarkos apra\u0161as<\/a><\/p>\n<p><a href=\"https:\/\/www.e-tar.lt\/portal\/lt\/legalAct\/75765a502e9b11e9b66f85227a03f7a3\">Mokini\u0173 nemokamo maitinimo mokyklose tvarkos apra\u0161as<\/a><\/p>\n<p><a href=\"https:\/\/www.e-tar.lt\/portal\/lt\/legalAct\/1e7019b08cd111ed8df094f359a60216\">Mokini\u0173 nemokamam maitinimui skirtiems produktams \u012fsigyti skiriam\u0173 vienai dienai vienam mokiniui l\u0117\u0161\u0173 dydis<\/a><\/p>\n<p><a href=\"https:\/\/www.e-tar.lt\/portal\/lt\/legalAct\/7bf8d610608d11e79198ffdb108a3753\/asr\">Mokes\u010dio u\u017e vaiko maitinim\u0105 ir ugdymo reikmi\u0173 tenkinim\u0105 Vilniaus rajono savivaldyb\u0117s \u0161vietimo \u012fstaigose, \u012fgyvendinan\u010diose ikimokyklinio ir prie\u0161mokyklinio ugdymo programas, nustatymo tvarkos apra\u0161as<\/a><\/p>\n<p><a href=\"http:\/\/www2020.vu.lt\/wp-content\/uploads\/2020\/03\/D\u0117l-maitinimo-organizavimo-ikimokyklinio-ugdymo-bendrojo-ugdymo-mokyklose-ir-vaik\u0173-socialin\u0117s-globos-\u012fstaigose-tvarkos-apra\u0161o-patvirtinimo.docx\"> MAITINIMO ORGANIZAVIMO IKIMOKYKLINIO UGDYMO, BENDROJO UGDYMO MOKYKLOSE IR VAIK\u0172 SOCIALIN\u0116S GLOBOS \u012eSTAIGOSE TVARKOS APRA\u0160AS<\/a><\/p>\n<p><strong>Pridedama:<\/strong><br \/>\n<a href=\"http:\/\/www2020.vu.lt\/wp-content\/uploads\/2020\/03\/5-7-m.-am\u017eiaus-grup\u0117.pdf\">Vilniaus r. Mick\u016bn\u0173 gimnazijos valgyklos 5-7 met\u0173 mokini\u0173 valgiara\u0161tis<\/a><br \/>\n<a href=\"http:\/\/www2020.vu.lt\/wp-content\/uploads\/2020\/03\/15-dien\u0173-valgiara\u0161tis-7-8-m.-am\u017eiaus-grup\u0117.pdf\">Vilniaus r. Mick\u016bn\u0173 gimnazijos valgyklos 7-8 met\u0173 mokini\u0173 valgiara\u0161tis<\/a><\/p>\n<p>Informacija apie mokini\u0173 maitinim\u0105 Vilniaus rajono savivaldyb\u0117s interneto svetain\u0117je<br \/>\n<a href=\"https:\/\/www.vrsa.lt\/svietimas\/svietimo-istaigu-paslaugos\/mokiniu-maitinimas\/923\">https:\/\/www.vrsa.lt\/svietimas\/svietimo-istaigu-paslaugos\/mokiniu-maitinimas\/923<\/a><\/p>\n","protected":false},"excerpt":{"rendered":"<p>Nuo rugs\u0117jo 1 d. visiems vaikams, ugdomiems pagal prie\u0161mokyklinio ugdymo program\u0105, ir pirmokams bei antrokams mokykloje organizuojami nemokami piet\u016bs. Vaik\u0173 maitinimas \u012fstaigoje organizuojamas remiantis \u0161iais teis\u0117s aktais: Vaik\u0173 maitinimo organizavimo tvarkos apra\u0161as, patvirtintas Lietuvos Respublikos sveikatos apsaugos ministro Maitinimo organizavimo &hellip; <a href=\"https:\/\/www.mickunai.vilniausr.lm.lt\/?page_id=25251&#038;lang=LT\">Skaitykite toliau <span class=\"meta-nav\">&rarr;<\/span><\/a><\/p>\n","protected":false},"author":1,"featured_media":0,"parent":828,"menu_order":0,"comment_status":"closed","ping_status":"closed","template":"","meta":[],"_links":{"self":[{"href":"https:\/\/www.mickunai.vilniausr.lm.lt\/index.php?rest_route=\/wp\/v2\/pages\/25251"}],"collection":[{"href":"https:\/\/www.mickunai.vilniausr.lm.lt\/index.php?rest_route=\/wp\/v2\/pages"}],"about":[{"href":"https:\/\/www.mickunai.vilniausr.lm.lt\/index.php?rest_route=\/wp\/v2\/types\/page"}],"author":[{"embeddable":true,"href":"https:\/\/www.mickunai.vilniausr.lm.lt\/index.php?rest_route=\/wp\/v2\/users\/1"}],"replies":[{"embeddable":true,"href":"https:\/\/www.mickunai.vilniausr.lm.lt\/index.php?rest_route=%2Fwp%2Fv2%2Fcomments&post=25251"}],"version-history":[{"count":10,"href":"https:\/\/www.mickunai.vilniausr.lm.lt\/index.php?rest_route=\/wp\/v2\/pages\/25251\/revisions"}],"predecessor-version":[{"id":32111,"href":"https:\/\/www.mickunai.vilniausr.lm.lt\/index.php?rest_route=\/wp\/v2\/pages\/25251\/revisions\/32111"}],"up":[{"embeddable":true,"href":"https:\/\/www.mickunai.vilniausr.lm.lt\/index.php?rest_route=\/wp\/v2\/pages\/828"}],"wp:attachment":[{"href":"https:\/\/www.mickunai.vilniausr.lm.lt\/index.php?rest_route=%2Fwp%2Fv2%2Fmedia&parent=25251"}],"curies":[{"name":"wp","href":"https:\/\/api.w.org\/{rel}","templated":true}]}}