{"id":25244,"date":"2020-03-12T13:18:19","date_gmt":"2020-03-12T13:18:19","guid":{"rendered":"http:\/\/www2020.vu.lt\/?page_id=25244"},"modified":"2026-03-10T13:34:26","modified_gmt":"2026-03-10T13:34:26","slug":"direktoriaus-ataskaitos","status":"publish","type":"page","link":"https:\/\/www.mickunai.vilniausr.lm.lt\/?page_id=25244&amp;lang=LT","title":{"rendered":"Direktoriaus ataskaitos"},"content":{"rendered":"<p><a href=\"https:\/\/www.mickunai.vilniausr.lm.lt\/wp-content\/uploads\/2026\/03\/Malgozata-R.-1.pdf\">Vilniaus r. Mick\u016bn\u0173 gimnazijos direktor\u0117s Malgo\u017eatos Radevi\u010d met\u0173 veiklos ataskaita 2025 m.<\/a><\/p>\n<p><a href=\"https:\/\/www.mickunai.vilniausr.lm.lt\/wp-content\/uploads\/2026\/03\/mickunu-gim.-malgozata-radevic_redacted2024.pdf\">Vilniaus r. Mick\u016bn\u0173 gimnazijos direktor\u0117s Malgo\u017eatos Radevi\u010d met\u0173 veiklos ataskaita 2024 m.<\/a><\/p>\n<p><a href=\"https:\/\/www.mickunai.vilniausr.lm.lt\/wp-content\/uploads\/2026\/03\/mickunu-gimnazija-2023.pdf\">Vilniaus r. Mick\u016bn\u0173 gimnazijos direktor\u0117s Malgo\u017eatos Radevi\u010d met\u0173 veiklos ataskaita 2023 m.<\/a><\/p>\n<p><a href=\"http:\/\/www.mickunai.vilniausr.lm.lt\/wp-content\/uploads\/2020\/03\/malgozata-radevic-22METU-veiklos-ataskaita.pdf\">Vilniaus r. Mick\u016bn\u0173 gimnazijos direktor\u0117s Malgo\u017eatos Radevi\u010d met\u0173 veiklos ataskaita 2022 m.<\/a><\/p>\n<p><a href=\"http:\/\/www.mickunai.vilniausr.lm.lt\/wp-content\/uploads\/2020\/03\/vilniaus-r.-mickunu-gimnazijos-DIREKTORIAUS-ATASKAITA-2021.pdf\">Vilniaus r. Mick\u016bn\u0173 gimnazijos direktor\u0117s Malgo\u017eatos Radevi\u010d met\u0173 veiklos ataskaita 2021 m.<\/a><\/p>\n<p><a href=\"http:\/\/www2020.vu.lt\/wp-content\/uploads\/2020\/03\/Mick\u016bn\u0173-gimnazija-Direktor\u0117s-M.-Radevi\u010d-atasakaita.pdf\">Vilniaus r. Mick\u016bn\u0173 gimnazijos direktor\u0117s Malgo\u017eatos Radevi\u010d met\u0173 veiklos ataskaita 2020 m.<\/a><\/p>\n<p><a href=\"http:\/\/www2020.vu.lt\/wp-content\/uploads\/2019\/05\/ataskaita.pdf\">Vilniaus r. Mick\u016bn\u0173 gimnazijos direktor\u0117s Malgo\u017eatos Radevi\u010d met\u0173 veiklos ataskaita 2019 m.<\/a><\/p>\n<p><a href=\"http:\/\/www2020.vu.lt\/wp-content\/uploads\/2014\/08\/Direktoriaus-veiklos-ataskaita-2018.docx\">Vilniaus r. Mick\u016bn\u0173 gimnazijos direktor\u0117s Malgo\u017eatos Radevi\u010d met\u0173 veiklos ataskaita 2018 m.<\/a><\/p>\n","protected":false},"excerpt":{"rendered":"<p>Vilniaus r. Mick\u016bn\u0173 gimnazijos direktor\u0117s Malgo\u017eatos Radevi\u010d met\u0173 veiklos ataskaita 2025 m. Vilniaus r. Mick\u016bn\u0173 gimnazijos direktor\u0117s Malgo\u017eatos Radevi\u010d met\u0173 veiklos ataskaita 2024 m. Vilniaus r. Mick\u016bn\u0173 gimnazijos direktor\u0117s Malgo\u017eatos Radevi\u010d met\u0173 veiklos ataskaita 2023 m. Vilniaus r. Mick\u016bn\u0173 gimnazijos &hellip; <a href=\"https:\/\/www.mickunai.vilniausr.lm.lt\/?page_id=25244&#038;lang=LT\">Skaitykite toliau <span class=\"meta-nav\">&rarr;<\/span><\/a><\/p>\n","protected":false},"author":1,"featured_media":0,"parent":736,"menu_order":0,"comment_status":"closed","ping_status":"closed","template":"","meta":[],"_links":{"self":[{"href":"https:\/\/www.mickunai.vilniausr.lm.lt\/index.php?rest_route=\/wp\/v2\/pages\/25244"}],"collection":[{"href":"https:\/\/www.mickunai.vilniausr.lm.lt\/index.php?rest_route=\/wp\/v2\/pages"}],"about":[{"href":"https:\/\/www.mickunai.vilniausr.lm.lt\/index.php?rest_route=\/wp\/v2\/types\/page"}],"author":[{"embeddable":true,"href":"https:\/\/www.mickunai.vilniausr.lm.lt\/index.php?rest_route=\/wp\/v2\/users\/1"}],"replies":[{"embeddable":true,"href":"https:\/\/www.mickunai.vilniausr.lm.lt\/index.php?rest_route=%2Fwp%2Fv2%2Fcomments&post=25244"}],"version-history":[{"count":13,"href":"https:\/\/www.mickunai.vilniausr.lm.lt\/index.php?rest_route=\/wp\/v2\/pages\/25244\/revisions"}],"predecessor-version":[{"id":40929,"href":"https:\/\/www.mickunai.vilniausr.lm.lt\/index.php?rest_route=\/wp\/v2\/pages\/25244\/revisions\/40929"}],"up":[{"embeddable":true,"href":"https:\/\/www.mickunai.vilniausr.lm.lt\/index.php?rest_route=\/wp\/v2\/pages\/736"}],"wp:attachment":[{"href":"https:\/\/www.mickunai.vilniausr.lm.lt\/index.php?rest_route=%2Fwp%2Fv2%2Fmedia&parent=25244"}],"curies":[{"name":"wp","href":"https:\/\/api.w.org\/{rel}","templated":true}]}}