{"id":25239,"date":"2020-03-12T13:12:54","date_gmt":"2020-03-12T13:12:54","guid":{"rendered":"http:\/\/www2020.vu.lt\/?page_id=25239"},"modified":"2023-03-01T13:02:04","modified_gmt":"2023-03-01T13:02:04","slug":"pagrindinis-ugdymas","status":"publish","type":"page","link":"https:\/\/www.mickunai.vilniausr.lm.lt\/?page_id=25239&amp;lang=LT","title":{"rendered":"Pagrindinis ugdymas"},"content":{"rendered":"<p>\nGimnazija, formuodama gimnazijos pagrindinio ugdymo programos turini, si\u016blo<br \/>\nmokiniams rinktis dalyko modulius, pasirenkam\u0105ji dalyk\u0105 &#8211; nacionalini saugum\u0105 ir kra\u0161to<br \/>\ngynyb\u0105.<br \/>\nMokykla, igyvendindama pagrindinio ugdymo programos ugdymo turini didina iki 10<br \/>\nprocent\u0173 dalykui mokyti skiriam\u0173 pamok\u0173 skai\u010di\u0173.<br \/>\nGimnazijos I-II klas\u0117se bendr\u0105 klasei skirt\u0105 pamok\u0173 skai\u010di\u0173 tarp dalyk\u0173 paskirstyti<br \/>\nkitaip, nei nurodoma Bendr\u0173j\u0173 ugdymo plan\u0173 109 punkte, i\u0161laikant t\u0105 pati dalyk\u0173 skai\u010di\u0173 ir nevir\u0161ijant maksimalaus mokiniui skiriamo pamok\u0173 skai\u010diaus per dvejus mokslo metus,<br \/>\nGimnazija skiria \u017emogaus saugos dalykui: 5, 7 klas\u0117je (po 1 val.) ir IG klas\u0117je (0,5 val.).<br \/>\nSprendimas suderintas su Vilniaus rajono savivaldyb\u0117s administracijos \u0161vietimo skyriumi.<br \/>\nPenktos klas\u0117s mokiniams skiriamas 2 m\u0117nesi\u0173 adaptacinis laikotarpis. Adaptacinio<br \/>\nlaikotarpio 1 m\u0117nesi mokini\u0173 pa\u017eanga bei pasiekimai pa\u017eymiais nevertinami bei netikrinami kontroliniais darbais, mokytojas taiko individualius mokini\u0173 pa\u017einimo metodus. Antr\u0105j\u012f m\u0117nesi \u0161i\u0173 mokini\u0173 pa\u017eanga bei pasiekimai nevertinami nepatenkinamais pa\u017eymiais.<\/p>\n<p>Pagrindinio ugdymo programa gimnazijoje  \u012fgyvendinama remiantis Pagrindinio ugdymo bendrosiomis programomis<br \/>\n<a href=\"https:\/\/www.e-tar.lt\/portal\/lt\/legalAct\/1a764050239511edb4cae1b158f98ea5\">https:\/\/www.e-tar.lt\/portal\/lt\/legalAct\/1a764050239511edb4cae1b158f98ea5<\/a><br \/>\nDaugiau informacijos apie pagrindin\u012f ugdym\u0105 Vilniaus rajono savivaldyb\u0117s<br \/>\ninterneto svetain\u0117je<br \/>\n<a href=\"https:\/\/www.vrsa.lt\/svietimas\/bendrasis-ir-neformalusis-ugdymas\/bendrasis- ugdymas\/930\">https:\/\/www.vrsa.lt\/svietimas\/bendrasis-ir-neformalusis-ugdymas\/bendrasis- ugdymas\/930<\/a><br \/>\nbei \u0160vietimo, mokslo ir sporto ministerijos interneto svetain\u0117je<br \/>\n<a href=\"https:\/\/smsm.lrv.lt\/lt\/veiklos-sritys-1\/smm-svietimas\/svietimas-pagrindinis-ugdymas\">https:\/\/smsm.lrv.lt\/lt\/veiklos-sritys-1\/smm-svietimas\/svietimas-pagrindinis-ugdymas<\/a><\/p>\n","protected":false},"excerpt":{"rendered":"<p>Gimnazija, formuodama gimnazijos pagrindinio ugdymo programos turini, si\u016blo mokiniams rinktis dalyko modulius, pasirenkam\u0105ji dalyk\u0105 &#8211; nacionalini saugum\u0105 ir kra\u0161to gynyb\u0105. Mokykla, igyvendindama pagrindinio ugdymo programos ugdymo turini didina iki 10 procent\u0173 dalykui mokyti skiriam\u0173 pamok\u0173 skai\u010di\u0173. Gimnazijos I-II klas\u0117se bendr\u0105 &hellip; <a href=\"https:\/\/www.mickunai.vilniausr.lm.lt\/?page_id=25239&#038;lang=LT\">Skaitykite toliau <span class=\"meta-nav\">&rarr;<\/span><\/a><\/p>\n","protected":false},"author":1,"featured_media":0,"parent":795,"menu_order":0,"comment_status":"closed","ping_status":"closed","template":"","meta":[],"_links":{"self":[{"href":"https:\/\/www.mickunai.vilniausr.lm.lt\/index.php?rest_route=\/wp\/v2\/pages\/25239"}],"collection":[{"href":"https:\/\/www.mickunai.vilniausr.lm.lt\/index.php?rest_route=\/wp\/v2\/pages"}],"about":[{"href":"https:\/\/www.mickunai.vilniausr.lm.lt\/index.php?rest_route=\/wp\/v2\/types\/page"}],"author":[{"embeddable":true,"href":"https:\/\/www.mickunai.vilniausr.lm.lt\/index.php?rest_route=\/wp\/v2\/users\/1"}],"replies":[{"embeddable":true,"href":"https:\/\/www.mickunai.vilniausr.lm.lt\/index.php?rest_route=%2Fwp%2Fv2%2Fcomments&post=25239"}],"version-history":[{"count":11,"href":"https:\/\/www.mickunai.vilniausr.lm.lt\/index.php?rest_route=\/wp\/v2\/pages\/25239\/revisions"}],"predecessor-version":[{"id":32042,"href":"https:\/\/www.mickunai.vilniausr.lm.lt\/index.php?rest_route=\/wp\/v2\/pages\/25239\/revisions\/32042"}],"up":[{"embeddable":true,"href":"https:\/\/www.mickunai.vilniausr.lm.lt\/index.php?rest_route=\/wp\/v2\/pages\/795"}],"wp:attachment":[{"href":"https:\/\/www.mickunai.vilniausr.lm.lt\/index.php?rest_route=%2Fwp%2Fv2%2Fmedia&parent=25239"}],"curies":[{"name":"wp","href":"https:\/\/api.w.org\/{rel}","templated":true}]}}