{"id":25237,"date":"2020-03-12T13:12:17","date_gmt":"2020-03-12T13:12:17","guid":{"rendered":"http:\/\/www2020.vu.lt\/?page_id=25237"},"modified":"2023-03-01T12:59:23","modified_gmt":"2023-03-01T12:59:23","slug":"pradinis-ugdymas","status":"publish","type":"page","link":"https:\/\/www.mickunai.vilniausr.lm.lt\/?page_id=25237&amp;lang=LT","title":{"rendered":"Pradinis ugdymas"},"content":{"rendered":"<p>&nbsp;<br \/>\nUgdymo proceso organizavimo forma &#8211; pamoka, taip pat mokytojai gali pasirinkti<br \/>\nintegruoto ugdymo laikotarp\u012f (mokymo dienos ar savait\u0117s) projektui arba k\u016brybinei veiklai organizuoti.<br \/>\n1 klas\u0117s ugdomoji dienos veikla yra ne ilgesn\u0117 nei 5 ugdymo valandos, o 2-4 klasi\u0173 &#8211; 6<br \/>\nvalandos. 2-4 klasi\u0173 pamokos trukm\u0117 &#8211; 45 min., 1 klas\u0117s &#8211; 35 minut\u0117s.<br \/>\nNumatytos pertraukos, skirtos mokini\u0173 poilsiui: dvi &#8211; 20 min., kit\u0173 pertrauk\u0173 trukm\u0117 -10 min. Gimnazijoje ugdymo procesas vyksta lenk\u0173 kalba.<br \/>\nDalyk\u0173 mokymas: t\u0117vai (glob\u0117jai) i\u0161rinko mokiniams dorinio ugdymo dalyk\u0105 -tikyb\u0105.<br \/>\n1-4 klasi\u0173 lietuvi\u0173 kalbos mokymas vykdomas vadovaujantis Ugdymo lietuvi\u0173 kalba<br \/>\nbendrojo ugdymo ir neformaliojo \u0161vietimo mokykloje tvarkos apra\u0161u, patvirtintu Lietuvos Respublikos \u0161vietimo ir mokslo ministro 2011 m. spalio 1a d. isakymu Nr. V-1856 ,,D\u0117l Ugdymo lietuvi\u0173 kalba bendrojo ugdymo ir neformaliojo \u0161vietimo mokykloje tvarkos apra\u0161o patvirtinimo&#8221;. 2 klas\u0117s t\u0117vai (glob\u0117jai) i\u0161rinko mokiniams u\u017esienio kalb\u0105 &#8211; angl\u0173.<br \/>\nT\u0117v\u0173 (globej\u0173) pageidavimu pasaulio pa\u017einimo temos, susijusios su Lietuvos istorija,<br \/>\ngeografija, kult\u016bra d\u0117stomos gimt\u0105ja (lenk\u0173) kalba.<\/p>\n<p>Pradinio ugdymo programa gimnazijoje \u012fgyvendinama remiantis Pradinio ugdymo bendrosiomis programomis<br \/>\n<a href=\"https:\/\/www.e-tar.lt\/portal\/lt\/legalAct\/1a764050239511edb4cae1b158f98ea5\">https:\/\/www.e-tar.lt\/portal\/lt\/legalAct\/1a764050239511edb4cae1b158f98ea5<\/a><br \/>\nDaugiau informacijos apie pradin\u012f ugdym\u0105 Vilniaus rajono savivaldyb\u0117s<br \/>\ninterneto svetain\u0117je<br \/>\n<a href=\"https:\/\/www.vrsa.lt\/svietimas\/bendrasis-ir-neformalusis-ugdymas\/bendrasis-ugdymas\/930\">https:\/\/www.vrsa.lt\/svietimas\/bendrasis-ir-neformalusis-ugdymas\/bendrasis-ugdymas\/930<\/a><br \/>\nbei \u0160vietimo, mokslo ir sporto ministerijos interneto svetain\u0117je<br \/>\n<a href=\"https:\/\/smsm.lrv.lt\/lt\/veiklos-sritys-1\/smm-svietimas\/svietimas-pradinis-ugdymas\">https:\/\/smsm.lrv.lt\/lt\/veiklos-sritys-1\/smm-svietimas\/svietimas-pradinis-ugdymas<\/a><\/p>\n","protected":false},"excerpt":{"rendered":"<p>&nbsp; Ugdymo proceso organizavimo forma &#8211; pamoka, taip pat mokytojai gali pasirinkti integruoto ugdymo laikotarp\u012f (mokymo dienos ar savait\u0117s) projektui arba k\u016brybinei veiklai organizuoti. 1 klas\u0117s ugdomoji dienos veikla yra ne ilgesn\u0117 nei 5 ugdymo valandos, o 2-4 klasi\u0173 &#8211; &hellip; <a href=\"https:\/\/www.mickunai.vilniausr.lm.lt\/?page_id=25237&#038;lang=LT\">Skaitykite toliau <span class=\"meta-nav\">&rarr;<\/span><\/a><\/p>\n","protected":false},"author":1,"featured_media":0,"parent":795,"menu_order":0,"comment_status":"closed","ping_status":"closed","template":"","meta":[],"_links":{"self":[{"href":"https:\/\/www.mickunai.vilniausr.lm.lt\/index.php?rest_route=\/wp\/v2\/pages\/25237"}],"collection":[{"href":"https:\/\/www.mickunai.vilniausr.lm.lt\/index.php?rest_route=\/wp\/v2\/pages"}],"about":[{"href":"https:\/\/www.mickunai.vilniausr.lm.lt\/index.php?rest_route=\/wp\/v2\/types\/page"}],"author":[{"embeddable":true,"href":"https:\/\/www.mickunai.vilniausr.lm.lt\/index.php?rest_route=\/wp\/v2\/users\/1"}],"replies":[{"embeddable":true,"href":"https:\/\/www.mickunai.vilniausr.lm.lt\/index.php?rest_route=%2Fwp%2Fv2%2Fcomments&post=25237"}],"version-history":[{"count":6,"href":"https:\/\/www.mickunai.vilniausr.lm.lt\/index.php?rest_route=\/wp\/v2\/pages\/25237\/revisions"}],"predecessor-version":[{"id":32038,"href":"https:\/\/www.mickunai.vilniausr.lm.lt\/index.php?rest_route=\/wp\/v2\/pages\/25237\/revisions\/32038"}],"up":[{"embeddable":true,"href":"https:\/\/www.mickunai.vilniausr.lm.lt\/index.php?rest_route=\/wp\/v2\/pages\/795"}],"wp:attachment":[{"href":"https:\/\/www.mickunai.vilniausr.lm.lt\/index.php?rest_route=%2Fwp%2Fv2%2Fmedia&parent=25237"}],"curies":[{"name":"wp","href":"https:\/\/api.w.org\/{rel}","templated":true}]}}